{"id":18637,"date":"2025-12-22T15:48:19","date_gmt":"2025-12-22T18:48:19","guid":{"rendered":"https:\/\/disma.ar\/clientes\/?post_type=product&#038;p=18637"},"modified":"2026-02-11T13:49:08","modified_gmt":"2026-02-11T16:49:08","slug":"auricular-bluetooth-vincha-manos-libres-microfono-negro","status":"publish","type":"product","link":"https:\/\/disma.ar\/clientes\/producto\/auricular-bluetooth-vincha-manos-libres-microfono-negro\/","title":{"rendered":"AURICULAR BLUETOOTH VINCHA MANOS LIBRES MICROFONO NEGRO"},"content":{"rendered":"<p>Auricular Bluetooth P500 dise\u00f1o Premium, sonido envolvente y m\u00e1ximo confort. Dale un Upgrade a tu experiencia auditiva con los auriculares P500, dise\u00f1ados para quienes buscan calidad, comodidad y estilo sin pagar dem\u00e1s. Sonido envolvente de alta fidelidad. Gracias a su estructura ergon\u00f3mica cerrada y sus almohadillas de gran tama\u00f1o ofrecen un audio envolvente ideal para m\u00fasica, series pel\u00edculas y llamadas. Dise\u00f1o ergon\u00f3mico, con almohadillas flexible, las orejas se ajustan suavemente a su forma sin presionar, cubren completamente la oreja para dejar mejor el sonido exterior y dar una experiencia c\u00f3moda incluso otras horas de uso. Bater\u00eda de la regulaci\u00f3n disfruta de varias horas de m\u00fasica continua sin preocuparte por la carga. Perfecto para llevar al trabajo, viajar o entrenar. Conectividad Bluetooth estable r\u00e1pida, compatible con todo el dispositivo Bluetooth, celular, tablets, notebook, Smart TV etc. sincronizaci\u00f3n r\u00e1pida y sin cortes, controles integrados al alcance de tu mano, botones laterales descritos para controlar el volumen, cambiar de pista o responder llamadas sin tocar el celular.<\/p>\n","protected":false},"excerpt":{"rendered":"<p>Auricular Bluetooth P500 dise\u00f1o Premium, sonido envolvente y m\u00e1ximo confort. Dale un Upgrade a tu experiencia auditiva con los auriculares P500, dise\u00f1ados para quienes buscan calidad, comodidad y estilo sin pagar dem\u00e1s. Sonido envolvente de alta fidelidad. Gracias a su estructura ergon\u00f3mica cerrada y sus almohadillas de gran tama\u00f1o ofrecen un audio envolvente ideal para [&hellip;]<\/p>\n","protected":false},"featured_media":18638,"comment_status":"open","ping_status":"closed","template":"","meta":[],"product_brand":[],"product_cat":[33],"product_tag":[],"class_list":{"0":"post-18637","1":"product","2":"type-product","3":"status-publish","4":"has-post-thumbnail","6":"product_cat-auriculares-bluetooth","8":"first","9":"instock","10":"shipping-taxable","11":"purchasable","12":"product-type-simple"},"_links":{"self":[{"href":"https:\/\/disma.ar\/clientes\/wp-json\/wp\/v2\/product\/18637","targetHints":{"allow":["GET"]}}],"collection":[{"href":"https:\/\/disma.ar\/clientes\/wp-json\/wp\/v2\/product"}],"about":[{"href":"https:\/\/disma.ar\/clientes\/wp-json\/wp\/v2\/types\/product"}],"replies":[{"embeddable":true,"href":"https:\/\/disma.ar\/clientes\/wp-json\/wp\/v2\/comments?post=18637"}],"wp:featuredmedia":[{"embeddable":true,"href":"https:\/\/disma.ar\/clientes\/wp-json\/wp\/v2\/media\/18638"}],"wp:attachment":[{"href":"https:\/\/disma.ar\/clientes\/wp-json\/wp\/v2\/media?parent=18637"}],"wp:term":[{"taxonomy":"product_brand","embeddable":true,"href":"https:\/\/disma.ar\/clientes\/wp-json\/wp\/v2\/product_brand?post=18637"},{"taxonomy":"product_cat","embeddable":true,"href":"https:\/\/disma.ar\/clientes\/wp-json\/wp\/v2\/product_cat?post=18637"},{"taxonomy":"product_tag","embeddable":true,"href":"https:\/\/disma.ar\/clientes\/wp-json\/wp\/v2\/product_tag?post=18637"}],"curies":[{"name":"wp","href":"https:\/\/api.w.org\/{rel}","templated":true}]}}