{"id":18635,"date":"2025-12-22T15:43:41","date_gmt":"2025-12-22T18:43:41","guid":{"rendered":"https:\/\/disma.ar\/clientes\/?post_type=product&#038;p=18635"},"modified":"2026-02-11T13:49:08","modified_gmt":"2026-02-11T16:49:08","slug":"soporte-tv-led-lcd-de-techo-26-60-vesa-100x100-200x200-200x300-300x300-200x400-300x400-400x400","status":"publish","type":"product","link":"https:\/\/disma.ar\/clientes\/producto\/soporte-tv-led-lcd-de-techo-26-60-vesa-100x100-200x200-200x300-300x300-200x400-300x400-400x400\/","title":{"rendered":"SOPORTE TV LED LCD DE TECHO 26&#8243;-60&#8243; VESA 100X100 200X200 200X300 300X300 200X400 300X400 400X400"},"content":{"rendered":"<p>Tipo de movimiento: Giratorio Color: Negro Talla m\u00ednima compatible: 26 Pulgadas a 60&#8243;<\/p>\n<p>Acerca de este producto<\/p>\n<p>*Material: Construido en acero laminado en fr\u00edo de color negro, resistente y duradero.<\/p>\n<p>*Dise\u00f1o: Este soporte para TV de techo es articulado y orientable.<\/p>\n<p>*Pulgadas TV: Indicado para televisores de 26 a 60 pulgadas y compatible con VESA.<\/p>\n<p>*Carga m\u00e1xima: Soporta hasta 45 kg de peso.<\/p>\n<p>*Instalaci\u00f3n: Sencilla y r\u00e1pida, apto para techos de yeso, escayola, madera o fibra.<\/p>\n","protected":false},"excerpt":{"rendered":"<p>Tipo de movimiento: Giratorio Color: Negro Talla m\u00ednima compatible: 26 Pulgadas a 60&#8243; Acerca de este producto *Material: Construido en acero laminado en fr\u00edo de color negro, resistente y duradero. *Dise\u00f1o: Este soporte para TV de techo es articulado y orientable. *Pulgadas TV: Indicado para televisores de 26 a 60 pulgadas y compatible con VESA. [&hellip;]<\/p>\n","protected":false},"featured_media":18636,"comment_status":"open","ping_status":"closed","template":"","meta":[],"product_brand":[],"product_cat":[311],"product_tag":[],"class_list":{"0":"post-18635","1":"product","2":"type-product","3":"status-publish","4":"has-post-thumbnail","6":"product_cat-soportes-lcd-moviles","8":"first","9":"instock","10":"shipping-taxable","11":"purchasable","12":"product-type-simple"},"_links":{"self":[{"href":"https:\/\/disma.ar\/clientes\/wp-json\/wp\/v2\/product\/18635","targetHints":{"allow":["GET"]}}],"collection":[{"href":"https:\/\/disma.ar\/clientes\/wp-json\/wp\/v2\/product"}],"about":[{"href":"https:\/\/disma.ar\/clientes\/wp-json\/wp\/v2\/types\/product"}],"replies":[{"embeddable":true,"href":"https:\/\/disma.ar\/clientes\/wp-json\/wp\/v2\/comments?post=18635"}],"wp:featuredmedia":[{"embeddable":true,"href":"https:\/\/disma.ar\/clientes\/wp-json\/wp\/v2\/media\/18636"}],"wp:attachment":[{"href":"https:\/\/disma.ar\/clientes\/wp-json\/wp\/v2\/media?parent=18635"}],"wp:term":[{"taxonomy":"product_brand","embeddable":true,"href":"https:\/\/disma.ar\/clientes\/wp-json\/wp\/v2\/product_brand?post=18635"},{"taxonomy":"product_cat","embeddable":true,"href":"https:\/\/disma.ar\/clientes\/wp-json\/wp\/v2\/product_cat?post=18635"},{"taxonomy":"product_tag","embeddable":true,"href":"https:\/\/disma.ar\/clientes\/wp-json\/wp\/v2\/product_tag?post=18635"}],"curies":[{"name":"wp","href":"https:\/\/api.w.org\/{rel}","templated":true}]}}