{"id":18605,"date":"2025-12-19T11:08:27","date_gmt":"2025-12-19T14:08:27","guid":{"rendered":"https:\/\/disma.ar\/clientes\/?post_type=product&#038;p=18605"},"modified":"2026-04-30T10:54:50","modified_gmt":"2026-04-30T13:54:50","slug":"estacion-base-de-disco-duro-doble-hdd-sata-ide-2-5-3-5-usb-c-3-0-sin-fuente-carga-por-mini-usbp","status":"publish","type":"product","link":"https:\/\/disma.ar\/clientes\/producto\/estacion-base-de-disco-duro-doble-hdd-sata-ide-2-5-3-5-usb-c-3-0-sin-fuente-carga-por-mini-usbp\/","title":{"rendered":"ESTACION BASE DE DISCO DURO DOBLE HDD SATA\/IDE 2.5&#8243;\/3.5&#8243; USB C 3.0 SIN FUENTE CARGA POR MINI USB(P)"},"content":{"rendered":"<p>DOCKING DISCOS SATA IDE 2.5\u201d 3.5\u201d USB 3.0<\/p>\n<p>BASE MULTIFUNCI\u00d3N HDD CON COPIA DE SEGURIDAD DE UN BOT\u00d3N, CLONACI\u00d3N DE DISCOS DUROS DE ALTA VELOCIDAD<\/p>\n<p>ALL IN 1 HDD DOCKING<\/p>\n<p>Modelo: 575U3D<\/p>\n<p>Interfaz de salida: USB 3.0 IDE a SATA<\/p>\n<p>Power: Entrada 100-240V, 50\/60HZ 1A Salida 12V3A<\/p>\n<p>Compatible con USB 1.1, 2.0, 3.0, SATA y SATA II.<\/p>\n<p>Tasa de transferencia de datos usb 2.0 de alta velocidad de hasta 480Mb\/s(Max)<\/p>\n<p>Tasa de transferencia SATA II dde hasta 1.5 GB\/3GB\/s<\/p>\n<p>Tasa de transferencia de datos usb 3.de hasta 5Gb\/s.<\/p>\n<p>Compatible con discos duros SATA de 2.5\u201d\/3.5\u201d y 2.5\u201d\/3.5\u201d IDE.<\/p>\n<p>Funci\u00f3n copia de seguridad con un solo toque, solo en el puerto USB.<\/p>\n<p>Indicador led de alimentaci\u00f3n<\/p>\n<p>Soporta: Windows 98\/ 98SE\/ME\/2000\/XP\/VISTA\/7\/8\/10 Y MAC OS 9.0 O SUPERIOR<\/p>\n<p>IMPORTANTE: Para clonar se hace entre un disco IDE y uno SATA.<\/p>\n","protected":false},"excerpt":{"rendered":"<p>DOCKING DISCOS SATA IDE 2.5\u201d 3.5\u201d USB 3.0 BASE MULTIFUNCI\u00d3N HDD CON COPIA DE SEGURIDAD DE UN BOT\u00d3N, CLONACI\u00d3N DE DISCOS DUROS DE ALTA VELOCIDAD ALL IN 1 HDD DOCKING Modelo: 575U3D Interfaz de salida: USB 3.0 IDE a SATA Power: Entrada 100-240V, 50\/60HZ 1A Salida 12V3A Compatible con USB 1.1, 2.0, 3.0, SATA y [&hellip;]<\/p>\n","protected":false},"featured_media":18606,"comment_status":"open","ping_status":"closed","template":"","meta":[],"product_brand":[],"product_cat":[265],"product_tag":[],"class_list":{"0":"post-18605","1":"product","2":"type-product","3":"status-publish","4":"has-post-thumbnail","6":"product_cat-memorias-micro-sd-transflash","8":"first","9":"instock","10":"shipping-taxable","11":"purchasable","12":"product-type-simple"},"_links":{"self":[{"href":"https:\/\/disma.ar\/clientes\/wp-json\/wp\/v2\/product\/18605","targetHints":{"allow":["GET"]}}],"collection":[{"href":"https:\/\/disma.ar\/clientes\/wp-json\/wp\/v2\/product"}],"about":[{"href":"https:\/\/disma.ar\/clientes\/wp-json\/wp\/v2\/types\/product"}],"replies":[{"embeddable":true,"href":"https:\/\/disma.ar\/clientes\/wp-json\/wp\/v2\/comments?post=18605"}],"wp:featuredmedia":[{"embeddable":true,"href":"https:\/\/disma.ar\/clientes\/wp-json\/wp\/v2\/media\/18606"}],"wp:attachment":[{"href":"https:\/\/disma.ar\/clientes\/wp-json\/wp\/v2\/media?parent=18605"}],"wp:term":[{"taxonomy":"product_brand","embeddable":true,"href":"https:\/\/disma.ar\/clientes\/wp-json\/wp\/v2\/product_brand?post=18605"},{"taxonomy":"product_cat","embeddable":true,"href":"https:\/\/disma.ar\/clientes\/wp-json\/wp\/v2\/product_cat?post=18605"},{"taxonomy":"product_tag","embeddable":true,"href":"https:\/\/disma.ar\/clientes\/wp-json\/wp\/v2\/product_tag?post=18605"}],"curies":[{"name":"wp","href":"https:\/\/api.w.org\/{rel}","templated":true}]}}