{"id":18592,"date":"2025-12-19T10:16:41","date_gmt":"2025-12-19T13:16:41","guid":{"rendered":"https:\/\/disma.ar\/clientes\/?post_type=product&#038;p=18592"},"modified":"2026-04-30T10:53:57","modified_gmt":"2026-04-30T13:53:57","slug":"compresor-inflador-de-aire-digital-yy-3609-12v-auto-moto-bicicletas-pelota-pileta-150-psi-120w-dehuka","status":"publish","type":"product","link":"https:\/\/disma.ar\/clientes\/producto\/compresor-inflador-de-aire-digital-yy-3609-12v-auto-moto-bicicletas-pelota-pileta-150-psi-120w-dehuka\/","title":{"rendered":"COMPRESOR INFLADOR DE AIRE DIGITAL YY-3609 12V AUTO\/MOTO\/BICICLETAS\/PELOTA\/PILETA 150 PSI 120W DEHUKA"},"content":{"rendered":"<div class=\"ui-pdp-container__row ui-pdp-container__row--attributes\">\n<div class=\"ui-vpp-highlighted-specs__attribute-columns\">\n<div class=\"ui-vpp-highlighted-specs__attribute-columns__column\">\n<div class=\"ui-pdp-container__row ui-vpp-highlighted-specs__attribute-columns__row\">\n<div class=\"ui-vpp-highlighted-specs__key-value\">\n<div class=\"ui-vpp-highlighted-specs__key-value__labels\"><\/div>\n<\/div>\n<\/div>\n<\/div>\n<\/div>\n<\/div>\n<div class=\"ui-pdp-container__row ui-pdp-container__row--technical-specifications\">\n<div class=\"ui-pdp-collapsable ui-vpp-highlighted-specs__striped-collapsed__action\">\n<div class=\"ui-pdp-collapsable__container\">\n<div class=\"ui-vpp-highlighted-specs__striped-specs\">\n<div class=\"ui-vpp-striped-specs\">\n<div class=\"ui-vpp-striped-specs__table\">Compresor de Aire 12V Inflador Port\u00e1til para Auto y Bicicleta Dehuka<\/p>\n<p>ACERCA DE ESTE PRODUCTO:<br \/>\nEl compresor de aire port\u00e1til Dehuka es el accesorio ideal para llevar siempre en tu veh\u00edculo. Compacto y f\u00e1cil de usar, te permite inflar neum\u00e1ticos, bicicletas y m\u00e1s en cualquier lugar. Con un dise\u00f1o eficiente, incorpora almacenamiento interno para su cable de alimentaci\u00f3n de 4,27 metros, manteniendo todo organizado.<\/p>\n<p>CARACTER\u00cdSTICAS PRINCIPALES:<br \/>\nPortabilidad y dise\u00f1o compacto: Ligero y f\u00e1cil de transportar, perfecto para emergencias o uso diario.<br \/>\nF\u00e1cil de operar: Con\u00e9ctalo al enchufe de 12V, ajusta la presi\u00f3n deseada en la pantalla, y deja que se detenga autom\u00e1ticamente al alcanzar el nivel establecido.<br \/>\nLinterna integrada: Ideal para emergencias nocturnas o condiciones de poca luz.<br \/>\nPotencia y eficiencia: Con un m\u00e1ximo de 150 PSI y hasta 8 minutos de uso continuo, asegura un inflado r\u00e1pido y confiable.<\/p>\n<p>Un aliado confiable para mantener tus neum\u00e1ticos y equipos siempre listos.<\/p>\n<p>Incluye:<br \/>\n1 x Compresor de Aire.<br \/>\n3 x Boquillas adicionales intercambiables.<br \/>\n1 x Fusible adicional.<\/p>\n<p>Cantidad de cilindros: 2<br \/>\nCaudal de aire: 85 l\/min<br \/>\nColor: Negro<br \/>\nEs compresor para automotores: No<br \/>\nEs mini: S\u00ed<br \/>\nLargo de la manguera: 5 m<br \/>\nVoltaje: 12 V<br \/>\nPotencia: 120 W<br \/>\nPresi\u00f3n m\u00e1xim: 150 PSI<br \/>\nTiempo de uso continuo m\u00e1ximo: 8 minutos<br \/>\nLargo: 20.32cm<br \/>\nAncho: 16.5cm<br \/>\nAlto: 8.38cm<br \/>\nPeso: 0.86Kg<\/p><\/div>\n<\/div>\n<\/div>\n<\/div>\n<\/div>\n<\/div>\n","protected":false},"excerpt":{"rendered":"<p>DEHUKA<\/p>\n","protected":false},"featured_media":18593,"comment_status":"open","ping_status":"closed","template":"","meta":[],"product_brand":[],"product_cat":[178],"product_tag":[],"class_list":{"0":"post-18592","1":"product","2":"type-product","3":"status-publish","4":"has-post-thumbnail","6":"product_cat-compresores","8":"first","9":"instock","10":"shipping-taxable","11":"purchasable","12":"product-type-simple"},"_links":{"self":[{"href":"https:\/\/disma.ar\/clientes\/wp-json\/wp\/v2\/product\/18592","targetHints":{"allow":["GET"]}}],"collection":[{"href":"https:\/\/disma.ar\/clientes\/wp-json\/wp\/v2\/product"}],"about":[{"href":"https:\/\/disma.ar\/clientes\/wp-json\/wp\/v2\/types\/product"}],"replies":[{"embeddable":true,"href":"https:\/\/disma.ar\/clientes\/wp-json\/wp\/v2\/comments?post=18592"}],"wp:featuredmedia":[{"embeddable":true,"href":"https:\/\/disma.ar\/clientes\/wp-json\/wp\/v2\/media\/18593"}],"wp:attachment":[{"href":"https:\/\/disma.ar\/clientes\/wp-json\/wp\/v2\/media?parent=18592"}],"wp:term":[{"taxonomy":"product_brand","embeddable":true,"href":"https:\/\/disma.ar\/clientes\/wp-json\/wp\/v2\/product_brand?post=18592"},{"taxonomy":"product_cat","embeddable":true,"href":"https:\/\/disma.ar\/clientes\/wp-json\/wp\/v2\/product_cat?post=18592"},{"taxonomy":"product_tag","embeddable":true,"href":"https:\/\/disma.ar\/clientes\/wp-json\/wp\/v2\/product_tag?post=18592"}],"curies":[{"name":"wp","href":"https:\/\/api.w.org\/{rel}","templated":true}]}}