{"id":18491,"date":"2025-12-09T15:01:46","date_gmt":"2025-12-09T18:01:46","guid":{"rendered":"https:\/\/disma.ar\/clientes\/?post_type=product&#038;p=18491"},"modified":"2026-04-30T10:53:45","modified_gmt":"2026-04-30T13:53:45","slug":"auricular-bluetooth-vincha-extra-bass-marshall-control-volumen-con-microfono","status":"publish","type":"product","link":"https:\/\/disma.ar\/clientes\/producto\/auricular-bluetooth-vincha-extra-bass-marshall-control-volumen-con-microfono\/","title":{"rendered":"AURICULAR BLUETOOTH VINCHA EXTRA BASS TIPO MARSHALL CONTROL VOLUMEN CON MICR\u00d3FONO"},"content":{"rendered":"<div><\/div>\n<div>\n<div>Los auriculares Bluetooth Mar M-10BT son la elecci\u00f3n perfecta para quienes buscan una experiencia de audio de alta calidad sin las limitaciones de los cables. Con su dise\u00f1o, ofrecen comodidad y un ajuste seguro, lo que los hace ideales para el uso diario, ya sea en casa, en la oficina o mientras se est\u00e1 en movimiento. Equipados con tecnolog\u00eda Bluetooth, estos auriculares proporcionan una conectividad fluida y sin interrupciones, permiti\u00e9ndote disfrutar de tu m\u00fasica y podcasts favoritos de forma inal\u00e1mbrica. Adem\u00e1s, cuentan con micr\u00f3fono integrado, lo que facilita realizar y recibir llamadas sin esfuerzo. La marca Marshall, reconocida por su herencia en el mundo de la m\u00fasica, asegura que cada detalle de los M-10BT refleja su compromiso con un sonido poderoso y claro. Su dise\u00f1o estilizado y moderno se adapta a cualquier estilo, haciendo de este auricular una opci\u00f3n vers\u00e1til para los amantes de la m\u00fasica de todas las edades.<\/div>\n<\/div>\n","protected":false},"excerpt":{"rendered":"<p>Los auriculares Bluetooth Mar M-10BT son la elecci\u00f3n perfecta para quienes buscan una experiencia de audio de alta calidad sin las limitaciones de los cables. Con su dise\u00f1o, ofrecen comodidad y un ajuste seguro, lo que los hace ideales para el uso diario, ya sea en casa, en la oficina o mientras se est\u00e1 en [&hellip;]<\/p>\n","protected":false},"featured_media":18492,"comment_status":"open","ping_status":"closed","template":"","meta":[],"product_brand":[],"product_cat":[33],"product_tag":[],"class_list":{"0":"post-18491","1":"product","2":"type-product","3":"status-publish","4":"has-post-thumbnail","6":"product_cat-auriculares-bluetooth","8":"first","9":"instock","10":"shipping-taxable","11":"purchasable","12":"product-type-simple"},"_links":{"self":[{"href":"https:\/\/disma.ar\/clientes\/wp-json\/wp\/v2\/product\/18491","targetHints":{"allow":["GET"]}}],"collection":[{"href":"https:\/\/disma.ar\/clientes\/wp-json\/wp\/v2\/product"}],"about":[{"href":"https:\/\/disma.ar\/clientes\/wp-json\/wp\/v2\/types\/product"}],"replies":[{"embeddable":true,"href":"https:\/\/disma.ar\/clientes\/wp-json\/wp\/v2\/comments?post=18491"}],"wp:featuredmedia":[{"embeddable":true,"href":"https:\/\/disma.ar\/clientes\/wp-json\/wp\/v2\/media\/18492"}],"wp:attachment":[{"href":"https:\/\/disma.ar\/clientes\/wp-json\/wp\/v2\/media?parent=18491"}],"wp:term":[{"taxonomy":"product_brand","embeddable":true,"href":"https:\/\/disma.ar\/clientes\/wp-json\/wp\/v2\/product_brand?post=18491"},{"taxonomy":"product_cat","embeddable":true,"href":"https:\/\/disma.ar\/clientes\/wp-json\/wp\/v2\/product_cat?post=18491"},{"taxonomy":"product_tag","embeddable":true,"href":"https:\/\/disma.ar\/clientes\/wp-json\/wp\/v2\/product_tag?post=18491"}],"curies":[{"name":"wp","href":"https:\/\/api.w.org\/{rel}","templated":true}]}}