{"id":18480,"date":"2025-12-09T13:17:45","date_gmt":"2025-12-09T16:17:45","guid":{"rendered":"https:\/\/disma.ar\/clientes\/?post_type=product&#038;p=18480"},"modified":"2026-03-17T11:10:04","modified_gmt":"2026-03-17T14:10:04","slug":"switch-llave-selectora-hdmi-4-entradas-1-salida-4k-audio-optico-control-rem-dehuka","status":"publish","type":"product","link":"https:\/\/disma.ar\/clientes\/producto\/switch-llave-selectora-hdmi-4-entradas-1-salida-4k-audio-optico-control-rem-dehuka\/","title":{"rendered":"SWITCH LLAVE SELECTORA HDMI 4 ENTRADAS 1 SALIDA 4K AUDIO OPTICO CONTROL REM DEHUKA"},"content":{"rendered":"<ul class=\"pl-3\">\n<li>Interruptor HDMI 4 En 1 Salida: Este interruptor HDMI soporta HDR (Formato YUV 4:2:0) color profundo de 12 bits, HDCP1.4, HDMI 2.0 (YUV 4:2:0), puede seleccionar f\u00e1cilmente 4 fuentes HDMI que se escalan hasta 4K@60Hz a una sola salida HDMI que desea emitir. El Interruptor HDMI soporta 12 bits por canal (48 bits todos los canales) Color profundo, Soporte funci\u00f3n ARC. La salida HDMI puede seleccionarse por un bot\u00f3n local o un control remoto inal\u00e1mbrico IR.<\/li>\n<li>Interfaz \u00d3ptica TOSLINK y Audio de 3.5mm: Este interruptor HDMI soporta funci\u00f3n ARC (Audio de Canal de Retorno y el audio est\u00e1 disponible desde la salida TOSLINK que puede disfrutar de una alta calidad de audio); Este Interruptor HDMI Soporta diferentes formatos de audio comprimido: Dolby, DTS-HD y tambi\u00e9n soporta audio de cine en casa Blu-ray 2.1 \/ 3.1 \/ 4.1 \/ 5.1.<\/li>\n<li>Amplia Compatibilidad con Dispositivos: Este interruptor HDMI de 4 puertos es compatible con algunos dispositivos HDMI como Amazon Fire Stick, Apple TV, LE TV, PS3\/ 4\/ 5 Video Juegos, Macbook, VCD\/ Reproductor de DVD, IP TV, STB, Media Box, C\u00e1mara, Xbox360, Xbox One, Huawei Box, MIUI Box, Smart Box, Reproductor Blu-ray Chromecast, PC\/Computadora, YUV 60Hz, RGB 30Hz, ROKU 4, Receptor SAT, C\u00e1mara Digital, Proyector Tivo, Vizio.<\/li>\n<li>Resoluci\u00f3n Ultra HD: Este interruptor HDMI 4K 60Hz soporta resoluci\u00f3n Ultra HD, puede funcionar para HDMI est\u00e1ndar V2.0 y HDCP V1.4 como 4K x 2K@60Hz\/ Full HD 1080P\/ Full 3D 1080P\/ Audio HD\/ HDCP\/ 480P\/ 576P\/ 720P\/ 1080P\/ 1080p 3D\/ 4K@60Hz.<\/li>\n<\/ul>\n","protected":false},"excerpt":{"rendered":"<p>Interruptor HDMI 4 En 1 Salida: Este interruptor HDMI soporta HDR (Formato YUV 4:2:0) color profundo de 12 bits, HDCP1.4, HDMI 2.0 (YUV 4:2:0), puede seleccionar f\u00e1cilmente 4 fuentes HDMI que se escalan hasta 4K@60Hz a una sola salida HDMI que desea emitir. El Interruptor HDMI soporta 12 bits por canal (48 bits todos los [&hellip;]<\/p>\n","protected":false},"featured_media":18483,"comment_status":"open","ping_status":"closed","template":"","meta":[],"product_brand":[],"product_cat":[89],"product_tag":[],"class_list":{"0":"post-18480","1":"product","2":"type-product","3":"status-publish","4":"has-post-thumbnail","6":"product_cat-splitter-switch","8":"first","9":"outofstock","10":"shipping-taxable","11":"purchasable","12":"product-type-simple"},"_links":{"self":[{"href":"https:\/\/disma.ar\/clientes\/wp-json\/wp\/v2\/product\/18480","targetHints":{"allow":["GET"]}}],"collection":[{"href":"https:\/\/disma.ar\/clientes\/wp-json\/wp\/v2\/product"}],"about":[{"href":"https:\/\/disma.ar\/clientes\/wp-json\/wp\/v2\/types\/product"}],"replies":[{"embeddable":true,"href":"https:\/\/disma.ar\/clientes\/wp-json\/wp\/v2\/comments?post=18480"}],"wp:featuredmedia":[{"embeddable":true,"href":"https:\/\/disma.ar\/clientes\/wp-json\/wp\/v2\/media\/18483"}],"wp:attachment":[{"href":"https:\/\/disma.ar\/clientes\/wp-json\/wp\/v2\/media?parent=18480"}],"wp:term":[{"taxonomy":"product_brand","embeddable":true,"href":"https:\/\/disma.ar\/clientes\/wp-json\/wp\/v2\/product_brand?post=18480"},{"taxonomy":"product_cat","embeddable":true,"href":"https:\/\/disma.ar\/clientes\/wp-json\/wp\/v2\/product_cat?post=18480"},{"taxonomy":"product_tag","embeddable":true,"href":"https:\/\/disma.ar\/clientes\/wp-json\/wp\/v2\/product_tag?post=18480"}],"curies":[{"name":"wp","href":"https:\/\/api.w.org\/{rel}","templated":true}]}}