{"id":18476,"date":"2025-12-09T13:05:28","date_gmt":"2025-12-09T16:05:28","guid":{"rendered":"https:\/\/disma.ar\/clientes\/?post_type=product&#038;p=18476"},"modified":"2026-02-11T13:49:03","modified_gmt":"2026-02-11T16:49:03","slug":"splitter-hdmi-1x8-4k-2k-alimen-con-fuente-alimentacion","status":"publish","type":"product","link":"https:\/\/disma.ar\/clientes\/producto\/splitter-hdmi-1x8-4k-2k-alimen-con-fuente-alimentacion\/","title":{"rendered":"SPLITTER HDMI 1X8 4K 2K ALIMEN CON FUENTE ALIMENTACI\u00d3N"},"content":{"rendered":"<p>El divisor HDMI es un producto que puede distribuir se\u00f1al HDMI sin p\u00e9rdida a uno o m\u00e1s dispositivos terminales de pantalla. Las caracter\u00edsticas de nuestro producto son dividir una se\u00f1al de entrada HDMI en ocho se\u00f1ales de salida HDMI. Alta resoluci\u00f3n 4Kx 2K y transmisi\u00f3n de alta velocidad: los divisores HDMI de 1 entrada y 8 salidas pueden emitir hasta 4K x 2K a 30 Hz y 3D, color profundo 480i \/ 576i \/ 480p \/ 576p \/ 720p \/ 1080i \/ 1080P\/4k.<\/p>\n","protected":false},"excerpt":{"rendered":"<p>El divisor HDMI es un producto que puede distribuir se\u00f1al HDMI sin p\u00e9rdida a uno o m\u00e1s dispositivos terminales de pantalla. Las caracter\u00edsticas de nuestro producto son dividir una se\u00f1al de entrada HDMI en ocho se\u00f1ales de salida HDMI. Alta resoluci\u00f3n 4Kx 2K y transmisi\u00f3n de alta velocidad: los divisores HDMI de 1 entrada y [&hellip;]<\/p>\n","protected":false},"featured_media":18477,"comment_status":"open","ping_status":"closed","template":"","meta":[],"product_brand":[],"product_cat":[89],"product_tag":[],"class_list":{"0":"post-18476","1":"product","2":"type-product","3":"status-publish","4":"has-post-thumbnail","6":"product_cat-splitter-switch","8":"first","9":"outofstock","10":"shipping-taxable","11":"purchasable","12":"product-type-simple"},"_links":{"self":[{"href":"https:\/\/disma.ar\/clientes\/wp-json\/wp\/v2\/product\/18476","targetHints":{"allow":["GET"]}}],"collection":[{"href":"https:\/\/disma.ar\/clientes\/wp-json\/wp\/v2\/product"}],"about":[{"href":"https:\/\/disma.ar\/clientes\/wp-json\/wp\/v2\/types\/product"}],"replies":[{"embeddable":true,"href":"https:\/\/disma.ar\/clientes\/wp-json\/wp\/v2\/comments?post=18476"}],"wp:featuredmedia":[{"embeddable":true,"href":"https:\/\/disma.ar\/clientes\/wp-json\/wp\/v2\/media\/18477"}],"wp:attachment":[{"href":"https:\/\/disma.ar\/clientes\/wp-json\/wp\/v2\/media?parent=18476"}],"wp:term":[{"taxonomy":"product_brand","embeddable":true,"href":"https:\/\/disma.ar\/clientes\/wp-json\/wp\/v2\/product_brand?post=18476"},{"taxonomy":"product_cat","embeddable":true,"href":"https:\/\/disma.ar\/clientes\/wp-json\/wp\/v2\/product_cat?post=18476"},{"taxonomy":"product_tag","embeddable":true,"href":"https:\/\/disma.ar\/clientes\/wp-json\/wp\/v2\/product_tag?post=18476"}],"curies":[{"name":"wp","href":"https:\/\/api.w.org\/{rel}","templated":true}]}}