{"id":18474,"date":"2025-12-09T12:52:21","date_gmt":"2025-12-09T15:52:21","guid":{"rendered":"https:\/\/disma.ar\/clientes\/?post_type=product&#038;p=18474"},"modified":"2026-04-30T10:53:42","modified_gmt":"2026-04-30T13:53:42","slug":"reloj-despertador-digital-alarma-led-40-tonos-musicales-negro-dehuka-26x7cm","status":"publish","type":"product","link":"https:\/\/disma.ar\/clientes\/producto\/reloj-despertador-digital-alarma-led-40-tonos-musicales-negro-dehuka-26x7cm\/","title":{"rendered":"RELOJ DESPERTADOR DIGITAL ALARMA LED 40 TONOS MUSICALES NEGRO DEHUKA 26X7CM"},"content":{"rendered":"<p>Brillo y volumen ajustables: el reloj de sobremesa tiene 5 niveles de brillo y 4 niveles de volumen. Basta con tocar el bot\u00f3n de luz del despertador digital para ajustar los 5 niveles de brillo (-80% &#8211; 60% &#8211; 40% &#8211; 20% &#8211; Apagado). La luminosidad se ajusta autom\u00e1ticamente seg\u00fan la hora del d\u00eda, o puede ajustarla manualmente. El reloj de pared LED multifuncional tiene una funci\u00f3n de memoria incorporada para que los datos de la hora no se pierdan incluso cuando se desconecta la alimentaci\u00f3n y no haya necesidad de reiniciarlo, el reloj tiene 4 modos: modo reloj, modo fecha, modo temperatura y modo alarma. El reloj dispone de 4 modos: modo reloj, modo fecha, modo temperatura y modo alarma. Formato de visualizaci\u00f3n de 12\/24 horas y visualizaci\u00f3n de la temperatura ambiente en \u00b0C o \u00b0F. F\u00e1cil de manejar. -Doble alarma y 40 pistas de m\u00fasica Reloj de pared el\u00e9ctrico ajustable con 2 alarmas que puede ajustar de forma independiente, ideal para dormilones, y 40 pistas de m\u00fasica para que elija. Es un elegante reloj despertador para el dormitorio. -Su dise\u00f1o sencillo y f\u00e1cil de usar permite que el reloj despertador se pueda poner de pie o colgar y tiene dos orificios de pared en la parte posterior. Su elegante dise\u00f1o de espejo LED puede decorar su sal\u00f3n, dormitorio u oficina. Tambi\u00e9n es un gran regalo para ni\u00f1os, amigos y ancianos&#8230; Nota no tiene enchufe, por favor con\u00e9ctelo al puerto USB o adaptadores de 5V\/1A y 5V\/2A solamente, necesita estar enchufado.<\/p>\n","protected":false},"excerpt":{"rendered":"<p>Brillo y volumen ajustables: el reloj de sobremesa tiene 5 niveles de brillo y 4 niveles de volumen. Basta con tocar el bot\u00f3n de luz del despertador digital para ajustar los 5 niveles de brillo (-80% &#8211; 60% &#8211; 40% &#8211; 20% &#8211; Apagado). La luminosidad se ajusta autom\u00e1ticamente seg\u00fan la hora del d\u00eda, o [&hellip;]<\/p>\n","protected":false},"featured_media":18475,"comment_status":"open","ping_status":"closed","template":"","meta":[],"product_brand":[],"product_cat":[78,296],"product_tag":[],"class_list":{"0":"post-18474","1":"product","2":"type-product","3":"status-publish","4":"has-post-thumbnail","6":"product_cat-parlantes-bluetooth","7":"product_cat-radio-relojes","9":"first","10":"instock","11":"shipping-taxable","12":"purchasable","13":"product-type-simple"},"_links":{"self":[{"href":"https:\/\/disma.ar\/clientes\/wp-json\/wp\/v2\/product\/18474","targetHints":{"allow":["GET"]}}],"collection":[{"href":"https:\/\/disma.ar\/clientes\/wp-json\/wp\/v2\/product"}],"about":[{"href":"https:\/\/disma.ar\/clientes\/wp-json\/wp\/v2\/types\/product"}],"replies":[{"embeddable":true,"href":"https:\/\/disma.ar\/clientes\/wp-json\/wp\/v2\/comments?post=18474"}],"wp:featuredmedia":[{"embeddable":true,"href":"https:\/\/disma.ar\/clientes\/wp-json\/wp\/v2\/media\/18475"}],"wp:attachment":[{"href":"https:\/\/disma.ar\/clientes\/wp-json\/wp\/v2\/media?parent=18474"}],"wp:term":[{"taxonomy":"product_brand","embeddable":true,"href":"https:\/\/disma.ar\/clientes\/wp-json\/wp\/v2\/product_brand?post=18474"},{"taxonomy":"product_cat","embeddable":true,"href":"https:\/\/disma.ar\/clientes\/wp-json\/wp\/v2\/product_cat?post=18474"},{"taxonomy":"product_tag","embeddable":true,"href":"https:\/\/disma.ar\/clientes\/wp-json\/wp\/v2\/product_tag?post=18474"}],"curies":[{"name":"wp","href":"https:\/\/api.w.org\/{rel}","templated":true}]}}