{"id":18454,"date":"2026-04-15T10:21:44","date_gmt":"2026-04-15T13:21:44","guid":{"rendered":"https:\/\/disma.ar\/clientes\/?post_type=product&#038;p=18454"},"modified":"2026-04-30T10:53:39","modified_gmt":"2026-04-30T13:53:39","slug":"mesa-soporte-notebook-plegable-desayuno-porta-vaso","status":"publish","type":"product","link":"https:\/\/disma.ar\/clientes\/producto\/mesa-soporte-notebook-plegable-desayuno-porta-vaso\/","title":{"rendered":"MESA SOPORTE NOTEBOOK PLEGABLE DESAYUNO PORTA VASO HASTA 17&#8243; SE ELEVA 23CM APROX"},"content":{"rendered":"<p>Disfruta de la comodidad de trabajar o comer desde la cama o el sof\u00e1 con esta bandeja plegable tipo escritorio para notebook. Su dise\u00f1o pr\u00e1ctico y vers\u00e1til incluye patitas plegables, lo que facilita tanto su almacenamiento como su transporte. Con una manija f\u00e1cil de trasladar y una ranura para taza o vaso, es ideal para aquellos momentos en los que necesitas realizar tareas c\u00f3modamente desde cualquier lugar de tu hogar.<\/p>\n<p>&#8211; Dise\u00f1o port\u00e1til y funcional: Incluye manija f\u00e1cil de trasladar y una ranura para taza o vaso, asegurando una experiencia c\u00f3moda mientras trabajas o disfrutas de tu comida.<br \/>\n&#8211; Estructura resistente: Fabricada con MDF de alta calidad y bordes curvados que ofrecen durabilidad y una superficie lisa y resistente.<br \/>\n&#8211; Patas plegables: Las patas de acero son estables y tienen una buena capacidad de carga, adem\u00e1s est\u00e1n cubiertas con mangas antideslizantes de pl\u00e1stico para mayor seguridad.<br \/>\n&#8211; F\u00e1cil de usar: No requiere montaje, solo abre la bandeja y col\u00f3cala donde m\u00e1s la necesites.<br \/>\n&#8211; Compacta y pr\u00e1ctica: Perfecta para su almacenamiento y transporte, ideal para el hogar, oficina o viajes.<\/p>\n","protected":false},"excerpt":{"rendered":"<p>Disfruta de la comodidad de trabajar o comer desde la cama o el sof\u00e1 con esta bandeja plegable tipo escritorio para notebook. Su dise\u00f1o pr\u00e1ctico y vers\u00e1til incluye patitas plegables, lo que facilita tanto su almacenamiento como su transporte. Con una manija f\u00e1cil de trasladar y una ranura para taza o vaso, es ideal para [&hellip;]<\/p>\n","protected":false},"featured_media":18455,"comment_status":"open","ping_status":"closed","template":"","meta":[],"product_brand":[],"product_cat":[186],"product_tag":[],"class_list":{"0":"post-18454","1":"product","2":"type-product","3":"status-publish","4":"has-post-thumbnail","6":"product_cat-bases-coolers-y-mesas-notebook","8":"first","9":"instock","10":"shipping-taxable","11":"purchasable","12":"product-type-simple"},"_links":{"self":[{"href":"https:\/\/disma.ar\/clientes\/wp-json\/wp\/v2\/product\/18454","targetHints":{"allow":["GET"]}}],"collection":[{"href":"https:\/\/disma.ar\/clientes\/wp-json\/wp\/v2\/product"}],"about":[{"href":"https:\/\/disma.ar\/clientes\/wp-json\/wp\/v2\/types\/product"}],"replies":[{"embeddable":true,"href":"https:\/\/disma.ar\/clientes\/wp-json\/wp\/v2\/comments?post=18454"}],"wp:featuredmedia":[{"embeddable":true,"href":"https:\/\/disma.ar\/clientes\/wp-json\/wp\/v2\/media\/18455"}],"wp:attachment":[{"href":"https:\/\/disma.ar\/clientes\/wp-json\/wp\/v2\/media?parent=18454"}],"wp:term":[{"taxonomy":"product_brand","embeddable":true,"href":"https:\/\/disma.ar\/clientes\/wp-json\/wp\/v2\/product_brand?post=18454"},{"taxonomy":"product_cat","embeddable":true,"href":"https:\/\/disma.ar\/clientes\/wp-json\/wp\/v2\/product_cat?post=18454"},{"taxonomy":"product_tag","embeddable":true,"href":"https:\/\/disma.ar\/clientes\/wp-json\/wp\/v2\/product_tag?post=18454"}],"curies":[{"name":"wp","href":"https:\/\/api.w.org\/{rel}","templated":true}]}}