{"id":18412,"date":"2025-12-04T16:04:57","date_gmt":"2025-12-04T19:04:57","guid":{"rendered":"https:\/\/disma.ar\/clientes\/?post_type=product&#038;p=18412"},"modified":"2026-04-30T10:54:02","modified_gmt":"2026-04-30T13:54:02","slug":"soporte-holder-magnetico-iman-de-auto-para-celular-t-9203","status":"publish","type":"product","link":"https:\/\/disma.ar\/clientes\/producto\/soporte-holder-magnetico-iman-de-auto-para-celular-t-9203\/","title":{"rendered":"SOPORTE HOLDER MAGNETICO IMAN DE AUTO PARA CELULAR T-9203"},"content":{"rendered":"<p>1. Succi\u00f3n en cualquier lugar, libera tus manos, \u00fasalo en cualquier lugar y en cualquier momento. Ll\u00e9valo contigo!<\/p>\n<p>2. Peque\u00f1o y liviano, nueva tecnolog\u00eda de succi\u00f3n al vac\u00edo, bot\u00f3n mec\u00e1nico incorporado, presione ligeramente para liberar, f\u00edjalo moviendo la palanca y sosteniendo por un segundo\u2026todo con un solo movimiento.<\/p>\n<p>3. Succiona para fijarlo en cualquier lugar, sin miedo al polvo gracias a la nueva base de PE de alta elasticidad puedes fijarlo en cualquier momento y en cualquier lugar, se puede succionar de manera constante incluso si est\u00e1 ligeramente sucia, la succi\u00f3n es estable y no dejar\u00e1 marcas.<\/p>\n<p>4. Cuenta con una capa de 20 elementos magn\u00e9ticos N52 anulares de doble fila, poder magn\u00e9tico fuerte, succionan firmemente el soporte del tel\u00e9fono m\u00f3vil sin moverse y no se cae ni con los baches!<\/p>\n","protected":false},"excerpt":{"rendered":"<p>1. Succi\u00f3n en cualquier lugar, libera tus manos, \u00fasalo en cualquier lugar y en cualquier momento. Ll\u00e9valo contigo! 2. Peque\u00f1o y liviano, nueva tecnolog\u00eda de succi\u00f3n al vac\u00edo, bot\u00f3n mec\u00e1nico incorporado, presione ligeramente para liberar, f\u00edjalo moviendo la palanca y sosteniendo por un segundo\u2026todo con un solo movimiento. 3. Succiona para fijarlo en cualquier lugar, [&hellip;]<\/p>\n","protected":false},"featured_media":18413,"comment_status":"open","ping_status":"closed","template":"","meta":[],"product_brand":[],"product_cat":[32],"product_tag":[],"class_list":{"0":"post-18412","1":"product","2":"type-product","3":"status-publish","4":"has-post-thumbnail","6":"product_cat-soportes-gps-celulares","8":"first","9":"instock","10":"shipping-taxable","11":"purchasable","12":"product-type-simple"},"_links":{"self":[{"href":"https:\/\/disma.ar\/clientes\/wp-json\/wp\/v2\/product\/18412","targetHints":{"allow":["GET"]}}],"collection":[{"href":"https:\/\/disma.ar\/clientes\/wp-json\/wp\/v2\/product"}],"about":[{"href":"https:\/\/disma.ar\/clientes\/wp-json\/wp\/v2\/types\/product"}],"replies":[{"embeddable":true,"href":"https:\/\/disma.ar\/clientes\/wp-json\/wp\/v2\/comments?post=18412"}],"wp:featuredmedia":[{"embeddable":true,"href":"https:\/\/disma.ar\/clientes\/wp-json\/wp\/v2\/media\/18413"}],"wp:attachment":[{"href":"https:\/\/disma.ar\/clientes\/wp-json\/wp\/v2\/media?parent=18412"}],"wp:term":[{"taxonomy":"product_brand","embeddable":true,"href":"https:\/\/disma.ar\/clientes\/wp-json\/wp\/v2\/product_brand?post=18412"},{"taxonomy":"product_cat","embeddable":true,"href":"https:\/\/disma.ar\/clientes\/wp-json\/wp\/v2\/product_cat?post=18412"},{"taxonomy":"product_tag","embeddable":true,"href":"https:\/\/disma.ar\/clientes\/wp-json\/wp\/v2\/product_tag?post=18412"}],"curies":[{"name":"wp","href":"https:\/\/api.w.org\/{rel}","templated":true}]}}