{"id":18410,"date":"2025-12-04T16:01:31","date_gmt":"2025-12-04T19:01:31","guid":{"rendered":"https:\/\/disma.ar\/clientes\/?post_type=product&#038;p=18410"},"modified":"2026-04-30T10:54:02","modified_gmt":"2026-04-30T13:54:02","slug":"panel-lampara-de-iluminacion-estudio-luz-led-rl-900-para-fotografia-22x15cm-regulador-intensidad","status":"publish","type":"product","link":"https:\/\/disma.ar\/clientes\/producto\/panel-lampara-de-iluminacion-estudio-luz-led-rl-900-para-fotografia-22x15cm-regulador-intensidad\/","title":{"rendered":"PANEL LAMPARA DE ILUMINACION ESTUDIO LUZ LED RL-900 PARA FOTOGRAFIA 22X15CM REGULADOR INTENSIDAD"},"content":{"rendered":"<div class=\"woocommerce-product-details__short-description\">\n<p>Especificaciones:<\/p>\n<p>Luces LED Fotografia<br \/>\nModelo: RL-900<br \/>\n3 tonos de Luz : Calida, Natural, Fria<br \/>\nTama\u00f1o del Panel de luz: 21cm x 16cm<br \/>\nCantidad Led: 240Led<br \/>\nCRI? 95<br \/>\nPotencia: 40W<br \/>\nL\u00famenes: LM<br \/>\nTemperatura de Color: 3200K-5600K (valor flotante 900K)<br \/>\n\u00c1ngulo de iluminaci\u00f3n: 120 \u00b0<br \/>\nRango de atenuaci\u00f3n: 0-100%<br \/>\nVoltaje: 110V-240V<\/p>\n<\/div>\n","protected":false},"excerpt":{"rendered":"<p>Especificaciones: Luces LED Fotografia Modelo: RL-900 3 tonos de Luz : Calida, Natural, Fria Tama\u00f1o del Panel de luz: 21cm x 16cm Cantidad Led: 240Led CRI? 95 Potencia: 40W L\u00famenes: LM Temperatura de Color: 3200K-5600K (valor flotante 900K) \u00c1ngulo de iluminaci\u00f3n: 120 \u00b0 Rango de atenuaci\u00f3n: 0-100% Voltaje: 110V-240V<\/p>\n","protected":false},"featured_media":18469,"comment_status":"open","ping_status":"closed","template":"","meta":[],"product_brand":[],"product_cat":[15],"product_tag":[],"class_list":{"0":"post-18410","1":"product","2":"type-product","3":"status-publish","4":"has-post-thumbnail","6":"product_cat-sin-categorizar","8":"first","9":"instock","10":"shipping-taxable","11":"purchasable","12":"product-type-simple"},"_links":{"self":[{"href":"https:\/\/disma.ar\/clientes\/wp-json\/wp\/v2\/product\/18410","targetHints":{"allow":["GET"]}}],"collection":[{"href":"https:\/\/disma.ar\/clientes\/wp-json\/wp\/v2\/product"}],"about":[{"href":"https:\/\/disma.ar\/clientes\/wp-json\/wp\/v2\/types\/product"}],"replies":[{"embeddable":true,"href":"https:\/\/disma.ar\/clientes\/wp-json\/wp\/v2\/comments?post=18410"}],"wp:featuredmedia":[{"embeddable":true,"href":"https:\/\/disma.ar\/clientes\/wp-json\/wp\/v2\/media\/18469"}],"wp:attachment":[{"href":"https:\/\/disma.ar\/clientes\/wp-json\/wp\/v2\/media?parent=18410"}],"wp:term":[{"taxonomy":"product_brand","embeddable":true,"href":"https:\/\/disma.ar\/clientes\/wp-json\/wp\/v2\/product_brand?post=18410"},{"taxonomy":"product_cat","embeddable":true,"href":"https:\/\/disma.ar\/clientes\/wp-json\/wp\/v2\/product_cat?post=18410"},{"taxonomy":"product_tag","embeddable":true,"href":"https:\/\/disma.ar\/clientes\/wp-json\/wp\/v2\/product_tag?post=18410"}],"curies":[{"name":"wp","href":"https:\/\/api.w.org\/{rel}","templated":true}]}}