{"id":18399,"date":"2025-12-04T15:34:23","date_gmt":"2025-12-04T18:34:23","guid":{"rendered":"https:\/\/disma.ar\/clientes\/?post_type=product&#038;p=18399"},"modified":"2026-02-11T13:47:06","modified_gmt":"2026-02-11T16:47:06","slug":"camara-deportiva-4k-wifi-ultra-hd-30mts-1080p-sports-fhd-12mp-30m-buceo-incluyen-16-accesorios","status":"publish","type":"product","link":"https:\/\/disma.ar\/clientes\/producto\/camara-deportiva-4k-wifi-ultra-hd-30mts-1080p-sports-fhd-12mp-30m-buceo-incluyen-16-accesorios\/","title":{"rendered":"CAMARA DEPORTIVA 4K WIFI ULTRA HD 30MTS 1080P SPORTS FHD 12MP  30M BUCEO INCLUYEN 16 ACCESORIOS"},"content":{"rendered":"<p>C\u00e1mara deportiva profesional 4K Ultra HD:. C\u00e1mara deportiva con resoluci\u00f3n de video nativa 4K, ultra gran angular de 100\u00b0, opciones de grabaci\u00f3n de video FHD\/1080P\/720P\/WVGA\/VGA\/OVGA para capturar cada detalle de tu aventura, gran angular HD de 12MP para capturar hermosos momentos con claridad.<br \/>\nMuchos accesorios:. La c\u00e1mara deportiva est\u00e1 equipada con una tarjeta de grabaci\u00f3n de sonido para grabaciones m\u00e1s claras en ambientes ruidosos. Se incluyen 16 accesorios y los accesorios de montaje multifuncionales se pueden utilizar para diversos escenarios de uso, como equitaci\u00f3n, motociclismo, ciclismo, snorkel, buceo, esqu\u00ed, etc., sin la necesidad de comprar accesorios adicionales.<br \/>\nC\u00e1mara impermeable de 30 m: La carcasa impermeable de la c\u00e1mara deportiva es robusta y duradera. Con la funda impermeable podr\u00e1s explorar f\u00e1cilmente el maravilloso mundo submarino de 30 m y disfrutar de deportes acu\u00e1ticos como nataci\u00f3n, surf, vela, snorkel y buceo; o utilizarlos bajo la lluvia o la nieve.<br \/>\nAntivibraci\u00f3n inteligente y multimodo: La c\u00e1mara deportiva est\u00e1 equipada con protecci\u00f3n antivibraci\u00f3n, lo que mejora enormemente la estabilidad y fluidez del v\u00eddeo y captura los momentos emocionantes de los deportes con facilidad. Esta c\u00e1mara tiene m\u00faltiples modos de disparo, como disparo \u00fanico, disparador autom\u00e1tico, r\u00e1faga, lapso de tiempo (3S\/5S\/10S\/20S), etc.<br \/>\nFunci\u00f3n de sincronizaci\u00f3n Wifi: La c\u00e1mara deportiva se puede conectar a trav\u00e9s de la aplicaci\u00f3n, escanear el c\u00f3digo QR en la caja para descargar la aplicaci\u00f3n y lograr sincronizaci\u00f3n Wifi, para que puedas controlar el DV con tu tel\u00e9fono m\u00f3vil en cualquier momento y en cualquier lugar.<\/p>\n","protected":false},"excerpt":{"rendered":"<p>C\u00e1mara deportiva profesional 4K Ultra HD:. C\u00e1mara deportiva con resoluci\u00f3n de video nativa 4K, ultra gran angular de 100\u00b0, opciones de grabaci\u00f3n de video FHD\/1080P\/720P\/WVGA\/VGA\/OVGA para capturar cada detalle de tu aventura, gran angular HD de 12MP para capturar hermosos momentos con claridad. Muchos accesorios:. La c\u00e1mara deportiva est\u00e1 equipada con una tarjeta de grabaci\u00f3n [&hellip;]<\/p>\n","protected":false},"featured_media":18400,"comment_status":"open","ping_status":"closed","template":"","meta":[],"product_brand":[],"product_cat":[350],"product_tag":[],"class_list":{"0":"post-18399","1":"product","2":"type-product","3":"status-publish","4":"has-post-thumbnail","6":"product_cat-camara-deportiva","8":"first","9":"instock","10":"shipping-taxable","11":"purchasable","12":"product-type-simple"},"_links":{"self":[{"href":"https:\/\/disma.ar\/clientes\/wp-json\/wp\/v2\/product\/18399","targetHints":{"allow":["GET"]}}],"collection":[{"href":"https:\/\/disma.ar\/clientes\/wp-json\/wp\/v2\/product"}],"about":[{"href":"https:\/\/disma.ar\/clientes\/wp-json\/wp\/v2\/types\/product"}],"replies":[{"embeddable":true,"href":"https:\/\/disma.ar\/clientes\/wp-json\/wp\/v2\/comments?post=18399"}],"wp:featuredmedia":[{"embeddable":true,"href":"https:\/\/disma.ar\/clientes\/wp-json\/wp\/v2\/media\/18400"}],"wp:attachment":[{"href":"https:\/\/disma.ar\/clientes\/wp-json\/wp\/v2\/media?parent=18399"}],"wp:term":[{"taxonomy":"product_brand","embeddable":true,"href":"https:\/\/disma.ar\/clientes\/wp-json\/wp\/v2\/product_brand?post=18399"},{"taxonomy":"product_cat","embeddable":true,"href":"https:\/\/disma.ar\/clientes\/wp-json\/wp\/v2\/product_cat?post=18399"},{"taxonomy":"product_tag","embeddable":true,"href":"https:\/\/disma.ar\/clientes\/wp-json\/wp\/v2\/product_tag?post=18399"}],"curies":[{"name":"wp","href":"https:\/\/api.w.org\/{rel}","templated":true}]}}