{"id":17990,"date":"2025-10-27T12:04:49","date_gmt":"2025-10-27T15:04:49","guid":{"rendered":"https:\/\/disma.ar\/clientes\/?post_type=product&#038;p=17990"},"modified":"2026-02-11T13:21:03","modified_gmt":"2026-02-11T16:21:03","slug":"parlante-astronauta-bluetooth-con-luces-rgb-radio-fm-usb-tf-card-23cm-alto-recargable-tipo-c","status":"publish","type":"product","link":"https:\/\/disma.ar\/clientes\/producto\/parlante-astronauta-bluetooth-con-luces-rgb-radio-fm-usb-tf-card-23cm-alto-recargable-tipo-c\/","title":{"rendered":"PARLANTE ASTRONAUTA BLUETOOTH CON LUCES RGB RADIO FM USB TF CARD 23CM ALTO RECARGABLE TIPO C"},"content":{"rendered":"<p>Lampara Parlante Inal\u00e1mbrico Velador Led Astronauta Usb Y121<\/p>\n<p>Este parlante velador de astronauta est\u00e1 dise\u00f1ado para aquellos que buscan una experiencia de sonido \u00fanica y vers\u00e1til. Con una potencia de salida de 5 W, este parlante ofrece un sonido claro y envolvente, ideal para disfrutar de tu m\u00fasica favorita en cualquier lugar.<br \/>\nSu dise\u00f1o port\u00e1til y ligero lo convierte en el compa\u00f1ero perfecto para tus aventuras al aire libre, picnics o reuniones con amigos.<\/p>\n<p>La autonom\u00eda de la bater\u00eda es de hasta 1,2 horas, lo que te permite llevar la fiesta contigo sin preocuparte por la carga constante. Adem\u00e1s, su tiempo de carga de solo 2 horas asegura que est\u00e9s listo para disfrutar de tu m\u00fasica en poco tiempo. Con conectividad Bluetooth, podr\u00e1s emparejarlo f\u00e1cilmente con tus dispositivos m\u00f3viles y reproducir tus listas de reproducci\u00f3n sin complicaciones.<\/p>\n<p>El Parlante de Astronauta tambi\u00e9n cuenta con luces LED que a\u00f1aden un toque visual a tu experiencia musical, creando un ambiente festivo en cualquier ocasi\u00f3n. Su dise\u00f1o a prueba de agua lo hace ideal para usar en exteriores, sin importar las condiciones clim\u00e1ticas.<\/p>\n<p>Ideal para cualquier habitaci\u00f3n del hogar. Su dise\u00f1o port\u00e1til permite transportarlo a donde lo necesites.<br \/>\nSu dise\u00f1o es creativo y llamativo para los ni\u00f1os.<\/p>\n<p>No solo podr\u00e1s alumbrar la habitaci\u00f3n con este velador, sino que tambi\u00e9n podr\u00e1s escuchar m\u00fasica del mismo.<\/p>\n<p>El cambio de modo de luz se encuentra en los interruptores de la parte trasera del astronauta, mientras que las conexiones de tarjeta tf, usb y tipo c, se encuentran debajo para poder sintonizar m\u00fasica.<\/p>\n<p>DATOS TECNICOS<\/p>\n<p>Modelo: Y121.<br \/>\nTama\u00f1o del producto: 22 cm x 8 cm.<br \/>\nFuente de alimentaci\u00f3n: Enchufe usb (incluido).<br \/>\nConexi\u00f3n: Bluetooth.<br \/>\nEntrada TF\/USB.<br \/>\nPotencia: 5w.<br \/>\nTecnolog\u00eda TWS (Enlaza dos Bocinas).<\/p>\n","protected":false},"excerpt":{"rendered":"<p>Lampara Parlante Inal\u00e1mbrico Velador Led Astronauta Usb Y121 Este parlante velador de astronauta est\u00e1 dise\u00f1ado para aquellos que buscan una experiencia de sonido \u00fanica y vers\u00e1til. Con una potencia de salida de 5 W, este parlante ofrece un sonido claro y envolvente, ideal para disfrutar de tu m\u00fasica favorita en cualquier lugar. Su dise\u00f1o port\u00e1til [&hellip;]<\/p>\n","protected":false},"featured_media":17991,"comment_status":"open","ping_status":"closed","template":"","meta":[],"product_brand":[],"product_cat":[360,254,78],"product_tag":[],"class_list":{"0":"post-17990","1":"product","2":"type-product","3":"status-publish","4":"has-post-thumbnail","6":"product_cat-electro-y-bazar","7":"product_cat-veladores","8":"product_cat-parlantes-bluetooth","10":"first","11":"instock","12":"shipping-taxable","13":"purchasable","14":"product-type-simple"},"_links":{"self":[{"href":"https:\/\/disma.ar\/clientes\/wp-json\/wp\/v2\/product\/17990","targetHints":{"allow":["GET"]}}],"collection":[{"href":"https:\/\/disma.ar\/clientes\/wp-json\/wp\/v2\/product"}],"about":[{"href":"https:\/\/disma.ar\/clientes\/wp-json\/wp\/v2\/types\/product"}],"replies":[{"embeddable":true,"href":"https:\/\/disma.ar\/clientes\/wp-json\/wp\/v2\/comments?post=17990"}],"wp:featuredmedia":[{"embeddable":true,"href":"https:\/\/disma.ar\/clientes\/wp-json\/wp\/v2\/media\/17991"}],"wp:attachment":[{"href":"https:\/\/disma.ar\/clientes\/wp-json\/wp\/v2\/media?parent=17990"}],"wp:term":[{"taxonomy":"product_brand","embeddable":true,"href":"https:\/\/disma.ar\/clientes\/wp-json\/wp\/v2\/product_brand?post=17990"},{"taxonomy":"product_cat","embeddable":true,"href":"https:\/\/disma.ar\/clientes\/wp-json\/wp\/v2\/product_cat?post=17990"},{"taxonomy":"product_tag","embeddable":true,"href":"https:\/\/disma.ar\/clientes\/wp-json\/wp\/v2\/product_tag?post=17990"}],"curies":[{"name":"wp","href":"https:\/\/api.w.org\/{rel}","templated":true}]}}