{"id":17968,"date":"2025-10-22T16:42:56","date_gmt":"2025-10-22T19:42:56","guid":{"rendered":"https:\/\/disma.ar\/clientes\/?post_type=product&#038;p=17968"},"modified":"2026-04-30T10:54:40","modified_gmt":"2026-04-30T13:54:40","slug":"cable-prolongador-alargue-usb-2-0-macho-hembra-1-5-metro-int-co-a10usb2-0al","status":"publish","type":"product","link":"https:\/\/disma.ar\/clientes\/producto\/cable-prolongador-alargue-usb-2-0-macho-hembra-1-5-metro-int-co-a10usb2-0al\/","title":{"rendered":"CABLE PROLONGADOR ALARGUE USB 2.0 MACHO HEMBRA 1.5 METRO INT.CO A10USB2.0AL"},"content":{"rendered":"<p>Cable USB 2.0 alargue macho a hembra de 1.5m. Extiende la conexi\u00f3n de perif\u00e9ricos con comodidad y sin p\u00e9rdida de se\u00f1al.<\/p>\n","protected":false},"excerpt":{"rendered":"<p>INT.CO<\/p>\n","protected":false},"featured_media":17969,"comment_status":"open","ping_status":"closed","template":"","meta":[],"product_brand":[],"product_cat":[39],"product_tag":[],"class_list":{"0":"post-17968","1":"product","2":"type-product","3":"status-publish","4":"has-post-thumbnail","6":"product_cat-cables-computacion","8":"first","9":"instock","10":"shipping-taxable","11":"purchasable","12":"product-type-simple"},"_links":{"self":[{"href":"https:\/\/disma.ar\/clientes\/wp-json\/wp\/v2\/product\/17968","targetHints":{"allow":["GET"]}}],"collection":[{"href":"https:\/\/disma.ar\/clientes\/wp-json\/wp\/v2\/product"}],"about":[{"href":"https:\/\/disma.ar\/clientes\/wp-json\/wp\/v2\/types\/product"}],"replies":[{"embeddable":true,"href":"https:\/\/disma.ar\/clientes\/wp-json\/wp\/v2\/comments?post=17968"}],"wp:featuredmedia":[{"embeddable":true,"href":"https:\/\/disma.ar\/clientes\/wp-json\/wp\/v2\/media\/17969"}],"wp:attachment":[{"href":"https:\/\/disma.ar\/clientes\/wp-json\/wp\/v2\/media?parent=17968"}],"wp:term":[{"taxonomy":"product_brand","embeddable":true,"href":"https:\/\/disma.ar\/clientes\/wp-json\/wp\/v2\/product_brand?post=17968"},{"taxonomy":"product_cat","embeddable":true,"href":"https:\/\/disma.ar\/clientes\/wp-json\/wp\/v2\/product_cat?post=17968"},{"taxonomy":"product_tag","embeddable":true,"href":"https:\/\/disma.ar\/clientes\/wp-json\/wp\/v2\/product_tag?post=17968"}],"curies":[{"name":"wp","href":"https:\/\/api.w.org\/{rel}","templated":true}]}}