{"id":17965,"date":"2025-10-22T16:30:28","date_gmt":"2025-10-22T19:30:28","guid":{"rendered":"https:\/\/disma.ar\/clientes\/?post_type=product&#038;p=17965"},"modified":"2026-04-30T10:54:40","modified_gmt":"2026-04-30T13:54:40","slug":"auricular-manos-libres-con-microfono-usb-tipo-c-in-ear-negro-hifi","status":"publish","type":"product","link":"https:\/\/disma.ar\/clientes\/producto\/auricular-manos-libres-con-microfono-usb-tipo-c-in-ear-negro-hifi\/","title":{"rendered":"AURICULAR MANOS LIBRES CON MICROFONO USB TIPO C IN EAR NEGRO HIFI"},"content":{"rendered":"<p>Conexi\u00f3n USB-C: Compatibilidad con tel\u00e9fonos, tablets, laptops y consolas.<\/p>\n<p>Sonido de alta calidad: Conversi\u00f3n digital para audio m\u00e1s claro y definido.<\/p>\n<p>Micr\u00f3fono y control en l\u00ednea: Bot\u00f3n multifunci\u00f3n para llamadas y m\u00fasica.<\/p>\n<p>Dise\u00f1o intraaural ergon\u00f3mico: C\u00f3modo para uso prolongado y aislamiento pasivo.<\/p>\n<p>Cable anti-enredos: Resistente y f\u00e1cil de guardar.<\/p>\n<p>Color: Negro.<\/p>\n<p>Formato: In-ear, est\u00e9reo.<\/p>\n<p>Modelo: GK T200.<\/p>\n","protected":false},"excerpt":{"rendered":"<p>Conexi\u00f3n USB-C: Compatibilidad con tel\u00e9fonos, tablets, laptops y consolas. Sonido de alta calidad: Conversi\u00f3n digital para audio m\u00e1s claro y definido. Micr\u00f3fono y control en l\u00ednea: Bot\u00f3n multifunci\u00f3n para llamadas y m\u00fasica. Dise\u00f1o intraaural ergon\u00f3mico: C\u00f3modo para uso prolongado y aislamiento pasivo. Cable anti-enredos: Resistente y f\u00e1cil de guardar. Color: Negro. Formato: In-ear, est\u00e9reo. Modelo: [&hellip;]<\/p>\n","protected":false},"featured_media":17967,"comment_status":"open","ping_status":"closed","template":"","meta":[],"product_brand":[],"product_cat":[57],"product_tag":[],"class_list":{"0":"post-17965","1":"product","2":"type-product","3":"status-publish","4":"has-post-thumbnail","6":"product_cat-auriculares-con-cable-y-mic","8":"first","9":"instock","10":"shipping-taxable","11":"purchasable","12":"product-type-simple"},"_links":{"self":[{"href":"https:\/\/disma.ar\/clientes\/wp-json\/wp\/v2\/product\/17965","targetHints":{"allow":["GET"]}}],"collection":[{"href":"https:\/\/disma.ar\/clientes\/wp-json\/wp\/v2\/product"}],"about":[{"href":"https:\/\/disma.ar\/clientes\/wp-json\/wp\/v2\/types\/product"}],"replies":[{"embeddable":true,"href":"https:\/\/disma.ar\/clientes\/wp-json\/wp\/v2\/comments?post=17965"}],"wp:featuredmedia":[{"embeddable":true,"href":"https:\/\/disma.ar\/clientes\/wp-json\/wp\/v2\/media\/17967"}],"wp:attachment":[{"href":"https:\/\/disma.ar\/clientes\/wp-json\/wp\/v2\/media?parent=17965"}],"wp:term":[{"taxonomy":"product_brand","embeddable":true,"href":"https:\/\/disma.ar\/clientes\/wp-json\/wp\/v2\/product_brand?post=17965"},{"taxonomy":"product_cat","embeddable":true,"href":"https:\/\/disma.ar\/clientes\/wp-json\/wp\/v2\/product_cat?post=17965"},{"taxonomy":"product_tag","embeddable":true,"href":"https:\/\/disma.ar\/clientes\/wp-json\/wp\/v2\/product_tag?post=17965"}],"curies":[{"name":"wp","href":"https:\/\/api.w.org\/{rel}","templated":true}]}}