{"id":17933,"date":"2025-10-21T12:12:29","date_gmt":"2025-10-21T15:12:29","guid":{"rendered":"https:\/\/disma.ar\/clientes\/?post_type=product&#038;p=17933"},"modified":"2026-05-13T12:41:24","modified_gmt":"2026-05-13T15:41:24","slug":"cargador-12v-3-mts-para-internet-starlink","status":"publish","type":"product","link":"https:\/\/disma.ar\/clientes\/producto\/cargador-12v-3-mts-para-internet-starlink\/","title":{"rendered":"CARGADOR 12V 3 MTS PARA INTERNET STARLINK"},"content":{"rendered":"<p>Enchufe macho de barril de cc con dise\u00f1o resistente al agua, se conecta a la antena mini, para usar comodamente la red ethernet al aire libre en dias lluviosos.<\/p>\n<p>Cable gris de 3 metros de largo, con enchufe macho usb c, admite la conexi\u00f3n de la antena mini para exteriores a un banco de energia de salida de 65 w para obtener un suministro de red estable; admite protocolo pd, entrada de energia maxima de 100 w (20 v\/5 a)<\/p>\n<p>Dise\u00f1o duradero y que no se enreda, se puede usar en condiciones clim\u00e1ticas adversas, con protecci\u00f3n contra sobrecalentamiento, viento y agua, tambien resistente al sobrecalentamiento y al frio, se puede usar en la mayor\u00eda de las situaciones.<\/p>\n<p>Plug and play, sin ninguna otra instalaci\u00f3n, puede usarlo facilmente<\/p>\n<p>Material de pvc de primera calidad para mantener un rendimiento constante, reducir el calor y brindar una experiencia de usuario optima en todo momento. enchufe de aleaci\u00f3n de aluminio, antioxidante y resistente a la corrosion.<\/p>\n","protected":false},"excerpt":{"rendered":"<p>Enchufe macho de barril de cc con dise\u00f1o resistente al agua, se conecta a la antena mini, para usar comodamente la red ethernet al aire libre en dias lluviosos. Cable gris de 3 metros de largo, con enchufe macho usb c, admite la conexi\u00f3n de la antena mini para exteriores a un banco de energia [&hellip;]<\/p>\n","protected":false},"featured_media":17934,"comment_status":"open","ping_status":"closed","template":"","meta":[],"product_brand":[],"product_cat":[211],"product_tag":[],"class_list":{"0":"post-17933","1":"product","2":"type-product","3":"status-publish","4":"has-post-thumbnail","6":"product_cat-fuentes-switching","8":"first","9":"instock","10":"shipping-taxable","11":"purchasable","12":"product-type-simple"},"_links":{"self":[{"href":"https:\/\/disma.ar\/clientes\/wp-json\/wp\/v2\/product\/17933","targetHints":{"allow":["GET"]}}],"collection":[{"href":"https:\/\/disma.ar\/clientes\/wp-json\/wp\/v2\/product"}],"about":[{"href":"https:\/\/disma.ar\/clientes\/wp-json\/wp\/v2\/types\/product"}],"replies":[{"embeddable":true,"href":"https:\/\/disma.ar\/clientes\/wp-json\/wp\/v2\/comments?post=17933"}],"wp:featuredmedia":[{"embeddable":true,"href":"https:\/\/disma.ar\/clientes\/wp-json\/wp\/v2\/media\/17934"}],"wp:attachment":[{"href":"https:\/\/disma.ar\/clientes\/wp-json\/wp\/v2\/media?parent=17933"}],"wp:term":[{"taxonomy":"product_brand","embeddable":true,"href":"https:\/\/disma.ar\/clientes\/wp-json\/wp\/v2\/product_brand?post=17933"},{"taxonomy":"product_cat","embeddable":true,"href":"https:\/\/disma.ar\/clientes\/wp-json\/wp\/v2\/product_cat?post=17933"},{"taxonomy":"product_tag","embeddable":true,"href":"https:\/\/disma.ar\/clientes\/wp-json\/wp\/v2\/product_tag?post=17933"}],"curies":[{"name":"wp","href":"https:\/\/api.w.org\/{rel}","templated":true}]}}