{"id":17853,"date":"2025-10-14T11:34:22","date_gmt":"2025-10-14T14:34:22","guid":{"rendered":"https:\/\/disma.ar\/clientes\/?post_type=product&#038;p=17853"},"modified":"2026-04-30T10:53:01","modified_gmt":"2026-04-30T13:53:01","slug":"adaptador-receptor-bluetooth-y-wifi-600-mbps-dongle-dual-2-en-1-seisa-dn-4515ac","status":"publish","type":"product","link":"https:\/\/disma.ar\/clientes\/producto\/adaptador-receptor-bluetooth-y-wifi-600-mbps-dongle-dual-2-en-1-seisa-dn-4515ac\/","title":{"rendered":"ADAPTADOR ANTENA RECEPTOR BLUETOOTH Y WIFI DUAL BAND 2.4\/5.8GHZ 600 MBPS DONGLE DUAL 2 EN 1 SEISA DN-4515AC"},"content":{"rendered":"<p>WiFi Dual Band: Uso del chip Realtek RTL8821CU para obtener una red inal\u00e1mbrica IEEE802.11 universal a \/ b \/ g \/ n \/ ac. Ofrece una velocidad de hasta 5,8 GHz (433 Mbps) y 2,4 GHz (150 Mbps). WiFi de 5,8 GHz es una excelente soluci\u00f3n para transmitir videos HD y juegos en l\u00ednea sin retraso, WiFi de 2,4 GHz es m\u00e1s adecuado para uso normal, como navegar por Internet, escuchar m\u00fasica, chatear, etc.<\/p>\n<p>Transmisor Bluetooth: Bluetooth 4.2 permite que una PC que no sea Bluetooth se conecte de forma inal\u00e1mbrica con otros dispositivos (como tel\u00e9fonos inteligentes, iPad, tabletas, altavoces, auriculares, teclados, ratones, impresoras, proyectores, etc.). Tambi\u00e9n para transferir datos de hasta 10 m de distancia.<\/p>\n<p>WiFi de doble banda + Bluetooth: compatible con Windows 7\/8\/8.1\/10\/Vista y XP. Instalan el controlador desde el mini CD (tambi\u00e9n). Bluetooth 4.2 compatible con Windows 7\/8\/8.1\/10, no compatible con Vista\/xp\/Mac OS. (El LED azul parpadear\u00e1 mientras funciona).<\/p>\n<p>Modo AP: Transmisor Wi-Fi para ordenador en red. Puede configurar el dongle USB en &#8220;Modo AP&#8221; para que los tel\u00e9fonos m\u00f3viles, tabletas, computadoras port\u00e1tiles y otros dispositivos puedan conectarse de forma inal\u00e1mbrica a Internet a trav\u00e9s de WiFi.<\/p>\n<p>ENCHUFE &amp; PLAY: instalaci\u00f3n r\u00e1pida de controladores (en muchos casos innecesarios) desde el mini CD. Perfecto para PC fijo y port\u00e1til. Si su computadora no puede acceder a Internet o no puede tener un reproductor de CD, este es su adaptador de red.<\/p>\n<p>Caracter\u00edsticas:<\/p>\n<p>Dual Band: conexiones alternativas 11 AC (5,8 G) y 11N (2,4 G) para programas de TV, pel\u00edcula HD, streaming y juegos en l\u00ednea para evitar interferencias inal\u00e1mbricas.<\/p>\n<p>Velocidad inal\u00e1mbrica 433 Mbps en la banda 5,8 GHz o velocidad 150 Mbps en la banda 2,4 GHz.<\/p>\n<p>Soporta el modo Soft AP para crear un punto de acceso Wi-Fi.<\/p>\n<p>Soporta el m\u00e9todo de encriptaci\u00f3n WPS (Wi-Fi Protected Setup) para que no tengamos que recordar paseos largos.<\/p>\n<p>Dise\u00f1o mini y port\u00e1til para un f\u00e1cil transporte, es c\u00f3modo de usar.<\/p>\n<p>Perfecto para PC fijo y port\u00e1til.<\/p>\n<p>Incluye antena extra\u00edble.<\/p>\n<p>Especificaciones:<\/p>\n<p>Circuito integrado: RTL8821CU<\/p>\n<p>Tipo de interfaz: USB 2.0<\/p>\n<p>Tama\u00f1o: 5,3 x 1,9 x 1 cm.<\/p>\n<p>OS soporte: Windows XP, Vista, Win7, Win8, Win8.1, Win10<\/p>\n<p>WIFI Especificaciones:<\/p>\n<p>Rango de frecuencia: 2.4GHz + 5.8GHz<\/p>\n<p>Tasa de transmisi\u00f3n: 600 Mbps (11N: 150 Mbps, 11AC: 433 Mbps)<\/p>\n<p>Est\u00e1ndar: IEEE 802.11AC, 802.11b, 802.11g, 802.11n<\/p>\n<p>Crittogr\u00e1fico: WEP, WPA-PSK, WPA2-PSK, WPA \/ WPA2 64\/128 bits.<\/p>\n<p>Ganancia de antena: 20dBm (Max EIRP)<\/p>\n<p>Spread Spectrum: DSSS<\/p>\n<p>Modulation Type: OFDM \/ CCK \/ 16-QAM \/ 64-QAM<\/p>\n<p>BLUETOOTH Especificaciones:<\/p>\n<p>Versi\u00f3n de Bluetooth: 4.2<\/p>\n<p>Antena peak: 2dBi<\/p>\n<p>Channels: 0-78<\/p>\n<p>Modulation: 8DPSK, TT\/4 DQPSK, GFSK<\/p>\n<p>Transmission range: 10m<\/p>\n<p>CONTENIDO DEL PAQUETE:<\/p>\n<p>1 x WiFi USB + Bluetooth 600 Mbps<\/p>\n<p>1 x Antena<\/p>\n","protected":false},"excerpt":{"rendered":"<p>SEISA<\/p>\n","protected":false},"featured_media":17854,"comment_status":"open","ping_status":"closed","template":"","meta":[],"product_brand":[],"product_cat":[22,182],"product_tag":[],"class_list":{"0":"post-17853","1":"product","2":"type-product","3":"status-publish","4":"has-post-thumbnail","6":"product_cat-conectividad","7":"product_cat-usb-bluetooth","9":"first","10":"outofstock","11":"shipping-taxable","12":"purchasable","13":"product-type-simple"},"_links":{"self":[{"href":"https:\/\/disma.ar\/clientes\/wp-json\/wp\/v2\/product\/17853","targetHints":{"allow":["GET"]}}],"collection":[{"href":"https:\/\/disma.ar\/clientes\/wp-json\/wp\/v2\/product"}],"about":[{"href":"https:\/\/disma.ar\/clientes\/wp-json\/wp\/v2\/types\/product"}],"replies":[{"embeddable":true,"href":"https:\/\/disma.ar\/clientes\/wp-json\/wp\/v2\/comments?post=17853"}],"wp:featuredmedia":[{"embeddable":true,"href":"https:\/\/disma.ar\/clientes\/wp-json\/wp\/v2\/media\/17854"}],"wp:attachment":[{"href":"https:\/\/disma.ar\/clientes\/wp-json\/wp\/v2\/media?parent=17853"}],"wp:term":[{"taxonomy":"product_brand","embeddable":true,"href":"https:\/\/disma.ar\/clientes\/wp-json\/wp\/v2\/product_brand?post=17853"},{"taxonomy":"product_cat","embeddable":true,"href":"https:\/\/disma.ar\/clientes\/wp-json\/wp\/v2\/product_cat?post=17853"},{"taxonomy":"product_tag","embeddable":true,"href":"https:\/\/disma.ar\/clientes\/wp-json\/wp\/v2\/product_tag?post=17853"}],"curies":[{"name":"wp","href":"https:\/\/api.w.org\/{rel}","templated":true}]}}