{"id":17788,"date":"2025-10-06T15:45:43","date_gmt":"2025-10-06T18:45:43","guid":{"rendered":"https:\/\/disma.ar\/clientes\/?post_type=product&#038;p=17788"},"modified":"2026-04-30T10:52:54","modified_gmt":"2026-04-30T13:52:54","slug":"soporte-mesa-kit-flexible-doble-pinza-de-agarre-para-celular-soporte-microfono-con-filtro-sa13-skyway","status":"publish","type":"product","link":"https:\/\/disma.ar\/clientes\/producto\/soporte-mesa-kit-flexible-doble-pinza-de-agarre-para-celular-soporte-microfono-con-filtro-sa13-skyway\/","title":{"rendered":"SOPORTE MESA KIT FLEXIBLE DOBLE PINZA DE AGARRE PARA CELULAR + SOPORTE MICROFONO CON FILTRO SA13 SKYWAY"},"content":{"rendered":"<div class=\"typographyItemDetail MuiBox-root css-0\">\n<h3 class=\"MuiTypography-root MuiTypography-h3 css-m3ljwm\">Soporte Para Microfono Y Celular &#8211; Brazo Filtro Pinza &#8211; SA13 &#8211; SKYWAY<\/h3>\n<h3 class=\"MuiTypography-root MuiTypography-h3 css-m3ljwm\">SKU: 4043<\/h3>\n<h3 class=\"MuiTypography-root MuiTypography-h3 css-m3ljwm\"><\/h3>\n<\/div>\n<p class=\"MuiTypography-root MuiTypography-body1 typographyItemDetailDescription css-1tdd112\">SOPORTE DE MESA DOBLE CON PINZA DE AGARRE P\/ CELULAR + SOPORTE PARA MICROFONO SKYWAY &#8211; SA13 Brazo articulado para micr\u00f3fono con shockmount, antipop y soporte para celular Compuesto de 5 piezas: 1 Tijera brazo soporte con clip de micr\u00f3fono de mano 1 Montaje de mesa para soporte 1 Shockmount 1 Antipop 1 Soporte para celular con cuello de ganso flexible El soporte es sumamente estable y est\u00e1 hecho de acero resistente y duradero. El soporte es plegable y c\u00f3modo de llevar. Se puede montar en la mesa de los locutores (mediante una morsa, a rosca). Los brazos dobles, a\u00f1aden gran resistencia. Su micr\u00f3fono se puede mantener con seguridad en este soporte de micr\u00f3fono con morsa a rosca, para mesa\/escritorio. Espcificaciones Carga m\u00e1xima: aproximadamente 1.5 kg Se puede montar en la mesa con la abrazadera de montaje de mesa (incluida). Ideal para estudio de radiodifusi\u00f3n, estudio de sonido de voz en off, etc. &#8212;&#8212;&#8212;&#8212;&#8212;&#8212;&#8212;&#8211;IMPORTANTE &#8212;&#8212;&#8212;&#8212;&#8212;&#8212;&#8212;&#8212;&#8212; Apertura m\u00e1xima de la abrazadera de montaje a la mesa ( morza ) : 4 cm. (POR FAVOR VERIFIQUE el grosor de su mesa antes de confirmar la compra). DIAMETRO MAXIMO QUE ACEPTA EL SOPORTE DE MICROFONO 4 CM DE DIAMETRO Para la posicion correcta del microfono se corren las gomas y se inserta , el mismo lo sujeta a la base.<\/p>\n","protected":false},"excerpt":{"rendered":"<p>SKYWAY<\/p>\n","protected":false},"featured_media":17789,"comment_status":"open","ping_status":"closed","template":"","meta":[],"product_brand":[],"product_cat":[52],"product_tag":[],"class_list":{"0":"post-17788","1":"product","2":"type-product","3":"status-publish","4":"has-post-thumbnail","6":"product_cat-pie-de-microfono","8":"first","9":"instock","10":"shipping-taxable","11":"purchasable","12":"product-type-simple"},"_links":{"self":[{"href":"https:\/\/disma.ar\/clientes\/wp-json\/wp\/v2\/product\/17788","targetHints":{"allow":["GET"]}}],"collection":[{"href":"https:\/\/disma.ar\/clientes\/wp-json\/wp\/v2\/product"}],"about":[{"href":"https:\/\/disma.ar\/clientes\/wp-json\/wp\/v2\/types\/product"}],"replies":[{"embeddable":true,"href":"https:\/\/disma.ar\/clientes\/wp-json\/wp\/v2\/comments?post=17788"}],"wp:featuredmedia":[{"embeddable":true,"href":"https:\/\/disma.ar\/clientes\/wp-json\/wp\/v2\/media\/17789"}],"wp:attachment":[{"href":"https:\/\/disma.ar\/clientes\/wp-json\/wp\/v2\/media?parent=17788"}],"wp:term":[{"taxonomy":"product_brand","embeddable":true,"href":"https:\/\/disma.ar\/clientes\/wp-json\/wp\/v2\/product_brand?post=17788"},{"taxonomy":"product_cat","embeddable":true,"href":"https:\/\/disma.ar\/clientes\/wp-json\/wp\/v2\/product_cat?post=17788"},{"taxonomy":"product_tag","embeddable":true,"href":"https:\/\/disma.ar\/clientes\/wp-json\/wp\/v2\/product_tag?post=17788"}],"curies":[{"name":"wp","href":"https:\/\/api.w.org\/{rel}","templated":true}]}}