{"id":17653,"date":"2025-09-19T10:53:48","date_gmt":"2025-09-19T13:53:48","guid":{"rendered":"https:\/\/disma.ar\/clientes\/?post_type=product&#038;p=17653"},"modified":"2026-03-13T09:26:05","modified_gmt":"2026-03-13T12:26:05","slug":"switch-hdmi-3-entradas-1-salida-hdtv1-4-hdtv-1080p-dep-2-copia","status":"publish","type":"product","link":"https:\/\/disma.ar\/clientes\/producto\/switch-hdmi-3-entradas-1-salida-hdtv1-4-hdtv-1080p-dep-2-copia\/","title":{"rendered":"SWITCH HDMI 3 ENTRADAS 1 SALIDA HDTV1.4 HDTV 1080P SKYWAY"},"content":{"rendered":"<p>SWITCH HDMI &#8211; 3 en 1<br \/>\n3 en 1 Mini Smart HDMI Switch<br \/>\nSKU 3474<\/p>\n<p>CARACTERISTICAS<br \/>\n1. Tama\u00f1o compacto.<br \/>\n2. Cambio autom\u00e1tico.<br \/>\n3. Sin fuente de alimentaci\u00f3n.<br \/>\n4. Distribuya cualquiera de las tres se\u00f1ales de entrada al puerto de salida.<br \/>\n5. Bot\u00f3n de selecci\u00f3n manual ofrecido.<br \/>\n6. Velocidades de se\u00f1alizaci\u00f3n de hasta 2.25 Gbits en soporte de pantalla 1080P.<br \/>\n7. Ecualizaci\u00f3n del super receptor para compensar hasta 20 m de p\u00e9rdidas de cable HDMI.<br \/>\nPre-\u00e9nfasis del controlador de 8.3dB para compensar las p\u00e9rdidas de PCB.<br \/>\n9. Cada puerto admite entradas HDMI o DVI.<br \/>\n10. Cumple con HDCP.<\/p>\n<p>INTRODUCCI\u00d3N<br \/>\nEs un interruptor HDMI de tres entradas una salida. Podr\u00eda cambiar las tres entradas HDMI a la salida. Estas tres entradas son de conmutaci\u00f3n autom\u00e1tica.<br \/>\n(Funci\u00f3n inteligente) Y tambi\u00e9n puede usar el bot\u00f3n en el panel frontal para elegir la entrada que desea mostrar.<\/p>\n<p>Tiene la capacidad de ecualizaci\u00f3n y amplificaci\u00f3n para garantizar la transmisi\u00f3n de la se\u00f1al HDMI a trav\u00e9s de un cable largo sin p\u00e9rdida de calidad.<\/p>\n<p>Ofrece soluciones para consumidores residenciales, tiendas de televisores y televisores de HDTV, HDTV, STB, DVD y f\u00e1bricas de proyectores, ruido, espacio y seguridad, control del centro de datos, distribuci\u00f3n de informaci\u00f3n, presentaciones en salas de conferencias, entornos de capacitaci\u00f3n escolar y corporativa.<\/p>\n","protected":false},"excerpt":{"rendered":"<p>ORVESION<\/p>\n","protected":false},"featured_media":17654,"comment_status":"open","ping_status":"closed","template":"","meta":[],"product_brand":[],"product_cat":[91],"product_tag":[],"class_list":{"0":"post-17653","1":"product","2":"type-product","3":"status-publish","4":"has-post-thumbnail","6":"product_cat-selectores-audio-y-video","8":"first","9":"outofstock","10":"shipping-taxable","11":"purchasable","12":"product-type-simple"},"_links":{"self":[{"href":"https:\/\/disma.ar\/clientes\/wp-json\/wp\/v2\/product\/17653","targetHints":{"allow":["GET"]}}],"collection":[{"href":"https:\/\/disma.ar\/clientes\/wp-json\/wp\/v2\/product"}],"about":[{"href":"https:\/\/disma.ar\/clientes\/wp-json\/wp\/v2\/types\/product"}],"replies":[{"embeddable":true,"href":"https:\/\/disma.ar\/clientes\/wp-json\/wp\/v2\/comments?post=17653"}],"wp:featuredmedia":[{"embeddable":true,"href":"https:\/\/disma.ar\/clientes\/wp-json\/wp\/v2\/media\/17654"}],"wp:attachment":[{"href":"https:\/\/disma.ar\/clientes\/wp-json\/wp\/v2\/media?parent=17653"}],"wp:term":[{"taxonomy":"product_brand","embeddable":true,"href":"https:\/\/disma.ar\/clientes\/wp-json\/wp\/v2\/product_brand?post=17653"},{"taxonomy":"product_cat","embeddable":true,"href":"https:\/\/disma.ar\/clientes\/wp-json\/wp\/v2\/product_cat?post=17653"},{"taxonomy":"product_tag","embeddable":true,"href":"https:\/\/disma.ar\/clientes\/wp-json\/wp\/v2\/product_tag?post=17653"}],"curies":[{"name":"wp","href":"https:\/\/api.w.org\/{rel}","templated":true}]}}