{"id":17528,"date":"2025-09-08T14:53:57","date_gmt":"2025-09-08T17:53:57","guid":{"rendered":"https:\/\/disma.ar\/clientes\/?post_type=product&#038;p=17528"},"modified":"2026-02-11T13:20:05","modified_gmt":"2026-02-11T16:20:05","slug":"inflador-mini-compresor-de-llantas-portable-digital-12-v-2000mah-auto-motos-bici-pelota","status":"publish","type":"product","link":"https:\/\/disma.ar\/clientes\/producto\/inflador-mini-compresor-de-llantas-portable-digital-12-v-2000mah-auto-motos-bici-pelota\/","title":{"rendered":"INFLADOR MINI COMPRESOR DE LLANTAS PORTABLE DIGITAL 12 V 2000MAH AUTO \/ MOTOS\/ BICI \/ PELOTA"},"content":{"rendered":"<p>Bomba de aire sin cuerda del coche<\/p>\n<p>Se carga por USB<br \/>\nIncluye:<br \/>\nBomba<br \/>\nCable USB<br \/>\n4 Picos<\/p>\n<p>Funci\u00f3n Luz de emergencia, Indicador de potencia, La presi\u00f3n de los neum\u00e1ticos Monitor<br \/>\nVoltaje 7,4 V<br \/>\nPresi\u00f3n m\u00e1x. 101-150Psi<br \/>\nTalla 8,9*4,7*13,7 cm<br \/>\nN\u00famero de Modelo: CZK-3668<br \/>\nAplicaci\u00f3n: Neum\u00e1tico del coche\/de la bicicleta\/de la motocicleta<br \/>\nVoltaje 7,4 V<br \/>\nPotencia 70W<br \/>\nDi\u00e1metro del cilindro: 17mm<br \/>\nTiempo de inflaci\u00f3n 9,5 minutos para el neum\u00e1tico de coche normal<br \/>\nFunci\u00f3n Infladores del neum\u00e1tico, parada auto, iluminaci\u00f3n llevada<br \/>\nCertificaci\u00f3n: CE<\/p>\n<div class=\"ui-pdp-container__row ui-pdp-container__row--attributes\">\n<div class=\"ui-vpp-highlighted-specs__attribute-columns\">\n<div class=\"ui-vpp-highlighted-specs__attribute-columns__column\">\n<div class=\"ui-pdp-container__row ui-vpp-highlighted-specs__attribute-columns__row\">\n<div class=\"ui-vpp-highlighted-specs__key-value\">\n<div class=\"ui-vpp-highlighted-specs__key-value__labels\"><\/div>\n<\/div>\n<\/div>\n<\/div>\n<\/div>\n<\/div>\n<div class=\"ui-pdp-container__row ui-pdp-container__row--technical-specifications\">\n<div class=\"ui-pdp-collapsable ui-vpp-highlighted-specs__striped-collapsed__action\">\n<div class=\"ui-pdp-collapsable__container\">\n<div class=\"ui-vpp-highlighted-specs__striped-specs\">\n<div class=\"ui-vpp-striped-specs\">\n<div class=\"ui-vpp-striped-specs__table\"><\/div>\n<\/div>\n<\/div>\n<\/div>\n<\/div>\n<\/div>\n","protected":false},"excerpt":{"rendered":"<p>Bomba de aire sin cuerda del coche Se carga por USB Incluye: Bomba Cable USB 4 Picos Funci\u00f3n Luz de emergencia, Indicador de potencia, La presi\u00f3n de los neum\u00e1ticos Monitor Voltaje 7,4 V Presi\u00f3n m\u00e1x. 101-150Psi Talla 8,9*4,7*13,7 cm N\u00famero de Modelo: CZK-3668 Aplicaci\u00f3n: Neum\u00e1tico del coche\/de la bicicleta\/de la motocicleta Voltaje 7,4 V Potencia [&hellip;]<\/p>\n","protected":false},"featured_media":17529,"comment_status":"open","ping_status":"closed","template":"","meta":[],"product_brand":[],"product_cat":[178],"product_tag":[],"class_list":{"0":"post-17528","1":"product","2":"type-product","3":"status-publish","4":"has-post-thumbnail","6":"product_cat-compresores","8":"first","9":"outofstock","10":"shipping-taxable","11":"purchasable","12":"product-type-simple"},"_links":{"self":[{"href":"https:\/\/disma.ar\/clientes\/wp-json\/wp\/v2\/product\/17528","targetHints":{"allow":["GET"]}}],"collection":[{"href":"https:\/\/disma.ar\/clientes\/wp-json\/wp\/v2\/product"}],"about":[{"href":"https:\/\/disma.ar\/clientes\/wp-json\/wp\/v2\/types\/product"}],"replies":[{"embeddable":true,"href":"https:\/\/disma.ar\/clientes\/wp-json\/wp\/v2\/comments?post=17528"}],"wp:featuredmedia":[{"embeddable":true,"href":"https:\/\/disma.ar\/clientes\/wp-json\/wp\/v2\/media\/17529"}],"wp:attachment":[{"href":"https:\/\/disma.ar\/clientes\/wp-json\/wp\/v2\/media?parent=17528"}],"wp:term":[{"taxonomy":"product_brand","embeddable":true,"href":"https:\/\/disma.ar\/clientes\/wp-json\/wp\/v2\/product_brand?post=17528"},{"taxonomy":"product_cat","embeddable":true,"href":"https:\/\/disma.ar\/clientes\/wp-json\/wp\/v2\/product_cat?post=17528"},{"taxonomy":"product_tag","embeddable":true,"href":"https:\/\/disma.ar\/clientes\/wp-json\/wp\/v2\/product_tag?post=17528"}],"curies":[{"name":"wp","href":"https:\/\/api.w.org\/{rel}","templated":true}]}}