{"id":17492,"date":"2025-09-04T11:25:54","date_gmt":"2025-09-04T14:25:54","guid":{"rendered":"https:\/\/disma.ar\/clientes\/?post_type=product&#038;p=17492"},"modified":"2026-04-30T10:52:47","modified_gmt":"2026-04-30T13:52:47","slug":"panel-de-iluminacion-estudio-luz-led-pl-26-para-fotografia-tripode","status":"publish","type":"product","link":"https:\/\/disma.ar\/clientes\/producto\/panel-de-iluminacion-estudio-luz-led-pl-26-para-fotografia-tripode\/","title":{"rendered":"PANEL DE ILUMINACION ESTUDIO LUZ LED PL-26 PARA FOTOGRAFIA SIN TRIPODE"},"content":{"rendered":"<p>ESPECIFICACIONES:<\/p>\n<p>Modelo: Luz de relleno de panel plano en vivo, luz de fotograf\u00eda<br \/>\nTama\u00f1o del anillo de luz: 23 x 16 x 2 cm aprox.<br \/>\nTemperatura de color: 3200K-6000K<br \/>\nModo de ajuste: 10 engranajes y 3 colores<br \/>\nN\u00famero de cuentas de l\u00e1mpara: 240<br \/>\nLongitud del cable de alimentaci\u00f3n: 2M<br \/>\nVoltaje: 110-240V<br \/>\nL\u00famenes: 4000LM<br \/>\nPotencia: 42W<\/p>\n","protected":false},"excerpt":{"rendered":"<p>ESPECIFICACIONES: Modelo: Luz de relleno de panel plano en vivo, luz de fotograf\u00eda Tama\u00f1o del anillo de luz: 23 x 16 x 2 cm aprox. Temperatura de color: 3200K-6000K Modo de ajuste: 10 engranajes y 3 colores N\u00famero de cuentas de l\u00e1mpara: 240 Longitud del cable de alimentaci\u00f3n: 2M Voltaje: 110-240V L\u00famenes: 4000LM Potencia: 42W<\/p>\n","protected":false},"featured_media":17497,"comment_status":"open","ping_status":"closed","template":"","meta":[],"product_brand":[],"product_cat":[15],"product_tag":[],"class_list":{"0":"post-17492","1":"product","2":"type-product","3":"status-publish","4":"has-post-thumbnail","6":"product_cat-sin-categorizar","8":"first","9":"instock","10":"shipping-taxable","11":"purchasable","12":"product-type-simple"},"_links":{"self":[{"href":"https:\/\/disma.ar\/clientes\/wp-json\/wp\/v2\/product\/17492","targetHints":{"allow":["GET"]}}],"collection":[{"href":"https:\/\/disma.ar\/clientes\/wp-json\/wp\/v2\/product"}],"about":[{"href":"https:\/\/disma.ar\/clientes\/wp-json\/wp\/v2\/types\/product"}],"replies":[{"embeddable":true,"href":"https:\/\/disma.ar\/clientes\/wp-json\/wp\/v2\/comments?post=17492"}],"wp:featuredmedia":[{"embeddable":true,"href":"https:\/\/disma.ar\/clientes\/wp-json\/wp\/v2\/media\/17497"}],"wp:attachment":[{"href":"https:\/\/disma.ar\/clientes\/wp-json\/wp\/v2\/media?parent=17492"}],"wp:term":[{"taxonomy":"product_brand","embeddable":true,"href":"https:\/\/disma.ar\/clientes\/wp-json\/wp\/v2\/product_brand?post=17492"},{"taxonomy":"product_cat","embeddable":true,"href":"https:\/\/disma.ar\/clientes\/wp-json\/wp\/v2\/product_cat?post=17492"},{"taxonomy":"product_tag","embeddable":true,"href":"https:\/\/disma.ar\/clientes\/wp-json\/wp\/v2\/product_tag?post=17492"}],"curies":[{"name":"wp","href":"https:\/\/api.w.org\/{rel}","templated":true}]}}