{"id":17246,"date":"2025-08-13T10:51:26","date_gmt":"2025-08-13T13:51:26","guid":{"rendered":"https:\/\/disma.ar\/clientes\/?post_type=product&#038;p=17246"},"modified":"2026-02-11T13:20:04","modified_gmt":"2026-02-11T16:20:04","slug":"consola-impo-video-juego-sup-900juegos-retro-16bits-pantalla-3-5-led-conexion-tv-carga-usb","status":"publish","type":"product","link":"https:\/\/disma.ar\/clientes\/producto\/consola-impo-video-juego-sup-900juegos-retro-16bits-pantalla-3-5-led-conexion-tv-carga-usb\/","title":{"rendered":"CONSOLA (IMPO+) VIDEO JUEGO SUP 900JUEGOS RETRO 16BITS PANTALLA 3.5&#8243; LED CONEXION TV CARGA USB"},"content":{"rendered":"<div class=\"post-content woocommerce-product-details__short-description\">\n<p>Modelo: GAME BOX POWER M3<\/p>\n<p>-Categor\u00eda: consola de juegos port\u00e1til<\/p>\n<p>-Pantalla: pantalla a color HD de 3,0 pulgadas<\/p>\n<p>-Capacidad de la bater\u00eda: 1020 mAh<\/p>\n<p>-Tipo de juego: 900 juegos integrados<\/p>\n<p>-Tipo de interfaz: USB<\/p>\n<p>-Color: rojo, azul, negro<\/p>\n<p>-Dimensiones: 9,9 * 6,8 * 1,2 cm<\/p>\n<p>-Conexi\u00f3n de TV: admite conexi\u00f3n AV<\/p>\n<p>-Tiempo en espera: alrededor de 10 horas<\/p>\n<p>-Tiempo de juego: alrededor de 4 horas<\/p>\n<p>-Tipo de bater\u00eda: bater\u00eda de litio extra\u00edble<\/p>\n<p>&nbsp;<\/p>\n<p>Mini Consola SUP\u00a0M3\u00a0Retro +900 Juegos 2020Recuerde los grandes cl\u00e1sicos y revive aventuras de los juegos como:\u00a0Zelda: a link to the past, Ninja Gaiden, Pokemon, Super Mario World, Sonic, entre muchos m\u00e1s!\u00a0Caracter\u00edsticas:<\/p>\n<ul>\n<li>Soporta 5 formatos de Juegos: Nintendo(NES), Sega Mega Drive(MD), Super Nintendo(SFC), Game Boy Advance(GBA) y Arcade(MAME).<\/li>\n<li>Viene con 900 juegos precargados (aprox: 280 NES+ 103 SFC + 227 GBA + 75 MAME + 200MD).<\/li>\n<li>La\u00a0consola Sup M3\u00a0viene con cables Av. para que puedas conectarlo a la TV teniendo una mejor experiencia de los juegos.<\/li>\n<li>Pantalla HD de 3.5 pulgadas.<\/li>\n<li>Dise\u00f1o de joystick mejorado, experiencia de juego m\u00e1s destacada.<\/li>\n<li>Bater\u00eda de pol\u00edmero recargable de 1020 mAh de capacidad incorporada, mayor duraci\u00f3n de la bater\u00eda. Ll\u00e9velo con usted durante viajes de negocios, viajes, campamentos u otras actividades al aire libre, para que su tiempo disperso ya no sea aburrido.<\/li>\n<li>Excelente portabilidad: Compacto y liviano con cuerpo delgado, ll\u00e9velo con usted en el camino al trabajo, tiempo libre, la mejor opci\u00f3n para relajarse. Juega en cualquier momento y en cualquier lugar, disfruta de la diversi\u00f3n del tren, el avi\u00f3n, el campamento o los viajes.<\/li>\n<li>Reproductor de juegos port\u00e1til\u00a0Mini Consola SUP M3 f\u00e1cil de jugar, regalo ideal para ni\u00f1os y adultos en cumplea\u00f1os o en cualquier ocasi\u00f3n.<\/li>\n<\/ul>\n<\/div>\n","protected":false},"excerpt":{"rendered":"<p>Impo +21%<\/p>\n","protected":false},"featured_media":17247,"comment_status":"open","ping_status":"closed","template":"","meta":[],"product_brand":[],"product_cat":[203],"product_tag":[],"class_list":{"0":"post-17246","1":"product","2":"type-product","3":"status-publish","4":"has-post-thumbnail","6":"product_cat-consolas-de-video-juego","8":"first","9":"outofstock","10":"shipping-taxable","11":"purchasable","12":"product-type-simple"},"_links":{"self":[{"href":"https:\/\/disma.ar\/clientes\/wp-json\/wp\/v2\/product\/17246","targetHints":{"allow":["GET"]}}],"collection":[{"href":"https:\/\/disma.ar\/clientes\/wp-json\/wp\/v2\/product"}],"about":[{"href":"https:\/\/disma.ar\/clientes\/wp-json\/wp\/v2\/types\/product"}],"replies":[{"embeddable":true,"href":"https:\/\/disma.ar\/clientes\/wp-json\/wp\/v2\/comments?post=17246"}],"wp:featuredmedia":[{"embeddable":true,"href":"https:\/\/disma.ar\/clientes\/wp-json\/wp\/v2\/media\/17247"}],"wp:attachment":[{"href":"https:\/\/disma.ar\/clientes\/wp-json\/wp\/v2\/media?parent=17246"}],"wp:term":[{"taxonomy":"product_brand","embeddable":true,"href":"https:\/\/disma.ar\/clientes\/wp-json\/wp\/v2\/product_brand?post=17246"},{"taxonomy":"product_cat","embeddable":true,"href":"https:\/\/disma.ar\/clientes\/wp-json\/wp\/v2\/product_cat?post=17246"},{"taxonomy":"product_tag","embeddable":true,"href":"https:\/\/disma.ar\/clientes\/wp-json\/wp\/v2\/product_tag?post=17246"}],"curies":[{"name":"wp","href":"https:\/\/api.w.org\/{rel}","templated":true}]}}