{"id":17177,"date":"2025-08-06T15:31:34","date_gmt":"2025-08-06T18:31:34","guid":{"rendered":"https:\/\/disma.ar\/clientes\/?post_type=product&#038;p=17177"},"modified":"2026-04-30T10:51:41","modified_gmt":"2026-04-30T13:51:41","slug":"carry-disk-ssd-hdd-2-5-tipo-c-hiksemi","status":"publish","type":"product","link":"https:\/\/disma.ar\/clientes\/producto\/carry-disk-ssd-hdd-2-5-tipo-c-hiksemi\/","title":{"rendered":"CARRY DISK SSD\/HDD 2.5` TIPO C HIKSEMI"},"content":{"rendered":"<p>Adaptabilidad Port\u00e1til: Adaptador compacto para discos duros SATA III con conexi\u00f3n USB3.1 Type-C, ofreciendo portabilidad y versatilidad.<br \/>\nControl Chip VL716: Compatible con discos SSD y HDD, asegurando un rendimiento \u00f3ptimo con el protocolo SATA III.<\/p>\n<p>Interfaz USB3.1 Type-C: Transferencia de datos r\u00e1pida de hasta 6Gbps para mover grandes vol\u00famenes de informaci\u00f3n eficientemente.<\/p>\n<p>Tecnolog\u00eda de Suspensi\u00f3n Inteligente: Modo de reposo activado despu\u00e9s de 10 minutos de inactividad, ahorrando energ\u00eda y prolongando la vida \u00fatil del disco duro<\/p>\n<p>Caracter\u00edsticas Principales<\/p>\n<p>Tipo de Conector: USB-C.<br \/>\nConexiones soportadas: USB-C, USB-A<br \/>\nVel. Transmisi\u00f3n: 6 Gbps<br \/>\nColor: Negro<br \/>\nMaterial: ABS<br \/>\nSistema operativo soportado: Windows \/ Mac OS \/ Linux \/ Android<br \/>\nDimensiones: 126 x 81 x 14 mm<br \/>\nPeso: 60g<\/p>\n","protected":false},"excerpt":{"rendered":"<p>Adaptabilidad Port\u00e1til: Adaptador compacto para discos duros SATA III con conexi\u00f3n USB3.1 Type-C, ofreciendo portabilidad y versatilidad. Control Chip VL716: Compatible con discos SSD y HDD, asegurando un rendimiento \u00f3ptimo con el protocolo SATA III. Interfaz USB3.1 Type-C: Transferencia de datos r\u00e1pida de hasta 6Gbps para mover grandes vol\u00famenes de informaci\u00f3n eficientemente. Tecnolog\u00eda de Suspensi\u00f3n [&hellip;]<\/p>\n","protected":false},"featured_media":17179,"comment_status":"open","ping_status":"closed","template":"","meta":[],"product_brand":[],"product_cat":[191],"product_tag":[],"class_list":{"0":"post-17177","1":"product","2":"type-product","3":"status-publish","4":"has-post-thumbnail","6":"product_cat-carry-caddy-disk","8":"first","9":"instock","10":"shipping-taxable","11":"purchasable","12":"product-type-simple"},"_links":{"self":[{"href":"https:\/\/disma.ar\/clientes\/wp-json\/wp\/v2\/product\/17177","targetHints":{"allow":["GET"]}}],"collection":[{"href":"https:\/\/disma.ar\/clientes\/wp-json\/wp\/v2\/product"}],"about":[{"href":"https:\/\/disma.ar\/clientes\/wp-json\/wp\/v2\/types\/product"}],"replies":[{"embeddable":true,"href":"https:\/\/disma.ar\/clientes\/wp-json\/wp\/v2\/comments?post=17177"}],"wp:featuredmedia":[{"embeddable":true,"href":"https:\/\/disma.ar\/clientes\/wp-json\/wp\/v2\/media\/17179"}],"wp:attachment":[{"href":"https:\/\/disma.ar\/clientes\/wp-json\/wp\/v2\/media?parent=17177"}],"wp:term":[{"taxonomy":"product_brand","embeddable":true,"href":"https:\/\/disma.ar\/clientes\/wp-json\/wp\/v2\/product_brand?post=17177"},{"taxonomy":"product_cat","embeddable":true,"href":"https:\/\/disma.ar\/clientes\/wp-json\/wp\/v2\/product_cat?post=17177"},{"taxonomy":"product_tag","embeddable":true,"href":"https:\/\/disma.ar\/clientes\/wp-json\/wp\/v2\/product_tag?post=17177"}],"curies":[{"name":"wp","href":"https:\/\/api.w.org\/{rel}","templated":true}]}}