{"id":17111,"date":"2025-08-01T10:04:53","date_gmt":"2025-08-01T13:04:53","guid":{"rendered":"https:\/\/disma.ar\/clientes\/?post_type=product&#038;p=17111"},"modified":"2026-04-30T10:51:59","modified_gmt":"2026-04-30T13:51:59","slug":"reloj-inteligente-smart-mi-band-7-xiaomi","status":"publish","type":"product","link":"https:\/\/disma.ar\/clientes\/producto\/reloj-inteligente-smart-mi-band-7-xiaomi\/","title":{"rendered":"RELOJ INTELIGENTE SMART MI BAND 7 XIAOMI SPORT"},"content":{"rendered":"<p>La nueva Mi Band 7 cuenta con una pantalla significativamente m\u00e1s grande que su predecesora. El nuevo panel AMOLED del wearable tendr\u00e1 1,62 pulgadas, aproximadamente un 25% superior al utilizado en la Mi Band 6. Su resoluci\u00f3n tambi\u00e9n aumenta a los 192 x 490 p\u00edxeles y quiz\u00e1 su brillo m\u00e1ximo en los entornos de los 500 nits. Xiaomi ha incorporado una pantalla m\u00e1s grande y de mayor resoluci\u00f3n en su dispositivo. Esto se traduce en mayor espacio y calidad de visualizaci\u00f3n, mostrando desde gr\u00e1ficos hasta datos importantes.<\/p>\n<p>Es compatible con m\u00e1s de 120 actividades distintas, todo monitorizado a trav\u00e9s del sensor de ritmo cardiaco con el que podremos conocer tambi\u00e9n el nivel de saturaci\u00f3n de ox\u00edgeno en sangre, una caracter\u00edstica habitual en este tipo de dispositivos. Tambien es resistente al agua, por lo que podremos nadar, entre otros muchos deportes, hasta a 50 metros de profundidad.<\/p>\n<p>Duraci\u00f3n de la carga de la bater\u00eda experimentar\u00eda un salto importante con respecto a la anterior generaci\u00f3n. Esto puede llegar tanto del incremento de la capacidad de su bater\u00eda, como de cambios y optimizaciones en el sistema de ahorro de energ\u00eda.<\/p>\n<p>En el tema de sensores, ahora la pulsera contar\u00e1 con frecuencia card\u00edaca, saturaci\u00f3n de ox\u00edgeno en sangre (SpO2), registro de la respiraci\u00f3n durante el sue\u00f1o, aceler\u00f3metro de 3 ejes, giroscopio de 3 ejes y tiene una resistencia al agua de 5 ATM.<\/p>\n<p>En relaci\u00f3n a su bater\u00eda, ahora contar\u00e1 con 180 mAh de energ\u00eda, pero su duraci\u00f3n se estima entre 7 a 14 d\u00edas dependiendo del uso extremo que le des al reloj.<\/p>\n<p>Pantalla AMOLED de 1,62&#8243; 162 x 490.<br \/>\nBrillo: 500 nits.<br \/>\nAceler\u00f3metro de 3 ejes.<br \/>\nSensor de frecuencia card\u00edaca.<br \/>\nGiroscopio.<br \/>\nIP68 resistencia al agua.<br \/>\nConectividad Bluetooth 5.2.<br \/>\nDimensiones: 46,5 x 20,7 x 12,25 mm<br \/>\nPeso: 13.5 gramos.<br \/>\nBater\u00eda: 250 mAh.<br \/>\nCarga magn\u00e9tica en 2 horas.<\/p>\n","protected":false},"excerpt":{"rendered":"<p>XIAOMI<\/p>\n","protected":false},"featured_media":17112,"comment_status":"open","ping_status":"closed","template":"","meta":[],"product_brand":[],"product_cat":[300],"product_tag":[],"class_list":{"0":"post-17111","1":"product","2":"type-product","3":"status-publish","4":"has-post-thumbnail","6":"product_cat-relojes-inteligentes-smart-watch","8":"first","9":"instock","10":"shipping-taxable","11":"purchasable","12":"product-type-simple"},"_links":{"self":[{"href":"https:\/\/disma.ar\/clientes\/wp-json\/wp\/v2\/product\/17111","targetHints":{"allow":["GET"]}}],"collection":[{"href":"https:\/\/disma.ar\/clientes\/wp-json\/wp\/v2\/product"}],"about":[{"href":"https:\/\/disma.ar\/clientes\/wp-json\/wp\/v2\/types\/product"}],"replies":[{"embeddable":true,"href":"https:\/\/disma.ar\/clientes\/wp-json\/wp\/v2\/comments?post=17111"}],"wp:featuredmedia":[{"embeddable":true,"href":"https:\/\/disma.ar\/clientes\/wp-json\/wp\/v2\/media\/17112"}],"wp:attachment":[{"href":"https:\/\/disma.ar\/clientes\/wp-json\/wp\/v2\/media?parent=17111"}],"wp:term":[{"taxonomy":"product_brand","embeddable":true,"href":"https:\/\/disma.ar\/clientes\/wp-json\/wp\/v2\/product_brand?post=17111"},{"taxonomy":"product_cat","embeddable":true,"href":"https:\/\/disma.ar\/clientes\/wp-json\/wp\/v2\/product_cat?post=17111"},{"taxonomy":"product_tag","embeddable":true,"href":"https:\/\/disma.ar\/clientes\/wp-json\/wp\/v2\/product_tag?post=17111"}],"curies":[{"name":"wp","href":"https:\/\/api.w.org\/{rel}","templated":true}]}}