{"id":17044,"date":"2025-07-25T12:54:41","date_gmt":"2025-07-25T15:54:41","guid":{"rendered":"https:\/\/disma.ar\/clientes\/?post_type=product&#038;p=17044"},"modified":"2026-02-11T13:17:04","modified_gmt":"2026-02-11T16:17:04","slug":"adaptador-activo-dvi-d-241-a-vga-hembra-audio-int-co","status":"publish","type":"product","link":"https:\/\/disma.ar\/clientes\/producto\/adaptador-activo-dvi-d-241-a-vga-hembra-audio-int-co\/","title":{"rendered":"ADAPTADOR ACTIVO DVI-D 24+1 A VGA HEMBRA + AUDIO INT.CO"},"content":{"rendered":"<p>El adaptador 09-020 convierte se\u00f1ales digitales DVI-D (24+1) a anal\u00f3gicas VGA utilizando un chip adaptador de anal\u00f3gico a digital. Incluye cables de audio de 3,5 mm y un cable microUSB a USB para alimentaci\u00f3n. Presentado en una bolsa exhibidora con un dise\u00f1o \u00fanico.<\/p>\n","protected":false},"excerpt":{"rendered":"<p>INT.CO<\/p>\n","protected":false},"featured_media":17383,"comment_status":"closed","ping_status":"closed","template":"","meta":[],"product_brand":[],"product_cat":[46],"product_tag":[],"class_list":{"0":"post-17044","1":"product","2":"type-product","3":"status-publish","4":"has-post-thumbnail","6":"product_cat-conectores-computacion","8":"first","9":"outofstock","10":"shipping-taxable","11":"purchasable","12":"product-type-simple"},"_links":{"self":[{"href":"https:\/\/disma.ar\/clientes\/wp-json\/wp\/v2\/product\/17044","targetHints":{"allow":["GET"]}}],"collection":[{"href":"https:\/\/disma.ar\/clientes\/wp-json\/wp\/v2\/product"}],"about":[{"href":"https:\/\/disma.ar\/clientes\/wp-json\/wp\/v2\/types\/product"}],"replies":[{"embeddable":true,"href":"https:\/\/disma.ar\/clientes\/wp-json\/wp\/v2\/comments?post=17044"}],"wp:featuredmedia":[{"embeddable":true,"href":"https:\/\/disma.ar\/clientes\/wp-json\/wp\/v2\/media\/17383"}],"wp:attachment":[{"href":"https:\/\/disma.ar\/clientes\/wp-json\/wp\/v2\/media?parent=17044"}],"wp:term":[{"taxonomy":"product_brand","embeddable":true,"href":"https:\/\/disma.ar\/clientes\/wp-json\/wp\/v2\/product_brand?post=17044"},{"taxonomy":"product_cat","embeddable":true,"href":"https:\/\/disma.ar\/clientes\/wp-json\/wp\/v2\/product_cat?post=17044"},{"taxonomy":"product_tag","embeddable":true,"href":"https:\/\/disma.ar\/clientes\/wp-json\/wp\/v2\/product_tag?post=17044"}],"curies":[{"name":"wp","href":"https:\/\/api.w.org\/{rel}","templated":true}]}}