{"id":17036,"date":"2025-12-15T09:06:37","date_gmt":"2025-12-15T12:06:37","guid":{"rendered":"https:\/\/disma.ar\/clientes\/?post_type=product&#038;p=17036"},"modified":"2026-04-30T10:51:48","modified_gmt":"2026-04-30T13:51:48","slug":"camara-foto-12mp-2-celeste-digital-infantil-con-funda-celeste-silicona-recargable-conejo-con-correa-1080p","status":"publish","type":"product","link":"https:\/\/disma.ar\/clientes\/producto\/camara-foto-12mp-2-celeste-digital-infantil-con-funda-celeste-silicona-recargable-conejo-con-correa-1080p\/","title":{"rendered":"CAMARA FOTO 12MP 2&#8243; CELESTE DIGITAL INFANTIL CON FUNDA CELESTE SILICONA RECARGABLE CONEJO CON CORREA 1080P"},"content":{"rendered":"<p>Caracter\u00edsticas t\u00e9cnicas:**<br \/>\n&#8211; **Resoluci\u00f3n de fotos**: 12 MP.<br \/>\n&#8211; **Resoluci\u00f3n de video**: 1080P.<br \/>\n&#8211; **Pantalla**: IPS a color de 2.0 pulgadas.<br \/>\n&#8211; **Bater\u00eda**: 600 mAh (recargable).<br \/>\n&#8211; **Material**: ABS y silicona de alta resistencia.<br \/>\n&#8211; **Compatibilidad de memoria**: MicroSD de 4 a 32 GB (no incluida).<br \/>\n&#8211; **Extras incluidos**: Correa y cable de carga.<br \/>\n&#8211; **Dimensiones**: 7 cm x 7 cm x 7 cm.<\/p>\n","protected":false},"excerpt":{"rendered":"<p>Caracter\u00edsticas t\u00e9cnicas:** &#8211; **Resoluci\u00f3n de fotos**: 12 MP. &#8211; **Resoluci\u00f3n de video**: 1080P. &#8211; **Pantalla**: IPS a color de 2.0 pulgadas. &#8211; **Bater\u00eda**: 600 mAh (recargable). &#8211; **Material**: ABS y silicona de alta resistencia. &#8211; **Compatibilidad de memoria**: MicroSD de 4 a 32 GB (no incluida). &#8211; **Extras incluidos**: Correa y cable de carga. &#8211; [&hellip;]<\/p>\n","protected":false},"featured_media":17037,"comment_status":"open","ping_status":"closed","template":"","meta":[],"product_brand":[],"product_cat":[350],"product_tag":[],"class_list":{"0":"post-17036","1":"product","2":"type-product","3":"status-publish","4":"has-post-thumbnail","6":"product_cat-camara-deportiva","8":"first","9":"instock","10":"shipping-taxable","11":"purchasable","12":"product-type-simple"},"_links":{"self":[{"href":"https:\/\/disma.ar\/clientes\/wp-json\/wp\/v2\/product\/17036","targetHints":{"allow":["GET"]}}],"collection":[{"href":"https:\/\/disma.ar\/clientes\/wp-json\/wp\/v2\/product"}],"about":[{"href":"https:\/\/disma.ar\/clientes\/wp-json\/wp\/v2\/types\/product"}],"replies":[{"embeddable":true,"href":"https:\/\/disma.ar\/clientes\/wp-json\/wp\/v2\/comments?post=17036"}],"wp:featuredmedia":[{"embeddable":true,"href":"https:\/\/disma.ar\/clientes\/wp-json\/wp\/v2\/media\/17037"}],"wp:attachment":[{"href":"https:\/\/disma.ar\/clientes\/wp-json\/wp\/v2\/media?parent=17036"}],"wp:term":[{"taxonomy":"product_brand","embeddable":true,"href":"https:\/\/disma.ar\/clientes\/wp-json\/wp\/v2\/product_brand?post=17036"},{"taxonomy":"product_cat","embeddable":true,"href":"https:\/\/disma.ar\/clientes\/wp-json\/wp\/v2\/product_cat?post=17036"},{"taxonomy":"product_tag","embeddable":true,"href":"https:\/\/disma.ar\/clientes\/wp-json\/wp\/v2\/product_tag?post=17036"}],"curies":[{"name":"wp","href":"https:\/\/api.w.org\/{rel}","templated":true}]}}