{"id":16864,"date":"2025-07-07T10:34:37","date_gmt":"2025-07-07T13:34:37","guid":{"rendered":"https:\/\/disma.ar\/clientes\/?post_type=product&#038;p=16864"},"modified":"2026-04-06T11:27:14","modified_gmt":"2026-04-06T14:27:14","slug":"soporte-tripode-metalico-para-celular-fotografia-alto-1-5mts-wt-3520-con-estuche","status":"publish","type":"product","link":"https:\/\/disma.ar\/clientes\/producto\/soporte-tripode-metalico-para-celular-fotografia-alto-1-5mts-wt-3520-con-estuche\/","title":{"rendered":"SOPORTE TRIPODE METALICO PARA CELULAR FOTOGRAFIA ALTO 1.5MTS WT-3520 CON ESTUCHE WEIFENG"},"content":{"rendered":"<p>ESPECIFICACIONES<\/p>\n<p>\u2022 Marca: Weifeng<br \/>\n\u2022 Modelo: wf3520<br \/>\n\u2022 Material: Aluminio<br \/>\n\u2022 Altura M\u00e1xima: 1.40<br \/>\n\u2022 Altura M\u00ednima: 55cm<br \/>\n\u2022 Altura Plegado: 57cm<br \/>\n\u2022 M\u00e1ximo Di\u00e1metro Tubo: 21.20mm<br \/>\n\u2022 Carga M\u00e1xima: 3 kg<br \/>\n\u2022 Secciones \/ pata: 3<br \/>\n\u2022 Mecanismo de Elevaci\u00f3n: S\u00ed<br \/>\n\u2022 Placa de Liberaci\u00f3n R\u00e1pida: S\u00ed<br \/>\n\u2022 Burbuja de Nivel: En la base y en el cabezal<br \/>\n\u2022 Gancho de Contrapeso: S\u00ed<br \/>\n\u2022 Bolso de Transporte: S\u00ed<br \/>\n\u2022 Peso: 920 g<br \/>\n\u2022 Usos: Fotograf\u00eda y video<\/p>\n","protected":false},"excerpt":{"rendered":"<p>WEIFENG<\/p>\n","protected":false},"featured_media":16865,"comment_status":"open","ping_status":"closed","template":"","meta":[],"product_brand":[],"product_cat":[334],"product_tag":[],"class_list":{"0":"post-16864","1":"product","2":"type-product","3":"status-publish","4":"has-post-thumbnail","6":"product_cat-tripodes-monopies","8":"first","9":"instock","10":"shipping-taxable","11":"purchasable","12":"product-type-simple"},"_links":{"self":[{"href":"https:\/\/disma.ar\/clientes\/wp-json\/wp\/v2\/product\/16864","targetHints":{"allow":["GET"]}}],"collection":[{"href":"https:\/\/disma.ar\/clientes\/wp-json\/wp\/v2\/product"}],"about":[{"href":"https:\/\/disma.ar\/clientes\/wp-json\/wp\/v2\/types\/product"}],"replies":[{"embeddable":true,"href":"https:\/\/disma.ar\/clientes\/wp-json\/wp\/v2\/comments?post=16864"}],"wp:featuredmedia":[{"embeddable":true,"href":"https:\/\/disma.ar\/clientes\/wp-json\/wp\/v2\/media\/16865"}],"wp:attachment":[{"href":"https:\/\/disma.ar\/clientes\/wp-json\/wp\/v2\/media?parent=16864"}],"wp:term":[{"taxonomy":"product_brand","embeddable":true,"href":"https:\/\/disma.ar\/clientes\/wp-json\/wp\/v2\/product_brand?post=16864"},{"taxonomy":"product_cat","embeddable":true,"href":"https:\/\/disma.ar\/clientes\/wp-json\/wp\/v2\/product_cat?post=16864"},{"taxonomy":"product_tag","embeddable":true,"href":"https:\/\/disma.ar\/clientes\/wp-json\/wp\/v2\/product_tag?post=16864"}],"curies":[{"name":"wp","href":"https:\/\/api.w.org\/{rel}","templated":true}]}}