{"id":16833,"date":"2025-07-06T16:43:33","date_gmt":"2025-07-06T19:43:33","guid":{"rendered":"https:\/\/disma.ar\/clientes\/?post_type=product&#038;p=16833"},"modified":"2026-02-11T13:17:05","modified_gmt":"2026-02-11T16:17:05","slug":"teclado-inalambrico-dual-2-4g-o-bluethooth-noga-color-compacto-slim","status":"publish","type":"product","link":"https:\/\/disma.ar\/clientes\/producto\/teclado-inalambrico-dual-2-4g-o-bluethooth-noga-color-compacto-slim\/","title":{"rendered":"TECLADO INALAMBRICO DUAL 2.4G O BLUETHOOTH NOGA COLOR COMPACTO SLIM"},"content":{"rendered":"<h3 class=\"\" data-start=\"139\" data-end=\"212\">NKB-Q30 | Teclado Inal\u00e1mbrico Dual para M\u00e1xima Comodidad y Libertad<\/h3>\n<p class=\"\" data-start=\"213\" data-end=\"468\">Compacto, port\u00e1til y con conexi\u00f3n dual. El\u00a0<strong data-start=\"256\" data-end=\"267\">NKB-Q30<\/strong>\u00a0te permite trabajar o estudiar con total libertad, desde cualquier lugar. Eleg\u00ed entre conexi\u00f3n\u00a0<strong data-start=\"363\" data-end=\"383\">2.4G o Bluetooth<\/strong>\u00a0y disfrut\u00e1 de un dise\u00f1o ergon\u00f3mico, ideal para largas jornadas frente a la pantalla.<\/p>\n<hr class=\"\" data-start=\"470\" data-end=\"473\" \/>\n<h4 class=\"\" data-start=\"475\" data-end=\"508\">Caracter\u00edsticas principales:<\/h4>\n<p class=\"\" data-start=\"510\" data-end=\"537\"><strong data-start=\"510\" data-end=\"535\">Conectividad vers\u00e1til<\/strong><\/p>\n<ul data-start=\"538\" data-end=\"688\">\n<li class=\"\" data-start=\"538\" data-end=\"611\">\n<p class=\"\" data-start=\"540\" data-end=\"611\"><strong data-start=\"540\" data-end=\"557\">Conexi\u00f3n Dual<\/strong>: Eleg\u00ed entre Bluetooth o 2.4G con un simple switch.<\/p>\n<\/li>\n<li class=\"\" data-start=\"612\" data-end=\"688\">\n<p class=\"\" data-start=\"614\" data-end=\"688\"><strong data-start=\"614\" data-end=\"639\">Receptor Nano USB 2.0<\/strong>: Alcance de hasta 10 metros, sin interrupciones.<\/p>\n<\/li>\n<\/ul>\n<p class=\"\" data-start=\"690\" data-end=\"728\"><strong data-start=\"690\" data-end=\"726\">Dise\u00f1o pensado para tu d\u00eda a d\u00eda<\/strong><\/p>\n<ul data-start=\"729\" data-end=\"912\">\n<li class=\"\" data-start=\"729\" data-end=\"797\">\n<p class=\"\" data-start=\"731\" data-end=\"797\"><strong data-start=\"731\" data-end=\"762\">79 teclas de alta precisi\u00f3n<\/strong>: Respuesta r\u00e1pida y durabilidad.<\/p>\n<\/li>\n<li class=\"\" data-start=\"798\" data-end=\"875\">\n<p class=\"\" data-start=\"800\" data-end=\"875\"><strong data-start=\"800\" data-end=\"826\">Dise\u00f1o compacto y slim<\/strong>: Ocupa poco espacio y es f\u00e1cil de transportar.<\/p>\n<\/li>\n<li class=\"\" data-start=\"876\" data-end=\"912\">\n<p class=\"\" data-start=\"878\" data-end=\"912\"><strong data-start=\"878\" data-end=\"889\">Medidas<\/strong>: 32,5 x 12,5 x 2,8 cm.<\/p>\n<\/li>\n<\/ul>\n<p class=\"\" data-start=\"914\" data-end=\"939\"><strong data-start=\"914\" data-end=\"937\">Comodidad adicional<\/strong><\/p>\n<ul data-start=\"940\" data-end=\"1115\">\n<li class=\"\" data-start=\"940\" data-end=\"1045\">\n<p class=\"\" data-start=\"942\" data-end=\"1045\"><strong data-start=\"942\" data-end=\"974\">Soporte multitarea integrado<\/strong>: Ideal para sostener tu smartphone, tablet o iPad mientras trabaj\u00e1s.<\/p>\n<\/li>\n<li class=\"\" data-start=\"1046\" data-end=\"1115\">\n<p class=\"\" data-start=\"1048\" data-end=\"1115\"><strong data-start=\"1048\" data-end=\"1073\">Alimentaci\u00f3n pr\u00e1ctica<\/strong>: Funciona con una pila AAA (no incluida).<\/p>\n<\/li>\n<\/ul>\n","protected":false},"excerpt":{"rendered":"<p>NOGA<\/p>\n","protected":false},"featured_media":16834,"comment_status":"open","ping_status":"closed","template":"","meta":[],"product_brand":[],"product_cat":[321,84],"product_tag":[],"class_list":{"0":"post-16833","1":"product","2":"type-product","3":"status-publish","4":"has-post-thumbnail","6":"product_cat-teclados-inalambricos-smart-pc-tv-lcd-led","7":"product_cat-teclados-pc","9":"first","10":"instock","11":"shipping-taxable","12":"purchasable","13":"product-type-simple"},"_links":{"self":[{"href":"https:\/\/disma.ar\/clientes\/wp-json\/wp\/v2\/product\/16833","targetHints":{"allow":["GET"]}}],"collection":[{"href":"https:\/\/disma.ar\/clientes\/wp-json\/wp\/v2\/product"}],"about":[{"href":"https:\/\/disma.ar\/clientes\/wp-json\/wp\/v2\/types\/product"}],"replies":[{"embeddable":true,"href":"https:\/\/disma.ar\/clientes\/wp-json\/wp\/v2\/comments?post=16833"}],"wp:featuredmedia":[{"embeddable":true,"href":"https:\/\/disma.ar\/clientes\/wp-json\/wp\/v2\/media\/16834"}],"wp:attachment":[{"href":"https:\/\/disma.ar\/clientes\/wp-json\/wp\/v2\/media?parent=16833"}],"wp:term":[{"taxonomy":"product_brand","embeddable":true,"href":"https:\/\/disma.ar\/clientes\/wp-json\/wp\/v2\/product_brand?post=16833"},{"taxonomy":"product_cat","embeddable":true,"href":"https:\/\/disma.ar\/clientes\/wp-json\/wp\/v2\/product_cat?post=16833"},{"taxonomy":"product_tag","embeddable":true,"href":"https:\/\/disma.ar\/clientes\/wp-json\/wp\/v2\/product_tag?post=16833"}],"curies":[{"name":"wp","href":"https:\/\/api.w.org\/{rel}","templated":true}]}}