{"id":16824,"date":"2025-07-06T16:21:37","date_gmt":"2025-07-06T19:21:37","guid":{"rendered":"https:\/\/disma.ar\/clientes\/?post_type=product&#038;p=16824"},"modified":"2026-04-30T10:51:18","modified_gmt":"2026-04-30T13:51:18","slug":"auricular-bluetooth-5-0-microfono-manos-libres-sport-ng-btwins37","status":"publish","type":"product","link":"https:\/\/disma.ar\/clientes\/producto\/auricular-bluetooth-5-0-microfono-manos-libres-sport-ng-btwins37\/","title":{"rendered":"AURICULAR BLUETOOTH 5.0 MICROFONO MANOS LIBRES SPORT NG-BTWINS37"},"content":{"rendered":"<p>VINCUL\u00c1 TUS TWINS<\/p>\n<ol>\n<li>Retir\u00e1 los auriculares NG-BTWINS 37 de su estuche con indicador de carga.<\/li>\n<li>Los auriculares se conectar\u00e1n de manera autom\u00e1tica entre s\u00ed.<\/li>\n<li>Activ\u00e1 el modo BT de tu smartphone. Busc\u00e1 NG-BTWINS 37 y vinculalos.<\/li>\n<li>Manejalos con sus controles touch. Al no usarlos por 5 min. se apagar\u00e1n.<\/li>\n<\/ol>\n<p>ESPECIFICACIONES<\/p>\n<ul>\n<li>Versi\u00f3n Inal\u00e1mbrica BT: V5.3+BR+EDR+BLE<\/li>\n<li>Frecuencia BT: 2.4 Ghz<\/li>\n<li>Bater\u00eda auricular: 55 mAh<\/li>\n<li>Bater\u00eda estuche: 300 mAh<\/li>\n<li>Puerto de carga: USB-C<\/li>\n<li>Alcance: 15 metros<\/li>\n<li>Tiempo de carga: 1 hora approx.<\/li>\n<li>Tiempo de uso: 5 horas approx.<\/li>\n<\/ul>\n<p>ESTUCHE CON INDICADOR DE CARGA<\/p>\n","protected":false},"excerpt":{"rendered":"<p>NOGA<\/p>\n","protected":false},"featured_media":16825,"comment_status":"open","ping_status":"closed","template":"","meta":[],"product_brand":[],"product_cat":[33],"product_tag":[],"class_list":{"0":"post-16824","1":"product","2":"type-product","3":"status-publish","4":"has-post-thumbnail","6":"product_cat-auriculares-bluetooth","8":"first","9":"instock","10":"shipping-taxable","11":"purchasable","12":"product-type-simple"},"_links":{"self":[{"href":"https:\/\/disma.ar\/clientes\/wp-json\/wp\/v2\/product\/16824","targetHints":{"allow":["GET"]}}],"collection":[{"href":"https:\/\/disma.ar\/clientes\/wp-json\/wp\/v2\/product"}],"about":[{"href":"https:\/\/disma.ar\/clientes\/wp-json\/wp\/v2\/types\/product"}],"replies":[{"embeddable":true,"href":"https:\/\/disma.ar\/clientes\/wp-json\/wp\/v2\/comments?post=16824"}],"wp:featuredmedia":[{"embeddable":true,"href":"https:\/\/disma.ar\/clientes\/wp-json\/wp\/v2\/media\/16825"}],"wp:attachment":[{"href":"https:\/\/disma.ar\/clientes\/wp-json\/wp\/v2\/media?parent=16824"}],"wp:term":[{"taxonomy":"product_brand","embeddable":true,"href":"https:\/\/disma.ar\/clientes\/wp-json\/wp\/v2\/product_brand?post=16824"},{"taxonomy":"product_cat","embeddable":true,"href":"https:\/\/disma.ar\/clientes\/wp-json\/wp\/v2\/product_cat?post=16824"},{"taxonomy":"product_tag","embeddable":true,"href":"https:\/\/disma.ar\/clientes\/wp-json\/wp\/v2\/product_tag?post=16824"}],"curies":[{"name":"wp","href":"https:\/\/api.w.org\/{rel}","templated":true}]}}