{"id":16660,"date":"2025-06-23T16:08:19","date_gmt":"2025-06-23T19:08:19","guid":{"rendered":"https:\/\/disma.ar\/clientes\/?post_type=product&#038;p=16660"},"modified":"2026-02-11T13:16:01","modified_gmt":"2026-02-11T16:16:01","slug":"telefono-inalambrico-uniden-at3103-pantalla-iluminada-identificador-altavoz","status":"publish","type":"product","link":"https:\/\/disma.ar\/clientes\/producto\/telefono-inalambrico-uniden-at3103-pantalla-iluminada-identificador-altavoz\/","title":{"rendered":"TELEFONO INALAMBRICO UNIDEN AT3103 PANTALLA ILUMINADA IDENTIFICADOR ALTAVOZ"},"content":{"rendered":"<p>El tel\u00e9fono inal\u00e1mbrico Uniden es un dispositivo de comunicaci\u00f3n fiable, elegante y f\u00e1cil de usar, ideal para el hogar o la oficina. Este modelo se destaca por su dise\u00f1o moderno y pr\u00e1ctico, que incluye una variedad de caracter\u00edsticas \u00fatiles para mejorar la experiencia de usuario.<\/p>\n<p>Auricular con pantalla LCD retroiluminada<br \/>\nDirectorio telef\u00f3nico con 20 nombres y n\u00fameros<br \/>\nVisualizaci\u00f3n de 10 n\u00fameros de llamadas<br \/>\nRellamada del \u00faltimo n\u00famero<br \/>\nMelod\u00eda de timbre independiente (para llamadas externas\/internas)<br \/>\nControl de volumen del timbre (5 niveles + apagado)<br \/>\nConfiguraci\u00f3n de fecha y hora<\/p>\n","protected":false},"excerpt":{"rendered":"<p>UNIDEN<\/p>\n","protected":false},"featured_media":16661,"comment_status":"open","ping_status":"closed","template":"","meta":[],"product_brand":[],"product_cat":[329],"product_tag":[],"class_list":{"0":"post-16660","1":"product","2":"type-product","3":"status-publish","4":"has-post-thumbnail","6":"product_cat-telefonos-inalambricos-2-o-mas-bases","8":"first","9":"instock","10":"shipping-taxable","11":"purchasable","12":"product-type-simple"},"_links":{"self":[{"href":"https:\/\/disma.ar\/clientes\/wp-json\/wp\/v2\/product\/16660","targetHints":{"allow":["GET"]}}],"collection":[{"href":"https:\/\/disma.ar\/clientes\/wp-json\/wp\/v2\/product"}],"about":[{"href":"https:\/\/disma.ar\/clientes\/wp-json\/wp\/v2\/types\/product"}],"replies":[{"embeddable":true,"href":"https:\/\/disma.ar\/clientes\/wp-json\/wp\/v2\/comments?post=16660"}],"wp:featuredmedia":[{"embeddable":true,"href":"https:\/\/disma.ar\/clientes\/wp-json\/wp\/v2\/media\/16661"}],"wp:attachment":[{"href":"https:\/\/disma.ar\/clientes\/wp-json\/wp\/v2\/media?parent=16660"}],"wp:term":[{"taxonomy":"product_brand","embeddable":true,"href":"https:\/\/disma.ar\/clientes\/wp-json\/wp\/v2\/product_brand?post=16660"},{"taxonomy":"product_cat","embeddable":true,"href":"https:\/\/disma.ar\/clientes\/wp-json\/wp\/v2\/product_cat?post=16660"},{"taxonomy":"product_tag","embeddable":true,"href":"https:\/\/disma.ar\/clientes\/wp-json\/wp\/v2\/product_tag?post=16660"}],"curies":[{"name":"wp","href":"https:\/\/api.w.org\/{rel}","templated":true}]}}