{"id":16655,"date":"2025-06-23T15:47:29","date_gmt":"2025-06-23T18:47:29","guid":{"rendered":"https:\/\/disma.ar\/clientes\/?post_type=product&#038;p=16655"},"modified":"2026-02-11T13:16:01","modified_gmt":"2026-02-11T16:16:01","slug":"parlante-bluetooth-usb-fm-entrada-mic-portatil-6-5-5w-efecto-luces-led-recargable-1200mah-panacom-sp-3055","status":"publish","type":"product","link":"https:\/\/disma.ar\/clientes\/producto\/parlante-bluetooth-usb-fm-entrada-mic-portatil-6-5-5w-efecto-luces-led-recargable-1200mah-panacom-sp-3055\/","title":{"rendered":"PARLANTE BLUETOOTH USB \/FM\/ ENTRADA MIC PORTATIL 6.5&#8243; 5W EFECTO LUCES LED RECARGABLE 1200MAH PANACOM SP-3055"},"content":{"rendered":"<p>Conexi\u00f3n inal\u00e1mbrica Bluetopth TWS-True Wireless Stereo Radio FM Entrada USB Luces led RGB Bater\u00eda recargable Cable de carga USB Entrada para micr\u00f3fono Medida del parlante: 6.5&#8243; Bater\u00eda de litio: 1200mAh Manija superior naranja 5W potencia de salida.<\/p>\n<p>&nbsp;<\/p>\n","protected":false},"excerpt":{"rendered":"<p>PANACOM<\/p>\n","protected":false},"featured_media":16656,"comment_status":"open","ping_status":"closed","template":"","meta":[],"product_brand":[],"product_cat":[78],"product_tag":[],"class_list":{"0":"post-16655","1":"product","2":"type-product","3":"status-publish","4":"has-post-thumbnail","6":"product_cat-parlantes-bluetooth","8":"first","9":"instock","10":"shipping-taxable","11":"purchasable","12":"product-type-simple"},"_links":{"self":[{"href":"https:\/\/disma.ar\/clientes\/wp-json\/wp\/v2\/product\/16655","targetHints":{"allow":["GET"]}}],"collection":[{"href":"https:\/\/disma.ar\/clientes\/wp-json\/wp\/v2\/product"}],"about":[{"href":"https:\/\/disma.ar\/clientes\/wp-json\/wp\/v2\/types\/product"}],"replies":[{"embeddable":true,"href":"https:\/\/disma.ar\/clientes\/wp-json\/wp\/v2\/comments?post=16655"}],"wp:featuredmedia":[{"embeddable":true,"href":"https:\/\/disma.ar\/clientes\/wp-json\/wp\/v2\/media\/16656"}],"wp:attachment":[{"href":"https:\/\/disma.ar\/clientes\/wp-json\/wp\/v2\/media?parent=16655"}],"wp:term":[{"taxonomy":"product_brand","embeddable":true,"href":"https:\/\/disma.ar\/clientes\/wp-json\/wp\/v2\/product_brand?post=16655"},{"taxonomy":"product_cat","embeddable":true,"href":"https:\/\/disma.ar\/clientes\/wp-json\/wp\/v2\/product_cat?post=16655"},{"taxonomy":"product_tag","embeddable":true,"href":"https:\/\/disma.ar\/clientes\/wp-json\/wp\/v2\/product_tag?post=16655"}],"curies":[{"name":"wp","href":"https:\/\/api.w.org\/{rel}","templated":true}]}}