{"id":16551,"date":"2025-06-09T15:04:44","date_gmt":"2025-06-09T18:04:44","guid":{"rendered":"https:\/\/disma.ar\/clientes\/?post_type=product&#038;p=16551"},"modified":"2026-04-30T10:51:17","modified_gmt":"2026-04-30T13:51:17","slug":"tecla-interruptor-inteligente-tactil-smart-3-vias-onica","status":"publish","type":"product","link":"https:\/\/disma.ar\/clientes\/producto\/tecla-interruptor-inteligente-tactil-smart-3-vias-onica\/","title":{"rendered":"TECLA switch INTERRUPTOR INTELIGENTE TACTIL SMART 3 VIAS C\/APP WIFI ONICA"},"content":{"rendered":"<p>Interruptor Tecla Inteligente Smart Con 3 V\u00edas Y Wifi IL540<\/p>\n<p>Este innovador interruptor inteligente transforma tu hogar en un espacio moderno y eficiente. Con tres teclas, este dispositivo permite controlar m\u00faltiples luces y electrodom\u00e9sticos de manera sencilla y r\u00e1pida.<\/p>\n<p>Su dise\u00f1o elegante en vidrio templado no solo aporta un toque de sofisticaci\u00f3n, sino que tambi\u00e9n es resistente y duradero.<br \/>\nCompatible con aplicaciones inteligentes como Tuya Smart, Alexa y Google Assistant, podr\u00e1s gestionar tus dispositivos desde cualquier lugar. Se pueden colocar en cualquier parte del hogar y manejar varias teclas directamente desde la app.<\/p>\n<p>Con una potencia m\u00e1xima de 1000W y un voltaje de 200-240V, este interruptor es ideal para cualquier hogar. Adem\u00e1s, su conexi\u00f3n Wi-Fi y Bluetooth garantiza un funcionamiento fluido.<\/p>\n<p>Con clasificaci\u00f3n IP20, es perfecto para interiores. Disfruta de la comodidad y seguridad que ofrece la tecnolog\u00eda Smart con el modelo de interruptor.<\/p>\n<p>Se puede configurar en grupo en la app y no necesita operar uno por otro o se preestablece el horario de encender y apagar para crear un hogar autom\u00e1tica con inteligencia.<\/p>\n<p>Gracias a su dise\u00f1o es f\u00e1cil de limpiar y tambi\u00e9n tiene funciones como impermeable y resistente a los ara\u00f1azos, que pueden proteger el interruptor de manera efectiva.<\/p>\n<p>DATOS TECNICOS<\/p>\n<p>Modelo: IL540.<br \/>\nMaterial: Vidrio templado.<br \/>\nMedidas: 12 cm x 7 cm.<br \/>\nCorriente Nominal: 10 A.<br \/>\nVoltaje Nominal: 110V.<br \/>\nTemperatura de trabajo: -10\u00b0C a 45\u00b0C.<br \/>\nConectividad: Wi-Fi 802.11 b\/g\/n.<br \/>\nSeguridad inal\u00e1mbrica: WPA-PSK\/WPA2-PSK.<br \/>\nCableado: Con cable neutral.<\/p>\n","protected":false},"excerpt":{"rendered":"<p>Interruptor Tecla Inteligente Smart Con 3 V\u00edas Y Wifi IL540 Este innovador interruptor inteligente transforma tu hogar en un espacio moderno y eficiente. Con tres teclas, este dispositivo permite controlar m\u00faltiples luces y electrodom\u00e9sticos de manera sencilla y r\u00e1pida. Su dise\u00f1o elegante en vidrio templado no solo aporta un toque de sofisticaci\u00f3n, sino que tambi\u00e9n [&hellip;]<\/p>\n","protected":false},"featured_media":18889,"comment_status":"open","ping_status":"closed","template":"","meta":[],"product_brand":[],"product_cat":[19],"product_tag":[],"class_list":{"0":"post-16551","1":"product","2":"type-product","3":"status-publish","4":"has-post-thumbnail","6":"product_cat-enchufes","8":"first","9":"instock","10":"shipping-taxable","11":"purchasable","12":"product-type-simple"},"_links":{"self":[{"href":"https:\/\/disma.ar\/clientes\/wp-json\/wp\/v2\/product\/16551","targetHints":{"allow":["GET"]}}],"collection":[{"href":"https:\/\/disma.ar\/clientes\/wp-json\/wp\/v2\/product"}],"about":[{"href":"https:\/\/disma.ar\/clientes\/wp-json\/wp\/v2\/types\/product"}],"replies":[{"embeddable":true,"href":"https:\/\/disma.ar\/clientes\/wp-json\/wp\/v2\/comments?post=16551"}],"wp:featuredmedia":[{"embeddable":true,"href":"https:\/\/disma.ar\/clientes\/wp-json\/wp\/v2\/media\/18889"}],"wp:attachment":[{"href":"https:\/\/disma.ar\/clientes\/wp-json\/wp\/v2\/media?parent=16551"}],"wp:term":[{"taxonomy":"product_brand","embeddable":true,"href":"https:\/\/disma.ar\/clientes\/wp-json\/wp\/v2\/product_brand?post=16551"},{"taxonomy":"product_cat","embeddable":true,"href":"https:\/\/disma.ar\/clientes\/wp-json\/wp\/v2\/product_cat?post=16551"},{"taxonomy":"product_tag","embeddable":true,"href":"https:\/\/disma.ar\/clientes\/wp-json\/wp\/v2\/product_tag?post=16551"}],"curies":[{"name":"wp","href":"https:\/\/api.w.org\/{rel}","templated":true}]}}