{"id":16512,"date":"2025-10-23T11:12:21","date_gmt":"2025-10-23T14:12:21","guid":{"rendered":"https:\/\/disma.ar\/clientes\/?post_type=product&#038;p=16512"},"modified":"2026-03-04T14:32:56","modified_gmt":"2026-03-04T17:32:56","slug":"parlante-bluetooth-tg-altavoz-portatil-inalambrico-10wx2","status":"publish","type":"product","link":"https:\/\/disma.ar\/clientes\/producto\/parlante-bluetooth-tg-altavoz-portatil-inalambrico-10wx2\/","title":{"rendered":"PARLANTE BLUETOOTH T&#038;G ALTAVOZ PORTATIL INALAMBRICO 10WX2"},"content":{"rendered":"<p>1. Especificaci\u00f3n de Bluetooth: V5.3<br \/>\n2. Relaci\u00f3n de ruido de audio: mayor o igual a 95 dB<br \/>\n3. Rango de transmisi\u00f3n: 10M<br \/>\n4. Capacidad de la bater\u00eda: 2400 mAh<br \/>\n5. Voltaje incorporado: 3,7 V<br \/>\n6. Tiempo de reproducci\u00f3n: aproximadamente 2 horas (var\u00eda seg\u00fan el contenido de audio y el volumen)<br \/>\n7. Especificaciones del altavoz: 57 mm x 2<br \/>\n8. Potencia del altavoz: 4\u03a9\/10Wx2<br \/>\n9. Respuesta de frecuencia: 120Hz-18KHz<br \/>\n10. Tama\u00f1o: 106x108x190mm<br \/>\n11. Peso: alrededor de 835G<br \/>\n12. Entrada de carga: 5V\/1000mA<\/p>\n","protected":false},"excerpt":{"rendered":"<p>T&amp;G<\/p>\n","protected":false},"featured_media":17976,"comment_status":"open","ping_status":"closed","template":"","meta":[],"product_brand":[],"product_cat":[78],"product_tag":[],"class_list":{"0":"post-16512","1":"product","2":"type-product","3":"status-publish","4":"has-post-thumbnail","6":"product_cat-parlantes-bluetooth","8":"first","9":"outofstock","10":"shipping-taxable","11":"purchasable","12":"product-type-simple"},"_links":{"self":[{"href":"https:\/\/disma.ar\/clientes\/wp-json\/wp\/v2\/product\/16512","targetHints":{"allow":["GET"]}}],"collection":[{"href":"https:\/\/disma.ar\/clientes\/wp-json\/wp\/v2\/product"}],"about":[{"href":"https:\/\/disma.ar\/clientes\/wp-json\/wp\/v2\/types\/product"}],"replies":[{"embeddable":true,"href":"https:\/\/disma.ar\/clientes\/wp-json\/wp\/v2\/comments?post=16512"}],"wp:featuredmedia":[{"embeddable":true,"href":"https:\/\/disma.ar\/clientes\/wp-json\/wp\/v2\/media\/17976"}],"wp:attachment":[{"href":"https:\/\/disma.ar\/clientes\/wp-json\/wp\/v2\/media?parent=16512"}],"wp:term":[{"taxonomy":"product_brand","embeddable":true,"href":"https:\/\/disma.ar\/clientes\/wp-json\/wp\/v2\/product_brand?post=16512"},{"taxonomy":"product_cat","embeddable":true,"href":"https:\/\/disma.ar\/clientes\/wp-json\/wp\/v2\/product_cat?post=16512"},{"taxonomy":"product_tag","embeddable":true,"href":"https:\/\/disma.ar\/clientes\/wp-json\/wp\/v2\/product_tag?post=16512"}],"curies":[{"name":"wp","href":"https:\/\/api.w.org\/{rel}","templated":true}]}}