{"id":16453,"date":"2026-03-19T10:29:43","date_gmt":"2026-03-19T13:29:43","guid":{"rendered":"https:\/\/disma.ar\/clientes\/?post_type=product&#038;p=16453"},"modified":"2026-04-30T16:57:37","modified_gmt":"2026-04-30T19:57:37","slug":"auricular-bluetooth-sport-lenovo-manos-libres-5-3-asistente-de-voz-con-deportivos","status":"publish","type":"product","link":"https:\/\/disma.ar\/clientes\/producto\/auricular-bluetooth-sport-lenovo-manos-libres-5-3-asistente-de-voz-con-deportivos\/","title":{"rendered":"AURICULAR BLUETOOTH SPORT LENOVO MANOS LIBRES 5.3 ASISTENTE DE VOZ DEPORTIVOS IPX5  6-7HS DE M\u00daSICA"},"content":{"rendered":"<p>1. Bluetooth 5.3 y calidad de sonido est\u00e9reo. Los auriculares Bluetooth de Lenovo te ofrecen una mejor experiencia musical. Con una transmisi\u00f3n de se\u00f1al r\u00e1pida y estable, calidad de sonido clara, sin saltos, distorsi\u00f3n y bajo consumo de energ\u00eda en comparaci\u00f3n con la versi\u00f3n Bluetooth 5.3. Al mismo tiempo, los auriculares est\u00e9reo proporcionan una calidad de sonido que envuelve la escena musical para una experiencia musical m\u00e1s realista.<br \/>\n2. Rendimiento impermeable IPX5. Auriculares deportivos dise\u00f1ados con un nanorrevestimiento interno para proteger los auriculares de la lluvia intensa o el sudor durante un entrenamiento intenso; simplemente disfrute de su tiempo mientras corre, hace footing, monta a caballo, practica senderismo, hace ejercicio o est\u00e1 en el gimnasio. Mantiene los auriculares en buen estado de funcionamiento incluso cuando est\u00e1s empapado en sudor despu\u00e9s de un entrenamiento agotador.<br \/>\n3. Dise\u00f1o ergon\u00f3mico del gancho para la oreja. Con su ligero dise\u00f1o ergon\u00f3mico, los auriculares de bot\u00f3n Lenovo son la combinaci\u00f3n perfecta de comodidad y estabilidad. Los ganchos y los ajustes de las orejas est\u00e1n dise\u00f1ados para deportes de alta intensidad. Ligeros y ergon\u00f3micos, los accesorios personalizables incluyen almohadillas de gel en tama\u00f1o grande, mediano y peque\u00f1o; los suaves ganchos de silicona garantizan un uso c\u00f3modo y seguro, incluso durante ejercicios intensos.<br \/>\n4. Estuche de carga y pantalla LED. El estuche de carga con bater\u00eda integrada proporciona hasta 40 horas de m\u00fasica continua. Coloque los auriculares en el estuche de carga y se cargar\u00e1n autom\u00e1ticamente. El estuche de carga tiene una pantalla LED para saber el tiempo de carga. Los auriculares Bluetooth de Lenovo son un gran compa\u00f1ero para tus deportes y viajes.<\/p>\n<p>Especificaciones del producto.<br \/>\nNombre del producto: XT80<br \/>\nVersi\u00f3n de Bluetooth. Bluetooth 5.3<br \/>\nPuerto de carga: Tipo C<br \/>\nTama\u00f1o del altavoz: 10mm<br \/>\nTiempo de conversaci\u00f3n: aprox. 4-5 horas<br \/>\nTiempo de m\u00fasica: aprox. 6-7 horas<br \/>\nCapacidad de la bater\u00eda del auricular: 55mAh<br \/>\nCapacidad de la bater\u00eda de la c\u00e1mara de carga: 500mAh<\/p>\n<p>El paquete incluye<br \/>\n1* Auriculares<br \/>\n1* Instrucciones<br \/>\n1* Cable de carga<br \/>\n1* Estuche de carga<\/p>\n","protected":false},"excerpt":{"rendered":"<p>LENOVO<\/p>\n","protected":false},"featured_media":16454,"comment_status":"open","ping_status":"closed","template":"","meta":[],"product_brand":[],"product_cat":[33],"product_tag":[],"class_list":{"0":"post-16453","1":"product","2":"type-product","3":"status-publish","4":"has-post-thumbnail","6":"product_cat-auriculares-bluetooth","8":"first","9":"instock","10":"shipping-taxable","11":"purchasable","12":"product-type-simple"},"_links":{"self":[{"href":"https:\/\/disma.ar\/clientes\/wp-json\/wp\/v2\/product\/16453","targetHints":{"allow":["GET"]}}],"collection":[{"href":"https:\/\/disma.ar\/clientes\/wp-json\/wp\/v2\/product"}],"about":[{"href":"https:\/\/disma.ar\/clientes\/wp-json\/wp\/v2\/types\/product"}],"replies":[{"embeddable":true,"href":"https:\/\/disma.ar\/clientes\/wp-json\/wp\/v2\/comments?post=16453"}],"wp:featuredmedia":[{"embeddable":true,"href":"https:\/\/disma.ar\/clientes\/wp-json\/wp\/v2\/media\/16454"}],"wp:attachment":[{"href":"https:\/\/disma.ar\/clientes\/wp-json\/wp\/v2\/media?parent=16453"}],"wp:term":[{"taxonomy":"product_brand","embeddable":true,"href":"https:\/\/disma.ar\/clientes\/wp-json\/wp\/v2\/product_brand?post=16453"},{"taxonomy":"product_cat","embeddable":true,"href":"https:\/\/disma.ar\/clientes\/wp-json\/wp\/v2\/product_cat?post=16453"},{"taxonomy":"product_tag","embeddable":true,"href":"https:\/\/disma.ar\/clientes\/wp-json\/wp\/v2\/product_tag?post=16453"}],"curies":[{"name":"wp","href":"https:\/\/api.w.org\/{rel}","templated":true}]}}