{"id":16345,"date":"2025-05-21T11:44:41","date_gmt":"2025-05-21T14:44:41","guid":{"rendered":"https:\/\/disma.ar\/clientes\/?post_type=product&#038;p=16345"},"modified":"2026-04-30T10:50:20","modified_gmt":"2026-04-30T13:50:20","slug":"soporte-holder-de-celular-para-auto-ajustable-en-rejilla-aire-rt-60d","status":"publish","type":"product","link":"https:\/\/disma.ar\/clientes\/producto\/soporte-holder-de-celular-para-auto-ajustable-en-rejilla-aire-rt-60d\/","title":{"rendered":"SOPORTE HOLDER DE CELULAR PARA AUTO AJUSTABLE EN REJILLA AIRE RT-60D"},"content":{"rendered":"<p>Soporte para Celular Parabrisas Holder para Auto<\/p>\n<ul>\n<li>Soporte universal para auto que se adapta a la mayor\u00eda de los dispositivos m\u00f3viles<\/li>\n<li>Sistema de f\u00e1cil colocaci\u00f3n en un toque. No se requieren herramientas.<\/li>\n<\/ul>\n","protected":false},"excerpt":{"rendered":"<p>Soporte para Celular Parabrisas Holder para Auto Soporte universal para auto que se adapta a la mayor\u00eda de los dispositivos m\u00f3viles Sistema de f\u00e1cil colocaci\u00f3n en un toque. No se requieren herramientas.<\/p>\n","protected":false},"featured_media":16346,"comment_status":"open","ping_status":"closed","template":"","meta":[],"product_brand":[],"product_cat":[32],"product_tag":[],"class_list":{"0":"post-16345","1":"product","2":"type-product","3":"status-publish","4":"has-post-thumbnail","6":"product_cat-soportes-gps-celulares","8":"first","9":"instock","10":"shipping-taxable","11":"purchasable","12":"product-type-simple"},"_links":{"self":[{"href":"https:\/\/disma.ar\/clientes\/wp-json\/wp\/v2\/product\/16345","targetHints":{"allow":["GET"]}}],"collection":[{"href":"https:\/\/disma.ar\/clientes\/wp-json\/wp\/v2\/product"}],"about":[{"href":"https:\/\/disma.ar\/clientes\/wp-json\/wp\/v2\/types\/product"}],"replies":[{"embeddable":true,"href":"https:\/\/disma.ar\/clientes\/wp-json\/wp\/v2\/comments?post=16345"}],"wp:featuredmedia":[{"embeddable":true,"href":"https:\/\/disma.ar\/clientes\/wp-json\/wp\/v2\/media\/16346"}],"wp:attachment":[{"href":"https:\/\/disma.ar\/clientes\/wp-json\/wp\/v2\/media?parent=16345"}],"wp:term":[{"taxonomy":"product_brand","embeddable":true,"href":"https:\/\/disma.ar\/clientes\/wp-json\/wp\/v2\/product_brand?post=16345"},{"taxonomy":"product_cat","embeddable":true,"href":"https:\/\/disma.ar\/clientes\/wp-json\/wp\/v2\/product_cat?post=16345"},{"taxonomy":"product_tag","embeddable":true,"href":"https:\/\/disma.ar\/clientes\/wp-json\/wp\/v2\/product_tag?post=16345"}],"curies":[{"name":"wp","href":"https:\/\/api.w.org\/{rel}","templated":true}]}}