{"id":16319,"date":"2025-05-16T12:27:33","date_gmt":"2025-05-16T15:27:33","guid":{"rendered":"https:\/\/disma.ar\/clientes\/?post_type=product&#038;p=16319"},"modified":"2026-02-11T13:16:07","modified_gmt":"2026-02-11T16:16:07","slug":"cable-display-port-macho-a-display-port-macho-8k-mallado-premium-1-8mts","status":"publish","type":"product","link":"https:\/\/disma.ar\/clientes\/producto\/cable-display-port-macho-a-display-port-macho-8k-mallado-premium-1-8mts\/","title":{"rendered":"CABLE DISPLAYPORT MACHO A DISPLAYPORT MACHO 8K MALLADO PREMIUM 1.8MTS"},"content":{"rendered":"<div class=\"typographyItemDetail MuiBox-root css-0\">\n<h3 class=\"MuiTypography-root MuiTypography-h3 css-m3ljwm\">Cable de Displayport a Displayport 8K &#8211; Mallado &#8211; Premium 1,8 Mts<\/h3>\n<h3 class=\"MuiTypography-root MuiTypography-h3 css-m3ljwm\"><\/h3>\n<\/div>\n<p class=\"MuiTypography-root MuiTypography-body1 typographyItemDetailDescription css-1tdd112\">Cable de Displayport a Displayport 8K &#8211; Mallado &#8211; Premium 1,8 Mts &#8211; SKYWAY &#8211; Con entrada DisplayPort y salida DisplayPort &#8211; Resolucion de 8K &#8211; Cable premium de excelente calidad mallado. &#8211; Longitud: 1.8 Mts &#8211; El cable es ideal para conectar tus dispositivos de forma f\u00e1cil y sencilla. Podr\u00e1s transferir audios y v\u00eddeos en unos pocos pasos. \u2022 Producto Nuevo en bolsa \u2022<\/p>\n","protected":false},"excerpt":{"rendered":"<p>SKYWAY<\/p>\n","protected":false},"featured_media":16320,"comment_status":"open","ping_status":"closed","template":"","meta":[],"product_brand":[],"product_cat":[510,153],"product_tag":[],"class_list":{"0":"post-16319","1":"product","2":"type-product","3":"status-publish","4":"has-post-thumbnail","6":"product_cat-top","7":"product_cat-cables-hdmi-dvi-vga-display-port","9":"first","10":"instock","11":"shipping-taxable","12":"purchasable","13":"product-type-simple"},"_links":{"self":[{"href":"https:\/\/disma.ar\/clientes\/wp-json\/wp\/v2\/product\/16319","targetHints":{"allow":["GET"]}}],"collection":[{"href":"https:\/\/disma.ar\/clientes\/wp-json\/wp\/v2\/product"}],"about":[{"href":"https:\/\/disma.ar\/clientes\/wp-json\/wp\/v2\/types\/product"}],"replies":[{"embeddable":true,"href":"https:\/\/disma.ar\/clientes\/wp-json\/wp\/v2\/comments?post=16319"}],"wp:featuredmedia":[{"embeddable":true,"href":"https:\/\/disma.ar\/clientes\/wp-json\/wp\/v2\/media\/16320"}],"wp:attachment":[{"href":"https:\/\/disma.ar\/clientes\/wp-json\/wp\/v2\/media?parent=16319"}],"wp:term":[{"taxonomy":"product_brand","embeddable":true,"href":"https:\/\/disma.ar\/clientes\/wp-json\/wp\/v2\/product_brand?post=16319"},{"taxonomy":"product_cat","embeddable":true,"href":"https:\/\/disma.ar\/clientes\/wp-json\/wp\/v2\/product_cat?post=16319"},{"taxonomy":"product_tag","embeddable":true,"href":"https:\/\/disma.ar\/clientes\/wp-json\/wp\/v2\/product_tag?post=16319"}],"curies":[{"name":"wp","href":"https:\/\/api.w.org\/{rel}","templated":true}]}}