{"id":16307,"date":"2025-05-15T16:45:36","date_gmt":"2025-05-15T19:45:36","guid":{"rendered":"https:\/\/disma.ar\/clientes\/?post_type=product&#038;p=16307"},"modified":"2026-04-30T10:50:16","modified_gmt":"2026-04-30T13:50:16","slug":"splitter-hdmi-2-en-1-full-4k-30hz-2-0-skyway","status":"publish","type":"product","link":"https:\/\/disma.ar\/clientes\/producto\/splitter-hdmi-2-en-1-full-4k-30hz-2-0-skyway\/","title":{"rendered":"SPLITTER HDMI 2 EN 1 FULL 4K 30HZ 2.0 SKYWAY BIDIRECCIONAL"},"content":{"rendered":"<div class=\"typographyItemDetail MuiBox-root css-0\">\n<h3 class=\"MuiTypography-root MuiTypography-h3 css-m3ljwm\">Convertidor Swtich Splitter HDMI 2 en 1- 4K 30Hz &#8211; 2.0 &#8211; Bidireccional<\/h3>\n<h3 class=\"MuiTypography-root MuiTypography-h3 css-m3ljwm\">SKU: 6342<\/h3>\n<h3 class=\"MuiTypography-root MuiTypography-h3 css-m3ljwm\"><\/h3>\n<\/div>\n<p class=\"MuiTypography-root MuiTypography-body1 typographyItemDetailDescription css-1tdd112\">Switch Splitter HDMI 2 en 1 &#8211; 4K 30Hz &#8211; 2.0 &#8211; Bidireccional Ampl\u00eda tus opciones de conexi\u00f3n HDMI con este pr\u00e1ctico convertidor 2 en 1 Bidireccional, podes usarlo de 2 maneras. 1 &#8211; Podes conectar 2 equipos a un monitor y con el switch variar entre ambas pantallas que transmita tu dispositivo 2- Podes conectar 2 dispositivos a una pantalla y elegir la imagen de que dispositivo queres que se vea Caracter\u00edsticas Tipo: Switch spliiter HDMI Entradas: 2 puertos HDMI Salida: 1 puerto HDMI Resoluci\u00f3n: hasta 4K a 30Hz Velocidad de datos: hasta 10.2Gbps Compatible con HDCP 1.4 Suministro de energ\u00eda a trav\u00e9s de USB &#8211; Funci\u00f3n: Transmisi\u00f3n de Imagen Peso: 50g Color: negro Dise\u00f1o compacto y ligero F\u00e1cil de instalar y utilizar Olv\u00eddate de enchufar y desenchufar cuando quieras usar otro dispositivo Es ideal para aplicaciones de presentaci\u00f3n, educaci\u00f3n, conferencias y entretenimiento. Ampliar las opciones de conexi\u00f3n de tu TV, proyector o monitor.<\/p>\n","protected":false},"excerpt":{"rendered":"<p>SKYWAY<\/p>\n","protected":false},"featured_media":16308,"comment_status":"open","ping_status":"closed","template":"","meta":[],"product_brand":[],"product_cat":[89],"product_tag":[],"class_list":{"0":"post-16307","1":"product","2":"type-product","3":"status-publish","4":"has-post-thumbnail","6":"product_cat-splitter-switch","8":"first","9":"instock","10":"shipping-taxable","11":"purchasable","12":"product-type-simple"},"_links":{"self":[{"href":"https:\/\/disma.ar\/clientes\/wp-json\/wp\/v2\/product\/16307","targetHints":{"allow":["GET"]}}],"collection":[{"href":"https:\/\/disma.ar\/clientes\/wp-json\/wp\/v2\/product"}],"about":[{"href":"https:\/\/disma.ar\/clientes\/wp-json\/wp\/v2\/types\/product"}],"replies":[{"embeddable":true,"href":"https:\/\/disma.ar\/clientes\/wp-json\/wp\/v2\/comments?post=16307"}],"wp:featuredmedia":[{"embeddable":true,"href":"https:\/\/disma.ar\/clientes\/wp-json\/wp\/v2\/media\/16308"}],"wp:attachment":[{"href":"https:\/\/disma.ar\/clientes\/wp-json\/wp\/v2\/media?parent=16307"}],"wp:term":[{"taxonomy":"product_brand","embeddable":true,"href":"https:\/\/disma.ar\/clientes\/wp-json\/wp\/v2\/product_brand?post=16307"},{"taxonomy":"product_cat","embeddable":true,"href":"https:\/\/disma.ar\/clientes\/wp-json\/wp\/v2\/product_cat?post=16307"},{"taxonomy":"product_tag","embeddable":true,"href":"https:\/\/disma.ar\/clientes\/wp-json\/wp\/v2\/product_tag?post=16307"}],"curies":[{"name":"wp","href":"https:\/\/api.w.org\/{rel}","templated":true}]}}