{"id":16288,"date":"2025-05-14T11:54:13","date_gmt":"2025-05-14T14:54:13","guid":{"rendered":"https:\/\/disma.ar\/clientes\/?post_type=product&#038;p=16288"},"modified":"2026-04-30T10:50:14","modified_gmt":"2026-04-30T13:50:14","slug":"parlante-con-2-microfono-impo-color-karaoke-sistema-de-sonido-6w-bateria","status":"publish","type":"product","link":"https:\/\/disma.ar\/clientes\/producto\/parlante-con-2-microfono-impo-color-karaoke-sistema-de-sonido-6w-bateria\/","title":{"rendered":"PARLANTE CON 2 MICROFONO (IMPO+) COLOR KARAOKE SISTEMA DE SONIDO 6W BATERIA"},"content":{"rendered":"<ul>\n<li>\n<div>\n<div>\n<p>Descripci\u00f3n:<br \/>\nLuces de colores de moda: lo \u00faltimo de Yun integra luces de colores de grado de c\u00e1mara en el sistema de sonido, creando un efecto de respiraci\u00f3n a todo color para un aspecto moderno<br \/>\nConectividad Bluetooth: Conecte f\u00e1cilmente su caja de altavoz a sus dispositivos utilizando la tecnolog\u00eda Bluetooth para una comunicaci\u00f3n inal\u00e1mbrica conveniente<br \/>\nTransmisor de micr\u00f3fono: este transmisor de micr\u00f3fono le permite amplificar f\u00e1cilmente su voz, lo que lo hace para hablar en p\u00fablico o actuaciones<br \/>\nCompacto y port\u00e1til: El compacto de esta caja de altavoz hace que sea f\u00e1cil de transportar y de usar sobre la marcha.<br \/>\nSonido mejorado: la caja del altavoz de Yun cuenta con una caja de voz que ofrece un audio n\u00edtido para una experiencia auditiva inmersiva.<br \/>\nEspecificaci\u00f3n:<br \/>\nColor: como se muestra.<br \/>\nMaterial: ABS.<\/p>\n<p>Nota:<br \/>\nPuede haber un poco de distorsi\u00f3n de color debido a las diferentes resoluciones del ordenador.<br \/>\nPuede haber un peque\u00f1o error debido a diferentes mediciones manuales.<br \/>\nEl paquete incluye<br \/>\nCable de alimentaci\u00f3n manual del micr\u00f3fono host<\/p>\n<\/div>\n<\/div>\n<\/li>\n<\/ul>\n","protected":false},"excerpt":{"rendered":"<p>Impo+21%<\/p>\n","protected":false},"featured_media":16289,"comment_status":"open","ping_status":"closed","template":"","meta":[],"product_brand":[],"product_cat":[510,78],"product_tag":[],"class_list":{"0":"post-16288","1":"product","2":"type-product","3":"status-publish","4":"has-post-thumbnail","6":"product_cat-top","7":"product_cat-parlantes-bluetooth","9":"first","10":"outofstock","11":"shipping-taxable","12":"purchasable","13":"product-type-simple"},"_links":{"self":[{"href":"https:\/\/disma.ar\/clientes\/wp-json\/wp\/v2\/product\/16288","targetHints":{"allow":["GET"]}}],"collection":[{"href":"https:\/\/disma.ar\/clientes\/wp-json\/wp\/v2\/product"}],"about":[{"href":"https:\/\/disma.ar\/clientes\/wp-json\/wp\/v2\/types\/product"}],"replies":[{"embeddable":true,"href":"https:\/\/disma.ar\/clientes\/wp-json\/wp\/v2\/comments?post=16288"}],"wp:featuredmedia":[{"embeddable":true,"href":"https:\/\/disma.ar\/clientes\/wp-json\/wp\/v2\/media\/16289"}],"wp:attachment":[{"href":"https:\/\/disma.ar\/clientes\/wp-json\/wp\/v2\/media?parent=16288"}],"wp:term":[{"taxonomy":"product_brand","embeddable":true,"href":"https:\/\/disma.ar\/clientes\/wp-json\/wp\/v2\/product_brand?post=16288"},{"taxonomy":"product_cat","embeddable":true,"href":"https:\/\/disma.ar\/clientes\/wp-json\/wp\/v2\/product_cat?post=16288"},{"taxonomy":"product_tag","embeddable":true,"href":"https:\/\/disma.ar\/clientes\/wp-json\/wp\/v2\/product_tag?post=16288"}],"curies":[{"name":"wp","href":"https:\/\/api.w.org\/{rel}","templated":true}]}}