{"id":16283,"date":"2025-05-14T11:23:43","date_gmt":"2025-05-14T14:23:43","guid":{"rendered":"https:\/\/disma.ar\/clientes\/?post_type=product&#038;p=16283"},"modified":"2026-02-11T13:15:06","modified_gmt":"2026-02-11T16:15:06","slug":"linterna-recargable-usb-luz-led-portatil-magnetica","status":"publish","type":"product","link":"https:\/\/disma.ar\/clientes\/producto\/linterna-recargable-usb-luz-led-portatil-magnetica\/","title":{"rendered":"LINTERNA RECARGABLE USB LUZ LED + COB PORTATIL MAGNETICA 600LM 60 METRO"},"content":{"rendered":"<ul class=\"ui-vpp-highlighted-specs__features-list\">\n<li class=\"ui-vpp-highlighted-specs__features-list-item ui-pdp-color--BLACK ui-pdp-size--XSMALL ui-pdp-family--REGULAR\">Color de la luz: Blanco<\/li>\n<li class=\"ui-vpp-highlighted-specs__features-list-item ui-pdp-color--BLACK ui-pdp-size--XSMALL ui-pdp-family--REGULAR\">Tipo de alimentaci\u00f3n: usb.<\/li>\n<li class=\"ui-vpp-highlighted-specs__features-list-item ui-pdp-color--BLACK ui-pdp-size--XSMALL ui-pdp-family--REGULAR\">Cantidad de modos de cambio de luz: 100.<\/li>\n<li class=\"ui-vpp-highlighted-specs__features-list-item ui-pdp-color--BLACK ui-pdp-size--XSMALL ui-pdp-family--REGULAR\">Tipo de luz: led+cob<\/li>\n<li class=\"ui-vpp-highlighted-specs__features-list-item ui-pdp-color--BLACK ui-pdp-size--XSMALL ui-pdp-family--REGULAR\">Potencia: 600lm.<\/li>\n<li class=\"ui-vpp-highlighted-specs__features-list-item ui-pdp-color--BLACK ui-pdp-size--XSMALL ui-pdp-family--REGULAR\">Alcance de proyecci\u00f3n: 60m.<\/li>\n<li class=\"ui-vpp-highlighted-specs__features-list-item ui-pdp-color--BLACK ui-pdp-size--XSMALL ui-pdp-family--REGULAR\">Es recargable.<\/li>\n<\/ul>\n<p>Caracter\u00edsticas:<br \/>\nFuente de iluminaci\u00f3n LED COB de alto brillo.<br \/>\nBajo consumo de energ\u00eda, protecci\u00f3n del medio ambiente, a prueba de golpes y duradero.<br \/>\nBase magn\u00e9tica fuerte, puede adherirse firmemente a la superficie met\u00e1lica.<br \/>\nEl exclusivo interruptor de encendido del dial tiene un ajuste de fluido variable del 0% al 100% de la salida de luz.<br \/>\nEl pedalier gira 360\u00b0y la barra de luz puede girar 180\u00b0, para proporcionar el \u00e1ngulo de iluminaci\u00f3n \u00f3ptimo.<br \/>\nBater\u00eda incorporada, puede usar el cable USB para cargar.<br \/>\nPara el medio ambiente: b\u00fasqueda, caza, transporte diario, patrulla, espeleolog\u00eda, camping, pesca nocturna, paseo nocturno.<br \/>\nEspecificaciones:<\/p>\n<p>Material: ABS<br \/>\nBombilla: 1 * tira de luz COB<br \/>\nColor de luz: Blanco<br \/>\nFuente de alimentaci\u00f3n: bater\u00eda incorporada<br \/>\nTipo de interruptor: Interruptor giratorio<br \/>\nTama\u00f1o: 37,5 cm x 3,3 cm x 2,1 cm\/14,76 pulgadas x 1,30 pulgadas x 0,83 pulgadas<br \/>\nPeso: 300g<\/p>\n<p>Lista de embalaje:<br \/>\n1 luz de trabajo LED.<br \/>\n1 cable USB.<\/p>\n","protected":false},"excerpt":{"rendered":"<p>Color de la luz: Blanco Tipo de alimentaci\u00f3n: usb. Cantidad de modos de cambio de luz: 100. Tipo de luz: led+cob Potencia: 600lm. Alcance de proyecci\u00f3n: 60m. Es recargable. Caracter\u00edsticas: Fuente de iluminaci\u00f3n LED COB de alto brillo. Bajo consumo de energ\u00eda, protecci\u00f3n del medio ambiente, a prueba de golpes y duradero. Base magn\u00e9tica fuerte, [&hellip;]<\/p>\n","protected":false},"featured_media":16284,"comment_status":"open","ping_status":"closed","template":"","meta":[],"product_brand":[],"product_cat":[254],"product_tag":[],"class_list":{"0":"post-16283","1":"product","2":"type-product","3":"status-publish","4":"has-post-thumbnail","6":"product_cat-veladores","8":"first","9":"instock","10":"shipping-taxable","11":"purchasable","12":"product-type-simple"},"_links":{"self":[{"href":"https:\/\/disma.ar\/clientes\/wp-json\/wp\/v2\/product\/16283","targetHints":{"allow":["GET"]}}],"collection":[{"href":"https:\/\/disma.ar\/clientes\/wp-json\/wp\/v2\/product"}],"about":[{"href":"https:\/\/disma.ar\/clientes\/wp-json\/wp\/v2\/types\/product"}],"replies":[{"embeddable":true,"href":"https:\/\/disma.ar\/clientes\/wp-json\/wp\/v2\/comments?post=16283"}],"wp:featuredmedia":[{"embeddable":true,"href":"https:\/\/disma.ar\/clientes\/wp-json\/wp\/v2\/media\/16284"}],"wp:attachment":[{"href":"https:\/\/disma.ar\/clientes\/wp-json\/wp\/v2\/media?parent=16283"}],"wp:term":[{"taxonomy":"product_brand","embeddable":true,"href":"https:\/\/disma.ar\/clientes\/wp-json\/wp\/v2\/product_brand?post=16283"},{"taxonomy":"product_cat","embeddable":true,"href":"https:\/\/disma.ar\/clientes\/wp-json\/wp\/v2\/product_cat?post=16283"},{"taxonomy":"product_tag","embeddable":true,"href":"https:\/\/disma.ar\/clientes\/wp-json\/wp\/v2\/product_tag?post=16283"}],"curies":[{"name":"wp","href":"https:\/\/api.w.org\/{rel}","templated":true}]}}