{"id":16172,"date":"2025-05-05T09:36:56","date_gmt":"2025-05-05T12:36:56","guid":{"rendered":"https:\/\/disma.ar\/clientes\/?post_type=product&#038;p=16172"},"modified":"2026-04-30T10:49:55","modified_gmt":"2026-04-30T13:49:55","slug":"medidor-de-temperatura-humedad-digital-htc-2","status":"publish","type":"product","link":"https:\/\/disma.ar\/clientes\/producto\/medidor-de-temperatura-humedad-digital-htc-2\/","title":{"rendered":"MEDIDOR DE TEMPERATURA HUMEDAD DIGITAL HTC-2"},"content":{"rendered":"<p>Este termohigr\u00f3metro digital es una herramienta multifuncional dise\u00f1ada para monitorear las condiciones ambientales de manera precisa y pr\u00e1ctica. Ideal para el hogar, la oficina o invernaderos, combina funciones de medici\u00f3n de temperatura, humedad y reloj en un dispositivo compacto y f\u00e1cil de usar.\u00a0Proporciona lecturas exactas de temperatura (en \u00b0C o \u00b0F) y niveles de humedad ambiental en tiempo real. Adem\u00e1s, tiene una pantalla digital LCD\u00a0amplia y clara, muestra m\u00faltiples datos simult\u00e1neamente para una consulta r\u00e1pida y sencilla.<\/p>\n","protected":false},"excerpt":{"rendered":"<p>GENERICO<\/p>\n","protected":false},"featured_media":16173,"comment_status":"open","ping_status":"closed","template":"","meta":[],"product_brand":[],"product_cat":[68],"product_tag":[],"class_list":{"0":"post-16172","1":"product","2":"type-product","3":"status-publish","4":"has-post-thumbnail","6":"product_cat-medidor-humedad","8":"first","9":"instock","10":"shipping-taxable","11":"purchasable","12":"product-type-simple"},"_links":{"self":[{"href":"https:\/\/disma.ar\/clientes\/wp-json\/wp\/v2\/product\/16172","targetHints":{"allow":["GET"]}}],"collection":[{"href":"https:\/\/disma.ar\/clientes\/wp-json\/wp\/v2\/product"}],"about":[{"href":"https:\/\/disma.ar\/clientes\/wp-json\/wp\/v2\/types\/product"}],"replies":[{"embeddable":true,"href":"https:\/\/disma.ar\/clientes\/wp-json\/wp\/v2\/comments?post=16172"}],"wp:featuredmedia":[{"embeddable":true,"href":"https:\/\/disma.ar\/clientes\/wp-json\/wp\/v2\/media\/16173"}],"wp:attachment":[{"href":"https:\/\/disma.ar\/clientes\/wp-json\/wp\/v2\/media?parent=16172"}],"wp:term":[{"taxonomy":"product_brand","embeddable":true,"href":"https:\/\/disma.ar\/clientes\/wp-json\/wp\/v2\/product_brand?post=16172"},{"taxonomy":"product_cat","embeddable":true,"href":"https:\/\/disma.ar\/clientes\/wp-json\/wp\/v2\/product_cat?post=16172"},{"taxonomy":"product_tag","embeddable":true,"href":"https:\/\/disma.ar\/clientes\/wp-json\/wp\/v2\/product_tag?post=16172"}],"curies":[{"name":"wp","href":"https:\/\/api.w.org\/{rel}","templated":true}]}}