{"id":16170,"date":"2025-05-05T09:34:42","date_gmt":"2025-05-05T12:34:42","guid":{"rendered":"https:\/\/disma.ar\/clientes\/?post_type=product&#038;p=16170"},"modified":"2026-02-11T13:15:02","modified_gmt":"2026-02-11T16:15:02","slug":"reloj-despertador-parlante-bluetooth-5-0-display-grande-radio-fm-sd-alarma-manos-libres","status":"publish","type":"product","link":"https:\/\/disma.ar\/clientes\/producto\/reloj-despertador-parlante-bluetooth-5-0-display-grande-radio-fm-sd-alarma-manos-libres\/","title":{"rendered":"RELOJ DESPERTADOR PARLANTE BLUETOOTH 5.0 DISPLAY GRANDE RADIO FM , SD, ALARMA MANOS LIBRES"},"content":{"rendered":"<p>El Reloj Despertador Multifuncional es un dispositivo inteligente dise\u00f1ado para simplificar tu rutina matutina. Este vers\u00e1til dispositivo te despierta de manera suave y gradual, permiti\u00e9ndote comenzar tu d\u00eda de manera relajada. Cuenta con un sensor de temperatura incorporado, que te permite estar al tanto de las condiciones de tu entorno. Puedes ajustar tu termostato de manera precisa o elegir tu atuendo del d\u00eda seg\u00fan la informaci\u00f3n en tiempo real.\u00a0Este reloj despertador ofrece conectividad Bluetooth y un parlante integrado. Puedes escuchar tu m\u00fasica favorita o las noticias mientras te preparas para el d\u00eda.<\/p>\n","protected":false},"excerpt":{"rendered":"<p>El Reloj Despertador Multifuncional es un dispositivo inteligente dise\u00f1ado para simplificar tu rutina matutina. Este vers\u00e1til dispositivo te despierta de manera suave y gradual, permiti\u00e9ndote comenzar tu d\u00eda de manera relajada. Cuenta con un sensor de temperatura incorporado, que te permite estar al tanto de las condiciones de tu entorno. Puedes ajustar tu termostato de [&hellip;]<\/p>\n","protected":false},"featured_media":16171,"comment_status":"open","ping_status":"closed","template":"","meta":[],"product_brand":[],"product_cat":[78,296],"product_tag":[],"class_list":{"0":"post-16170","1":"product","2":"type-product","3":"status-publish","4":"has-post-thumbnail","6":"product_cat-parlantes-bluetooth","7":"product_cat-radio-relojes","9":"first","10":"outofstock","11":"shipping-taxable","12":"purchasable","13":"product-type-simple"},"_links":{"self":[{"href":"https:\/\/disma.ar\/clientes\/wp-json\/wp\/v2\/product\/16170","targetHints":{"allow":["GET"]}}],"collection":[{"href":"https:\/\/disma.ar\/clientes\/wp-json\/wp\/v2\/product"}],"about":[{"href":"https:\/\/disma.ar\/clientes\/wp-json\/wp\/v2\/types\/product"}],"replies":[{"embeddable":true,"href":"https:\/\/disma.ar\/clientes\/wp-json\/wp\/v2\/comments?post=16170"}],"wp:featuredmedia":[{"embeddable":true,"href":"https:\/\/disma.ar\/clientes\/wp-json\/wp\/v2\/media\/16171"}],"wp:attachment":[{"href":"https:\/\/disma.ar\/clientes\/wp-json\/wp\/v2\/media?parent=16170"}],"wp:term":[{"taxonomy":"product_brand","embeddable":true,"href":"https:\/\/disma.ar\/clientes\/wp-json\/wp\/v2\/product_brand?post=16170"},{"taxonomy":"product_cat","embeddable":true,"href":"https:\/\/disma.ar\/clientes\/wp-json\/wp\/v2\/product_cat?post=16170"},{"taxonomy":"product_tag","embeddable":true,"href":"https:\/\/disma.ar\/clientes\/wp-json\/wp\/v2\/product_tag?post=16170"}],"curies":[{"name":"wp","href":"https:\/\/api.w.org\/{rel}","templated":true}]}}