{"id":16124,"date":"2025-04-29T11:08:14","date_gmt":"2025-04-29T14:08:14","guid":{"rendered":"https:\/\/disma.ar\/clientes\/?post_type=product&#038;p=16124"},"modified":"2026-02-11T13:15:08","modified_gmt":"2026-02-11T16:15:08","slug":"camara-foto-kids-nino-impresora-termica-diseno-cable-usb-tipo-c-incluye-rollo-2","status":"publish","type":"product","link":"https:\/\/disma.ar\/clientes\/producto\/camara-foto-kids-nino-impresora-termica-diseno-cable-usb-tipo-c-incluye-rollo-2\/","title":{"rendered":"CAMARA FOTO KIDS NI\u00d1O IMPRESORA TERMICA DISE\u00d1O CABLE USB TIPO C INCLUYE ROLLO"},"content":{"rendered":"<p>MINI CAMARA PARA NI\u00d1OS CON IMPRESORA<\/p>\n<p>\u00a1Revive tus momentos al instante con la C\u00e1mara de Fotos Instant\u00e1neas Impresas y crea recuerdos \u00fanicos!<br \/>\nLa C\u00e1mara de Fotos Instant\u00e1neas Impresas es perfecta para inmortalizar momentos y tenerlos impresos en tus manos al instante. Ideal para fiestas, viajes o recuerdos especiales.<br \/>\nEspecificaciones:<br \/>\n&#8211; Dimensiones de la c\u00e1mara: 10x8x4,5 cm<br \/>\n&#8211; Tama\u00f1o de Foto: 5cmx7,6cm<br \/>\n&#8211; Conectividad: puerto tipo C<br \/>\n&#8211; Almacenamiento: Compatible con tarjeta microSD<\/p>\n","protected":false},"excerpt":{"rendered":"<p>MINI CAMARA PARA NI\u00d1OS CON IMPRESORA \u00a1Revive tus momentos al instante con la C\u00e1mara de Fotos Instant\u00e1neas Impresas y crea recuerdos \u00fanicos! La C\u00e1mara de Fotos Instant\u00e1neas Impresas es perfecta para inmortalizar momentos y tenerlos impresos en tus manos al instante. Ideal para fiestas, viajes o recuerdos especiales. Especificaciones: &#8211; Dimensiones de la c\u00e1mara: 10x8x4,5 [&hellip;]<\/p>\n","protected":false},"featured_media":16125,"comment_status":"open","ping_status":"closed","template":"","meta":[],"product_brand":[],"product_cat":[350],"product_tag":[],"class_list":{"0":"post-16124","1":"product","2":"type-product","3":"status-publish","4":"has-post-thumbnail","6":"product_cat-camara-deportiva","8":"first","9":"outofstock","10":"shipping-taxable","11":"purchasable","12":"product-type-simple"},"_links":{"self":[{"href":"https:\/\/disma.ar\/clientes\/wp-json\/wp\/v2\/product\/16124","targetHints":{"allow":["GET"]}}],"collection":[{"href":"https:\/\/disma.ar\/clientes\/wp-json\/wp\/v2\/product"}],"about":[{"href":"https:\/\/disma.ar\/clientes\/wp-json\/wp\/v2\/types\/product"}],"replies":[{"embeddable":true,"href":"https:\/\/disma.ar\/clientes\/wp-json\/wp\/v2\/comments?post=16124"}],"wp:featuredmedia":[{"embeddable":true,"href":"https:\/\/disma.ar\/clientes\/wp-json\/wp\/v2\/media\/16125"}],"wp:attachment":[{"href":"https:\/\/disma.ar\/clientes\/wp-json\/wp\/v2\/media?parent=16124"}],"wp:term":[{"taxonomy":"product_brand","embeddable":true,"href":"https:\/\/disma.ar\/clientes\/wp-json\/wp\/v2\/product_brand?post=16124"},{"taxonomy":"product_cat","embeddable":true,"href":"https:\/\/disma.ar\/clientes\/wp-json\/wp\/v2\/product_cat?post=16124"},{"taxonomy":"product_tag","embeddable":true,"href":"https:\/\/disma.ar\/clientes\/wp-json\/wp\/v2\/product_tag?post=16124"}],"curies":[{"name":"wp","href":"https:\/\/api.w.org\/{rel}","templated":true}]}}