{"id":16094,"date":"2025-04-24T11:27:59","date_gmt":"2025-04-24T14:27:59","guid":{"rendered":"https:\/\/disma.ar\/clientes\/?post_type=product&#038;p=16094"},"modified":"2026-02-11T13:15:08","modified_gmt":"2026-02-11T16:15:08","slug":"teclado-mouse-usb-philips-spt6234b-serie-2000-usb-1200dpi-104keys-black","status":"publish","type":"product","link":"https:\/\/disma.ar\/clientes\/producto\/teclado-mouse-usb-philips-spt6234b-serie-2000-usb-1200dpi-104keys-black\/","title":{"rendered":"TECLADO PHILIPS GAMER MECANICO G401 USB 104KEYS MIX LIGTH"},"content":{"rendered":"<ul class=\"ui-vpp-highlighted-specs__features-list\">\n<li class=\"ui-vpp-highlighted-specs__features-list-item ui-pdp-color--BLACK ui-pdp-size--XSMALL ui-pdp-family--REGULAR\">Idioma: Ingl\u00e9s US<\/li>\n<li class=\"ui-vpp-highlighted-specs__features-list-item ui-pdp-color--BLACK ui-pdp-size--XSMALL ui-pdp-family--REGULAR\">Layout: QWERTY<\/li>\n<li class=\"ui-vpp-highlighted-specs__features-list-item ui-pdp-color--BLACK ui-pdp-size--XSMALL ui-pdp-family--REGULAR\">Color de la retroiluminaci\u00f3n: RGB<\/li>\n<li class=\"ui-vpp-highlighted-specs__features-list-item ui-pdp-color--BLACK ui-pdp-size--XSMALL ui-pdp-family--REGULAR\">Color del teclado: Negro<\/li>\n<li class=\"ui-vpp-highlighted-specs__features-list-item ui-pdp-color--BLACK ui-pdp-size--XSMALL ui-pdp-family--REGULAR\">Ergon\u00f3mico y apto para diversos usos.<\/li>\n<li class=\"ui-vpp-highlighted-specs__features-list-item ui-pdp-color--BLACK ui-pdp-size--XSMALL ui-pdp-family--REGULAR\">Resiste a salpicaduras.<\/li>\n<li class=\"ui-vpp-highlighted-specs__features-list-item ui-pdp-color--BLACK ui-pdp-size--XSMALL ui-pdp-family--REGULAR\">Contiene teclado num\u00e9rico.<\/li>\n<li class=\"ui-vpp-highlighted-specs__features-list-item ui-pdp-color--BLACK ui-pdp-size--XSMALL ui-pdp-family--REGULAR\">Funci\u00f3n antighosting incorporada.<\/li>\n<li class=\"ui-vpp-highlighted-specs__features-list-item ui-pdp-color--BLACK ui-pdp-size--XSMALL ui-pdp-family--REGULAR\">Tipo de teclado: mec\u00e1nico.<\/li>\n<li class=\"ui-vpp-highlighted-specs__features-list-item ui-pdp-color--BLACK ui-pdp-size--XSMALL ui-pdp-family--REGULAR\">Tecla cil\u00edndrica.<\/li>\n<li class=\"ui-vpp-highlighted-specs__features-list-item ui-pdp-color--BLACK ui-pdp-size--XSMALL ui-pdp-family--REGULAR\">Con conector USB.<\/li>\n<li class=\"ui-vpp-highlighted-specs__features-list-item ui-pdp-color--BLACK ui-pdp-size--XSMALL ui-pdp-family--REGULAR\">Medidas: 43.8cm de ancho, 13.2cm de alto y 3.85cm de profundidad<\/li>\n<\/ul>\n<p>Este teclado Philips de alto rendimiento permite que puedas disfrutar de horas ilimitadas de juegos. Est\u00e1 dise\u00f1ado especialmente para que puedas expresar tanto tus habilidades como tu estilo. Podr\u00e1s mejorar tu experiencia de gaming, ya seas un aficionado o todo un experto y hacer que tus jugadas alcancen otro nivel.<\/p>\n<p>Distinci\u00f3n a todo color<br \/>\nSu retroiluminaci\u00f3n le da un toque diferente a tu equipo y resalta su composici\u00f3n cuando es utilizado en espacios poco iluminados.<\/p>\n<p>Tecnolog\u00eda antighosting<br \/>\nEste dispositivo tiene teclas antighosting. Esta cualidad es indispensable si requer\u00eds de un uso intensivo del perif\u00e9rico. Gracias a esto podr\u00e1s evitar fallas al tocar varias teclas al mismo tiempo.<\/p>\n","protected":false},"excerpt":{"rendered":"<p>PHILIPS<\/p>\n","protected":false},"featured_media":16098,"comment_status":"open","ping_status":"closed","template":"","meta":[],"product_brand":[],"product_cat":[84],"product_tag":[],"class_list":{"0":"post-16094","1":"product","2":"type-product","3":"status-publish","4":"has-post-thumbnail","6":"product_cat-teclados-pc","8":"first","9":"instock","10":"shipping-taxable","11":"purchasable","12":"product-type-simple"},"_links":{"self":[{"href":"https:\/\/disma.ar\/clientes\/wp-json\/wp\/v2\/product\/16094","targetHints":{"allow":["GET"]}}],"collection":[{"href":"https:\/\/disma.ar\/clientes\/wp-json\/wp\/v2\/product"}],"about":[{"href":"https:\/\/disma.ar\/clientes\/wp-json\/wp\/v2\/types\/product"}],"replies":[{"embeddable":true,"href":"https:\/\/disma.ar\/clientes\/wp-json\/wp\/v2\/comments?post=16094"}],"wp:featuredmedia":[{"embeddable":true,"href":"https:\/\/disma.ar\/clientes\/wp-json\/wp\/v2\/media\/16098"}],"wp:attachment":[{"href":"https:\/\/disma.ar\/clientes\/wp-json\/wp\/v2\/media?parent=16094"}],"wp:term":[{"taxonomy":"product_brand","embeddable":true,"href":"https:\/\/disma.ar\/clientes\/wp-json\/wp\/v2\/product_brand?post=16094"},{"taxonomy":"product_cat","embeddable":true,"href":"https:\/\/disma.ar\/clientes\/wp-json\/wp\/v2\/product_cat?post=16094"},{"taxonomy":"product_tag","embeddable":true,"href":"https:\/\/disma.ar\/clientes\/wp-json\/wp\/v2\/product_tag?post=16094"}],"curies":[{"name":"wp","href":"https:\/\/api.w.org\/{rel}","templated":true}]}}