{"id":16013,"date":"2025-04-16T11:36:33","date_gmt":"2025-04-16T14:36:33","guid":{"rendered":"https:\/\/disma.ar\/clientes\/?post_type=product&#038;p=16013"},"modified":"2026-04-30T10:50:12","modified_gmt":"2026-04-30T13:50:12","slug":"lapiz-3d-impresora-con-pantalla-incluye-filamento","status":"publish","type":"product","link":"https:\/\/disma.ar\/clientes\/producto\/lapiz-3d-impresora-con-pantalla-incluye-filamento\/","title":{"rendered":"LAPIZ 3D IMPRESORA CON PANTALLA INCLUYE FILAMENTO"},"content":{"rendered":"<div class=\"ui-vpp-striped-specs\">\n<div class=\"ui-vpp-striped-specs__table\">\n<table class=\"andes-table\">\n<tbody class=\"andes-table__body\">\n<tr class=\"andes-table__row ui-vpp-striped-specs__row\">\n<th class=\"andes-table__header andes-table__header--left ui-vpp-striped-specs__row__column ui-vpp-striped-specs__row__column--id\" scope=\"row\">\n<div class=\"andes-table__header__container\">Marca<\/div>\n<\/th>\n<td id=\":R197lbil99gm:\" class=\"andes-table__column andes-table__column--left andes-table__column--vertical-align-center ui-vpp-striped-specs__row__column\"><span id=\":R197lbil99gm:-value\" class=\"andes-table__column--value\">3dpen-2<\/span><\/td>\n<\/tr>\n<tr class=\"andes-table__row ui-vpp-striped-specs__row\">\n<th class=\"andes-table__header andes-table__header--left ui-vpp-striped-specs__row__column ui-vpp-striped-specs__row__column--id\" scope=\"row\">\n<div class=\"andes-table__header__container\">Modelo<\/div>\n<\/th>\n<td id=\":R19blbil99gm:\" class=\"andes-table__column andes-table__column--left andes-table__column--vertical-align-center ui-vpp-striped-specs__row__column\"><span id=\":R19blbil99gm:-value\" class=\"andes-table__column--value\">DRAW YOUR DREAM<\/span><\/td>\n<\/tr>\n<tr class=\"andes-table__row ui-vpp-striped-specs__row\">\n<th class=\"andes-table__header andes-table__header--left ui-vpp-striped-specs__row__column ui-vpp-striped-specs__row__column--id\" scope=\"row\">\n<div class=\"andes-table__header__container\">Color<\/div>\n<\/th>\n<td id=\":R19flbil99gm:\" class=\"andes-table__column andes-table__column--left andes-table__column--vertical-align-center ui-vpp-striped-specs__row__column\">Varios<\/td>\n<\/tr>\n<tr class=\"andes-table__row ui-vpp-striped-specs__row\">\n<th class=\"andes-table__header andes-table__header--left ui-vpp-striped-specs__row__column ui-vpp-striped-specs__row__column--id\" scope=\"row\">\n<div class=\"andes-table__header__container\">Voltaje<\/div>\n<\/th>\n<td id=\":R19jlbil99gm:\" class=\"andes-table__column andes-table__column--left andes-table__column--vertical-align-center ui-vpp-striped-specs__row__column\"><span id=\":R19jlbil99gm:-value\" class=\"andes-table__column--value\">220V<\/span><\/td>\n<\/tr>\n<\/tbody>\n<\/table>\n<\/div>\n<\/div>\n<div class=\"ui-vpp-striped-specs\">\n<div class=\"ui-vpp-striped-specs__table\">\n<h3 class=\"ui-vpp-striped-specs__header\">Otros<\/h3>\n<table class=\"andes-table\">\n<tbody class=\"andes-table__body\">\n<tr class=\"andes-table__row ui-vpp-striped-specs__row\">\n<th class=\"andes-table__header andes-table__header--left ui-vpp-striped-specs__row__column ui-vpp-striped-specs__row__column--id\" scope=\"row\">\n<div class=\"andes-table__header__container\">Cantidad de filamentos<\/div>\n<\/th>\n<td id=\":R197mbil99gm:\" class=\"andes-table__column andes-table__column--left andes-table__column--vertical-align-center ui-vpp-striped-specs__row__column\"><span id=\":R197mbil99gm:-value\" class=\"andes-table__column--value\">1<\/span><\/td>\n<\/tr>\n<tr class=\"andes-table__row ui-vpp-striped-specs__row\">\n<th class=\"andes-table__header andes-table__header--left ui-vpp-striped-specs__row__column ui-vpp-striped-specs__row__column--id\" scope=\"row\">\n<div class=\"andes-table__header__container\">Largo del filamento<\/div>\n<\/th>\n<td id=\":R19bmbil99gm:\" class=\"andes-table__column andes-table__column--left andes-table__column--vertical-align-center ui-vpp-striped-specs__row__column\"><span id=\":R19bmbil99gm:-value\" class=\"andes-table__column--value\">9 m<\/span><\/td>\n<\/tr>\n<tr class=\"andes-table__row ui-vpp-striped-specs__row\">\n<th class=\"andes-table__header andes-table__header--left ui-vpp-striped-specs__row__column ui-vpp-striped-specs__row__column--id\" scope=\"row\">\n<div class=\"andes-table__header__container\">Con temperatura regulable<\/div>\n<\/th>\n<td id=\":R19fmbil99gm:\" class=\"andes-table__column andes-table__column--left andes-table__column--vertical-align-center ui-vpp-striped-specs__row__column\"><span id=\":R19fmbil99gm:-value\" class=\"andes-table__column--value\">S\u00ed<\/span><\/td>\n<\/tr>\n<tr class=\"andes-table__row ui-vpp-striped-specs__row\">\n<th class=\"andes-table__header andes-table__header--left ui-vpp-striped-specs__row__column ui-vpp-striped-specs__row__column--id\" scope=\"row\">\n<div class=\"andes-table__header__container\">Cantidad de velocidades<\/div>\n<\/th>\n<td id=\":R19jmbil99gm:\" class=\"andes-table__column andes-table__column--left andes-table__column--vertical-align-center ui-vpp-striped-specs__row__column\"><span id=\":R19jmbil99gm:-value\" class=\"andes-table__column--value\">1<\/span><\/td>\n<\/tr>\n<tr class=\"andes-table__row ui-vpp-striped-specs__row\">\n<th class=\"andes-table__header andes-table__header--left ui-vpp-striped-specs__row__column ui-vpp-striped-specs__row__column--id\" scope=\"row\">\n<div class=\"andes-table__header__container\">Materiales de los filamentos compatibles<\/div>\n<\/th>\n<td id=\":R19nmbil99gm:\" class=\"andes-table__column andes-table__column--left andes-table__column--vertical-align-center ui-vpp-striped-specs__row__column\"><span id=\":R19nmbil99gm:-value\" class=\"andes-table__column--value\">ABS, PLA<\/span><\/td>\n<\/tr>\n<tr class=\"andes-table__row ui-vpp-striped-specs__row\">\n<th class=\"andes-table__header andes-table__header--left ui-vpp-striped-specs__row__column ui-vpp-striped-specs__row__column--id\" scope=\"row\">\n<div class=\"andes-table__header__container\">Con pantalla<\/div>\n<\/th>\n<td id=\":R19rmbil99gm:\" class=\"andes-table__column andes-table__column--left andes-table__column--vertical-align-center ui-vpp-striped-specs__row__column\"><span id=\":R19rmbil99gm:-value\" class=\"andes-table__column--value\">S\u00ed<\/span><\/td>\n<\/tr>\n<tr class=\"andes-table__row ui-vpp-striped-specs__row\">\n<th class=\"andes-table__header andes-table__header--left ui-vpp-striped-specs__row__column ui-vpp-striped-specs__row__column--id\" scope=\"row\">\n<div class=\"andes-table__header__container\">Tipo de cargador<\/div>\n<\/th>\n<td id=\":R19vmbil99gm:\" class=\"andes-table__column andes-table__column--left andes-table__column--vertical-align-center ui-vpp-striped-specs__row__column\"><span id=\":R19vmbil99gm:-value\" class=\"andes-table__column--value\">USB<\/span><\/td>\n<\/tr>\n<\/tbody>\n<\/table>\n<\/div>\n<p>PANTALLA OLED<br \/>\nEste l\u00e1piz usa una pantalla alfanum\u00e9rica de alta calidad, superior a las pantallas LCD comunes. Con la pantalla OLED puedes ajustar la temperatura del filamento de color, haciendo su uso m\u00e1s eficaz y c\u00f3modo.<\/p>\n<p>BASE DE APOYO<br \/>\nNo corres el peligro de apoyar el l\u00e1piz en la mesa y quemar algo por error. Con la base de apoyo puedes reposar el l\u00e1piz 3D sin que nada corra riesgo.<\/p>\n<p>DISE\u00d1O ERGONOMICO<br \/>\nLos l\u00e1pices 3D comunes tienen un peso de 65g y una longitud de 184mm, permitiendo que los ni\u00f1os lo usen f\u00e1cilmente y la sensaci\u00f3n de dibujar sea m\u00e1s c\u00f3moda.<\/p>\n<p>SISTEMA CONTINUO DE DIBUJO<br \/>\nHicimos grandes avances ergon\u00f3micos y de calidad de vida en el dise\u00f1o del 3D. Haciendo doble clic en el bot\u00f3n de carga, puedes continuar dibujando sin necesidad de mantener el bot\u00f3n apretado, a diferencia de versiones anteriores donde si dejabas de apretar el bot\u00f3n, el trazo se deten\u00eda.<\/p>\n<p>DIBUJA AL AIRE LIBRE CON TU POWERBANK<br \/>\nLos l\u00e1pices 3D comunes usan fuentes adaptadoras de energ\u00eda, por lo que solo se pod\u00edan usar en casa.<\/p>\n<p>ESPECIFICACIONES<br \/>\n&#8211; Dimensiones: 6.89in x 0.67in x 0.79in (17.5cm x 1.7cm x 2cm)<br \/>\n&#8211; Color: Varios<br \/>\n&#8211; Temperatura ajustable: 130-235 grados<br \/>\n&#8211; Material de impresi\u00f3n: ABS, PLA<br \/>\n&#8211; Voltaje de operaci\u00f3n: DC 5V 2A 10W<br \/>\n&#8211; Standby inteligente: entrar\u00e1 en modo de sue\u00f1o despu\u00e9s de 2 minutos sin uso<\/p>\n<p>LA COMPRA INCLUYE<br \/>\n&#8211; 1 L\u00e1piz 3D<br \/>\n&#8211; 1 Manual<br \/>\n&#8211; Muestra de filamento<br \/>\n&#8211; Cable para conectar<\/p>\n<\/div>\n","protected":false},"excerpt":{"rendered":"<p>Marca 3dpen-2 Modelo DRAW YOUR DREAM Color Varios Voltaje 220V Otros Cantidad de filamentos 1 Largo del filamento 9 m Con temperatura regulable S\u00ed Cantidad de velocidades 1 Materiales de los filamentos compatibles ABS, PLA Con pantalla S\u00ed Tipo de cargador USB PANTALLA OLED Este l\u00e1piz usa una pantalla alfanum\u00e9rica de alta calidad, superior a [&hellip;]<\/p>\n","protected":false},"featured_media":16014,"comment_status":"open","ping_status":"closed","template":"","meta":[],"product_brand":[],"product_cat":[50],"product_tag":[],"class_list":{"0":"post-16013","1":"product","2":"type-product","3":"status-publish","4":"has-post-thumbnail","6":"product_cat-accesorios-celulares","8":"first","9":"instock","10":"shipping-taxable","11":"purchasable","12":"product-type-simple"},"_links":{"self":[{"href":"https:\/\/disma.ar\/clientes\/wp-json\/wp\/v2\/product\/16013","targetHints":{"allow":["GET"]}}],"collection":[{"href":"https:\/\/disma.ar\/clientes\/wp-json\/wp\/v2\/product"}],"about":[{"href":"https:\/\/disma.ar\/clientes\/wp-json\/wp\/v2\/types\/product"}],"replies":[{"embeddable":true,"href":"https:\/\/disma.ar\/clientes\/wp-json\/wp\/v2\/comments?post=16013"}],"wp:featuredmedia":[{"embeddable":true,"href":"https:\/\/disma.ar\/clientes\/wp-json\/wp\/v2\/media\/16014"}],"wp:attachment":[{"href":"https:\/\/disma.ar\/clientes\/wp-json\/wp\/v2\/media?parent=16013"}],"wp:term":[{"taxonomy":"product_brand","embeddable":true,"href":"https:\/\/disma.ar\/clientes\/wp-json\/wp\/v2\/product_brand?post=16013"},{"taxonomy":"product_cat","embeddable":true,"href":"https:\/\/disma.ar\/clientes\/wp-json\/wp\/v2\/product_cat?post=16013"},{"taxonomy":"product_tag","embeddable":true,"href":"https:\/\/disma.ar\/clientes\/wp-json\/wp\/v2\/product_tag?post=16013"}],"curies":[{"name":"wp","href":"https:\/\/api.w.org\/{rel}","templated":true}]}}