{"id":15949,"date":"2025-04-09T13:49:15","date_gmt":"2025-04-09T16:49:15","guid":{"rendered":"https:\/\/disma.ar\/clientes\/?post_type=product&#038;p=15949"},"modified":"2026-04-30T10:49:59","modified_gmt":"2026-04-30T13:49:59","slug":"reflector-led-con-panel-solar-control-remoto-6-cob-para-exterior-kq-d01-seisa","status":"publish","type":"product","link":"https:\/\/disma.ar\/clientes\/producto\/reflector-led-con-panel-solar-control-remoto-6-cob-para-exterior-kq-d01-seisa\/","title":{"rendered":"REFLECTOR LED CON PANEL SOLAR CONTROL REMOTO 6 COB PARA EXTERIOR KQ-D01 SEISA"},"content":{"rendered":"<p>Mini Reflector Led Con Panel Solar Kq-D01 &#8211; Sensor De Movimiento + Control Remoto Infrarrojo &#8211; 3 Funciones: Control De Luz \/ Inducci\u00f3n Del Cuerpo Humano \/ Control Remoto &#8211; El Panel Solar Policristalino Convierte La Energ\u00eda Solar En Electricidad. &#8211; La Tecnolog\u00eda De Detecci\u00f3n Lo Hace M\u00e1s Eficiente En Energ\u00eda, Se Enciende Cuando Se Detecta Movimiento, Se Aten\u00faa Cuando No Se Detecta Movimiento. &#8211; Los Paneles Solares Convierten La Energ\u00eda Solar En Electricidad. &#8211; F\u00e1cil Instalaci\u00f3n, Operaci\u00f3n Confiable Sin Mantenimiento Sin Necesidad De Cableado. &#8211; Encienda El Interruptor Antes De La Instalaci\u00f3n O La Carga.<\/p>\n","protected":false},"excerpt":{"rendered":"<p>SEISA<\/p>\n","protected":false},"featured_media":15950,"comment_status":"open","ping_status":"closed","template":"","meta":[],"product_brand":[],"product_cat":[244],"product_tag":[],"class_list":{"0":"post-15949","1":"product","2":"type-product","3":"status-publish","4":"has-post-thumbnail","6":"product_cat-lampara-solar-recargable","8":"first","9":"instock","10":"shipping-taxable","11":"purchasable","12":"product-type-simple"},"_links":{"self":[{"href":"https:\/\/disma.ar\/clientes\/wp-json\/wp\/v2\/product\/15949","targetHints":{"allow":["GET"]}}],"collection":[{"href":"https:\/\/disma.ar\/clientes\/wp-json\/wp\/v2\/product"}],"about":[{"href":"https:\/\/disma.ar\/clientes\/wp-json\/wp\/v2\/types\/product"}],"replies":[{"embeddable":true,"href":"https:\/\/disma.ar\/clientes\/wp-json\/wp\/v2\/comments?post=15949"}],"wp:featuredmedia":[{"embeddable":true,"href":"https:\/\/disma.ar\/clientes\/wp-json\/wp\/v2\/media\/15950"}],"wp:attachment":[{"href":"https:\/\/disma.ar\/clientes\/wp-json\/wp\/v2\/media?parent=15949"}],"wp:term":[{"taxonomy":"product_brand","embeddable":true,"href":"https:\/\/disma.ar\/clientes\/wp-json\/wp\/v2\/product_brand?post=15949"},{"taxonomy":"product_cat","embeddable":true,"href":"https:\/\/disma.ar\/clientes\/wp-json\/wp\/v2\/product_cat?post=15949"},{"taxonomy":"product_tag","embeddable":true,"href":"https:\/\/disma.ar\/clientes\/wp-json\/wp\/v2\/product_tag?post=15949"}],"curies":[{"name":"wp","href":"https:\/\/api.w.org\/{rel}","templated":true}]}}