{"id":15939,"date":"2025-04-09T13:28:57","date_gmt":"2025-04-09T16:28:57","guid":{"rendered":"https:\/\/disma.ar\/clientes\/?post_type=product&#038;p=15939"},"modified":"2026-04-30T10:49:56","modified_gmt":"2026-04-30T13:49:56","slug":"aromatizador-humidificador-difusor-ultrasonico-huevo-sin-filtro-200ml-con-control-remoto","status":"publish","type":"product","link":"https:\/\/disma.ar\/clientes\/producto\/aromatizador-humidificador-difusor-ultrasonico-huevo-sin-filtro-200ml-con-control-remoto\/","title":{"rendered":"AROMATIZADOR HUMIDIFICADOR DIFUSOR ULTRASONICO HUEVO SIN FILTRO 200ML CON CONTROL REMOTO"},"content":{"rendered":"<ul>\n<li>Apagado autom\u00e1tico: este humidificador de escritorio admite la funci\u00f3n de apagado autom\u00e1tico cuando el agua alcanza el nivel m\u00e1s bajo<\/li>\n<li>LED colorido: este difusor de aromaterapia est\u00e1 dise\u00f1ado con luces LED de colores para crear un ambiente c\u00e1lido y confortable<\/li>\n<li>Ultra silencioso: este aceite esencial El difusor es ultra silencioso, inferior a 35 dB, simplemente duerma por la noche<\/li>\n<\/ul>\n","protected":false},"excerpt":{"rendered":"<p>Apagado autom\u00e1tico: este humidificador de escritorio admite la funci\u00f3n de apagado autom\u00e1tico cuando el agua alcanza el nivel m\u00e1s bajo LED colorido: este difusor de aromaterapia est\u00e1 dise\u00f1ado con luces LED de colores para crear un ambiente c\u00e1lido y confortable Ultra silencioso: este aceite esencial El difusor es ultra silencioso, inferior a 35 dB, simplemente [&hellip;]<\/p>\n","protected":false},"featured_media":15941,"comment_status":"open","ping_status":"closed","template":"","meta":[],"product_brand":[],"product_cat":[360],"product_tag":[],"class_list":{"0":"post-15939","1":"product","2":"type-product","3":"status-publish","4":"has-post-thumbnail","6":"product_cat-electro-y-bazar","8":"first","9":"instock","10":"shipping-taxable","11":"purchasable","12":"product-type-simple"},"_links":{"self":[{"href":"https:\/\/disma.ar\/clientes\/wp-json\/wp\/v2\/product\/15939","targetHints":{"allow":["GET"]}}],"collection":[{"href":"https:\/\/disma.ar\/clientes\/wp-json\/wp\/v2\/product"}],"about":[{"href":"https:\/\/disma.ar\/clientes\/wp-json\/wp\/v2\/types\/product"}],"replies":[{"embeddable":true,"href":"https:\/\/disma.ar\/clientes\/wp-json\/wp\/v2\/comments?post=15939"}],"wp:featuredmedia":[{"embeddable":true,"href":"https:\/\/disma.ar\/clientes\/wp-json\/wp\/v2\/media\/15941"}],"wp:attachment":[{"href":"https:\/\/disma.ar\/clientes\/wp-json\/wp\/v2\/media?parent=15939"}],"wp:term":[{"taxonomy":"product_brand","embeddable":true,"href":"https:\/\/disma.ar\/clientes\/wp-json\/wp\/v2\/product_brand?post=15939"},{"taxonomy":"product_cat","embeddable":true,"href":"https:\/\/disma.ar\/clientes\/wp-json\/wp\/v2\/product_cat?post=15939"},{"taxonomy":"product_tag","embeddable":true,"href":"https:\/\/disma.ar\/clientes\/wp-json\/wp\/v2\/product_tag?post=15939"}],"curies":[{"name":"wp","href":"https:\/\/api.w.org\/{rel}","templated":true}]}}