{"id":15777,"date":"2025-03-18T16:07:15","date_gmt":"2025-03-18T19:07:15","guid":{"rendered":"https:\/\/disma.ar\/clientes\/?post_type=product&#038;p=15777"},"modified":"2026-04-30T10:49:25","modified_gmt":"2026-04-30T13:49:25","slug":"tripode-mesa-gorila-flexible-18cm-con-remoto-shutter-bluetooth-y-soporte-celular-skyway3487","status":"publish","type":"product","link":"https:\/\/disma.ar\/clientes\/producto\/tripode-mesa-gorila-flexible-18cm-con-remoto-shutter-bluetooth-y-soporte-celular-skyway3487\/","title":{"rendered":"TRIPODE MESA GORILA FLEXIBLE 18CM CON REMOTO SHUTTER BLUETOOTH Y SOPORTE CELULAR SKYWAY\t3487"},"content":{"rendered":"<p>TR\u00cdPODE CON SOPORTE PARA CELULAR + DISPARADOR SHUTTER BLUETOOTH &#8211; TR7 SKYWAY &#8211; GM-3487 Mini tr\u00edpode flexible y articulado para c\u00e1maras o celulares con adaptador universal incluido capaz de girar 360\u00b0. Permite nivelar la c\u00e1mara en superficies irregulares. CARACTER\u00cdSTICAS: &#8211; TR\u00cdPODE: Color Negro &#8211; Materiales: PVC alta calidad &#8211; Altura: 18 &#8211; M\u00e1ximo peso soportado: 500gr. aprox. &#8211; Peso: 58 gr. &#8211; Di\u00e1metro de rosca:\u00bc de pulgada &#8211; Cuenta con patas revestidas con puntas de goma para evitar deslizamientos. \u2022 SOPORTE: &#8211; Color:Negro &#8211; Materiales:Acero inoxidable y PVC &#8211; Apertura m\u00ednima: 5.5cm. &#8211; Apertura m\u00e1xima: 9 cm. &#8211; Peso:22 gr. &#8211; Di\u00e1metro de rosca:\u00bc de pulgada \u2022 SHUTTER &#8211; Disparador Bluetooth para Tel\u00e9fono, Temporizador para iPhone, &#8211; Dispositivo Android; Disparador a Control Remoto Inal\u00e1mbrico &#8211; (SE ENTREGA SIN PILAS) ESTE PRODUCTO INCLUYE EL SOPORTE PARA CELULAR y SHUTTER BLUETOOTH para selfies!<\/p>\n","protected":false},"excerpt":{"rendered":"<p>SKYWAY<\/p>\n","protected":false},"featured_media":15778,"comment_status":"open","ping_status":"closed","template":"","meta":[],"product_brand":[],"product_cat":[334],"product_tag":[],"class_list":{"0":"post-15777","1":"product","2":"type-product","3":"status-publish","4":"has-post-thumbnail","6":"product_cat-tripodes-monopies","8":"first","9":"instock","10":"shipping-taxable","11":"purchasable","12":"product-type-simple"},"_links":{"self":[{"href":"https:\/\/disma.ar\/clientes\/wp-json\/wp\/v2\/product\/15777","targetHints":{"allow":["GET"]}}],"collection":[{"href":"https:\/\/disma.ar\/clientes\/wp-json\/wp\/v2\/product"}],"about":[{"href":"https:\/\/disma.ar\/clientes\/wp-json\/wp\/v2\/types\/product"}],"replies":[{"embeddable":true,"href":"https:\/\/disma.ar\/clientes\/wp-json\/wp\/v2\/comments?post=15777"}],"wp:featuredmedia":[{"embeddable":true,"href":"https:\/\/disma.ar\/clientes\/wp-json\/wp\/v2\/media\/15778"}],"wp:attachment":[{"href":"https:\/\/disma.ar\/clientes\/wp-json\/wp\/v2\/media?parent=15777"}],"wp:term":[{"taxonomy":"product_brand","embeddable":true,"href":"https:\/\/disma.ar\/clientes\/wp-json\/wp\/v2\/product_brand?post=15777"},{"taxonomy":"product_cat","embeddable":true,"href":"https:\/\/disma.ar\/clientes\/wp-json\/wp\/v2\/product_cat?post=15777"},{"taxonomy":"product_tag","embeddable":true,"href":"https:\/\/disma.ar\/clientes\/wp-json\/wp\/v2\/product_tag?post=15777"}],"curies":[{"name":"wp","href":"https:\/\/api.w.org\/{rel}","templated":true}]}}