{"id":15753,"date":"2025-12-29T13:24:33","date_gmt":"2025-12-29T16:24:33","guid":{"rendered":"https:\/\/disma.ar\/clientes\/?post_type=product&#038;p=15753"},"modified":"2026-02-11T13:17:04","modified_gmt":"2026-02-11T16:17:04","slug":"contadora-mini-de-billetes-portatil-ibek-cob-241004","status":"publish","type":"product","link":"https:\/\/disma.ar\/clientes\/producto\/contadora-mini-de-billetes-portatil-ibek-cob-241004\/","title":{"rendered":"***    OFERTA    ***  CONTADORA MINI DE BILLETES PORTATIL IBEK COB-241004"},"content":{"rendered":"<p>Mini contador de dinero port\u00e1til solo con funci\u00f3n de conteo, y con dise\u00f1o compacto, f\u00e1cil de usar y transportar. Viene con estuche de transporte<\/p>\n<p>Esta m\u00e1quina de contar dinero es adecuada para la mayor\u00eda de las monedas de papel en el mundo. Es una gran herramienta para contar poco. Esta m\u00e1quina de contar dinero cuenta solo la cantidad de billetes, no la suma de dinero.<\/p>\n<p>El conteo de dinero es fluido, sin tartamudeos, sin dinero volador, conteo r\u00e1pido de dinero Fuente de alimentaci\u00f3n dual: funciona con bater\u00eda o adaptador AA de 4 piezas?La bater\u00eda no est\u00e1 incluida)<\/p>\n<p>Pantalla LED, hace que sea f\u00e1cil y claro ver los d\u00edgitos.<\/p>\n<p>Tenga en cuenta: solo la funci\u00f3n de conteo de billetes, no la verificaci\u00f3n de billetes<\/p>\n<p>Especificaciones:<\/p>\n<p>Pantalla: 3 digitales (999 m\u00e1x.)<\/p>\n<p>Velocidad de conteo: alrededor de 600 facturas por minuto<\/p>\n<p>Cantidad de pila contable: alrededor de 100 billetes<\/p>\n<p>Fuente de alimentaci\u00f3n: 100-240V- 50\/60Hz AC\/DC<br \/>\nAdaptorOR 4 x pilas AA (no incluidas)<\/p>\n<p>Consumo de energ\u00eda: 2W<\/p>\n<p>Dimensiones: 190x102x75mm\/7,48x4x2,95 pulgadas (largo x ancho x Alto)<\/p>\n<p>Peso neto: 0,4 kg\/0,88 LB<\/p>\n<p>Color: Gris<\/p>\n<p>El paquete incluye<\/p>\n<p>1 x Contador de moneda<\/p>\n<p>1 x adaptador<\/p>\n<p>1 x Funda de cuero<\/p>\n<p>1 x Manual de usuario (Ingl\u00e9s)<\/p>\n","protected":false},"excerpt":{"rendered":"<p>IBEK<\/p>\n","protected":false},"featured_media":15754,"comment_status":"open","ping_status":"closed","template":"","meta":[],"product_brand":[],"product_cat":[394,274],"product_tag":[],"class_list":{"0":"post-15753","1":"product","2":"type-product","3":"status-publish","4":"has-post-thumbnail","6":"product_cat-caja-de-sorpresas","7":"product_cat-contador-de-billetes","9":"first","10":"outofstock","11":"shipping-taxable","12":"purchasable","13":"product-type-simple"},"_links":{"self":[{"href":"https:\/\/disma.ar\/clientes\/wp-json\/wp\/v2\/product\/15753","targetHints":{"allow":["GET"]}}],"collection":[{"href":"https:\/\/disma.ar\/clientes\/wp-json\/wp\/v2\/product"}],"about":[{"href":"https:\/\/disma.ar\/clientes\/wp-json\/wp\/v2\/types\/product"}],"replies":[{"embeddable":true,"href":"https:\/\/disma.ar\/clientes\/wp-json\/wp\/v2\/comments?post=15753"}],"wp:featuredmedia":[{"embeddable":true,"href":"https:\/\/disma.ar\/clientes\/wp-json\/wp\/v2\/media\/15754"}],"wp:attachment":[{"href":"https:\/\/disma.ar\/clientes\/wp-json\/wp\/v2\/media?parent=15753"}],"wp:term":[{"taxonomy":"product_brand","embeddable":true,"href":"https:\/\/disma.ar\/clientes\/wp-json\/wp\/v2\/product_brand?post=15753"},{"taxonomy":"product_cat","embeddable":true,"href":"https:\/\/disma.ar\/clientes\/wp-json\/wp\/v2\/product_cat?post=15753"},{"taxonomy":"product_tag","embeddable":true,"href":"https:\/\/disma.ar\/clientes\/wp-json\/wp\/v2\/product_tag?post=15753"}],"curies":[{"name":"wp","href":"https:\/\/api.w.org\/{rel}","templated":true}]}}