{"id":15750,"date":"2025-12-29T15:20:39","date_gmt":"2025-12-29T18:20:39","guid":{"rendered":"https:\/\/disma.ar\/clientes\/?post_type=product&#038;p=15750"},"modified":"2026-02-11T13:17:04","modified_gmt":"2026-02-11T16:17:04","slug":"contadora-de-billetes-ibek-cob-241001-pantalla-extra","status":"publish","type":"product","link":"https:\/\/disma.ar\/clientes\/producto\/contadora-de-billetes-ibek-cob-241001-pantalla-extra\/","title":{"rendered":"***    OFERTA    *** CONTADORA DE BILLETES IBEK COB-241001 PANTALLA EXTRA"},"content":{"rendered":"<h5 class=\"mb-4\">Descripci\u00f3n<\/h5>\n<div class=\"user-content font-small mb-4\">\n<p><strong>Contadora de Billetes IBEK<\/strong><\/p>\n<p>Organice su negocio con la\u00a0<strong>Contadora de Billetes IBEK<\/strong>, la soluci\u00f3n perfecta para el manejo eficiente de efectivo. Este dispositivo de alta precisi\u00f3n es ideal para cualquier establecimiento, desde tiendas minoristas hasta bancos.<\/p>\n<p><strong>R\u00e1pido y Preciso<\/strong>: La contadora opera de manera veloz, permitiendo contar grandes cantidades de billetes en cuesti\u00f3n de minutos, garantizando precisi\u00f3n en cada operaci\u00f3n.<\/p>\n<p><strong>Dise\u00f1o Elegante<\/strong>: Su estructura moderna y compacta se adapta a cualquier espacio, brindando no solo funcionalidad, sino tambi\u00e9n un toque de sofisticaci\u00f3n.<\/p>\n<p><strong>F\u00e1cil Mantenimiento<\/strong>: Con un sistema de limpieza accesible, asegura un rendimiento \u00f3ptimo y duradero.<\/p>\n<p><strong>Versatilidad<\/strong>: Compatible con diferentes denominaciones, haciendo que su uso sea pr\u00e1ctico en m\u00faltiples contextos.<\/p>\n<p>No deje el manejo de su efectivo al azar. Adquiera la\u00a0<strong>Contadora de Billetes IBEK<\/strong>\u00a0y experimente la tranquilidad de una administraci\u00f3n precisa y eficiente.<\/p>\n<p>Caracter\u00edsticas:<br \/>\nConteo autom\u00e1tico<br \/>\nConteo predeterminado<br \/>\nAgregar conteo<br \/>\nVerificaci\u00f3n de billetes rotos<br \/>\nVerificaci\u00f3n de billetes dobles<br \/>\nVerificaci\u00f3n autom\u00e1tica de la unidad<br \/>\nCero autom\u00e1tico<br \/>\nAlarma de falsificaci\u00f3n<br \/>\nDetecci\u00f3n de UV<br \/>\nDetecci\u00f3n de MG<\/p>\n<p>Especificaciones:<br \/>\nPeso neto: 5.7kg<br \/>\nConsumo: 80w<br \/>\nDimensiones: 285mm x 245mm x 170 mm<br \/>\nVoltaje 220v 50hz<br \/>\nCapacidad de carrete 130 u<\/p>\n<\/div>\n","protected":false},"excerpt":{"rendered":"<p>IBEK<\/p>\n","protected":false},"featured_media":15751,"comment_status":"open","ping_status":"closed","template":"","meta":[],"product_brand":[],"product_cat":[394,274],"product_tag":[],"class_list":{"0":"post-15750","1":"product","2":"type-product","3":"status-publish","4":"has-post-thumbnail","6":"product_cat-caja-de-sorpresas","7":"product_cat-contador-de-billetes","9":"first","10":"instock","11":"shipping-taxable","12":"purchasable","13":"product-type-simple"},"_links":{"self":[{"href":"https:\/\/disma.ar\/clientes\/wp-json\/wp\/v2\/product\/15750","targetHints":{"allow":["GET"]}}],"collection":[{"href":"https:\/\/disma.ar\/clientes\/wp-json\/wp\/v2\/product"}],"about":[{"href":"https:\/\/disma.ar\/clientes\/wp-json\/wp\/v2\/types\/product"}],"replies":[{"embeddable":true,"href":"https:\/\/disma.ar\/clientes\/wp-json\/wp\/v2\/comments?post=15750"}],"wp:featuredmedia":[{"embeddable":true,"href":"https:\/\/disma.ar\/clientes\/wp-json\/wp\/v2\/media\/15751"}],"wp:attachment":[{"href":"https:\/\/disma.ar\/clientes\/wp-json\/wp\/v2\/media?parent=15750"}],"wp:term":[{"taxonomy":"product_brand","embeddable":true,"href":"https:\/\/disma.ar\/clientes\/wp-json\/wp\/v2\/product_brand?post=15750"},{"taxonomy":"product_cat","embeddable":true,"href":"https:\/\/disma.ar\/clientes\/wp-json\/wp\/v2\/product_cat?post=15750"},{"taxonomy":"product_tag","embeddable":true,"href":"https:\/\/disma.ar\/clientes\/wp-json\/wp\/v2\/product_tag?post=15750"}],"curies":[{"name":"wp","href":"https:\/\/api.w.org\/{rel}","templated":true}]}}