{"id":15636,"date":"2025-03-06T16:42:43","date_gmt":"2025-03-06T19:42:43","guid":{"rendered":"https:\/\/disma.ar\/clientes\/?post_type=product&#038;p=15636"},"modified":"2026-04-30T10:48:47","modified_gmt":"2026-04-30T13:48:47","slug":"camara-para-auto-dvr-full-hd-1080p-vision-trasera-espejo-grabadora","status":"publish","type":"product","link":"https:\/\/disma.ar\/clientes\/producto\/camara-para-auto-dvr-full-hd-1080p-vision-trasera-espejo-grabadora\/","title":{"rendered":"CAMARA PARA AUTO DVR FULL HD 1080P VISION TRASERA ESPEJO GRABADORA"},"content":{"rendered":"<p>WiFi Car DVR Pantalla de 4,0 pulgadas Full HD 1080P Lente dual Vista trasera Dash Cam C\u00e1mara para veh\u00edculo Grabadora de video Monitor de estacionamiento Detector de movimiento autom\u00e1tico Videoc\u00e1mara para autom\u00f3vil Rastreador GPS<\/p>\n<p>Especificaciones<br \/>\n1.Pantalla: Pantalla HD de 4,0 pulgadas.<br \/>\n2.Lente: lente gran angular de alta resoluci\u00f3n de 170 grados.<br \/>\n3.Resoluci\u00f3n: 1920 * 1080 (30 fps\/s).<br \/>\n4.P\u00edxeles: 500 mega.<br \/>\n5.Formato de v\u00eddeo: AVI.<br \/>\n6.Formato de foto: JPEG.<br \/>\n7.Idiomas de visualizaci\u00f3n: japon\u00e9s, ingl\u00e9s, coreano, ruso.<br \/>\n8.Sensor G: 3 ejes integrados (guardado de emergencia, no se eliminar\u00e1).<br \/>\n9.Grabaci\u00f3n en bucle: grabaci\u00f3n en bucle sin interrupciones, no te pierdas un segundo.<br \/>\n10.Encendido\/apagado autom\u00e1tico: Soporte.<br \/>\n11.Detecci\u00f3n de movimiento: Soporte.<br \/>\n12.Sincronizaci\u00f3n de tiempo: soporte.<br \/>\n13.Visi\u00f3n nocturna: Soporte.<br \/>\n14.Tarjeta de memoria: tarjeta TF.<br \/>\n15.Micr\u00f3fono: Integrado.<br \/>\n16.Est\u00e9reo incorporado: Soporte.<br \/>\n17.Interfaz: AV-OUT\/USB.<br \/>\n18.Voltaje: 5V.<\/p>\n","protected":false},"excerpt":{"rendered":"<p>WiFi Car DVR Pantalla de 4,0 pulgadas Full HD 1080P Lente dual Vista trasera Dash Cam C\u00e1mara para veh\u00edculo Grabadora de video Monitor de estacionamiento Detector de movimiento autom\u00e1tico Videoc\u00e1mara para autom\u00f3vil Rastreador GPS Especificaciones 1.Pantalla: Pantalla HD de 4,0 pulgadas. 2.Lente: lente gran angular de alta resoluci\u00f3n de 170 grados. 3.Resoluci\u00f3n: 1920 * 1080 [&hellip;]<\/p>\n","protected":false},"featured_media":15637,"comment_status":"open","ping_status":"closed","template":"","meta":[],"product_brand":[],"product_cat":[100],"product_tag":[],"class_list":{"0":"post-15636","1":"product","2":"type-product","3":"status-publish","4":"has-post-thumbnail","6":"product_cat-camara-dvr","8":"first","9":"instock","10":"shipping-taxable","11":"purchasable","12":"product-type-simple"},"_links":{"self":[{"href":"https:\/\/disma.ar\/clientes\/wp-json\/wp\/v2\/product\/15636","targetHints":{"allow":["GET"]}}],"collection":[{"href":"https:\/\/disma.ar\/clientes\/wp-json\/wp\/v2\/product"}],"about":[{"href":"https:\/\/disma.ar\/clientes\/wp-json\/wp\/v2\/types\/product"}],"replies":[{"embeddable":true,"href":"https:\/\/disma.ar\/clientes\/wp-json\/wp\/v2\/comments?post=15636"}],"wp:featuredmedia":[{"embeddable":true,"href":"https:\/\/disma.ar\/clientes\/wp-json\/wp\/v2\/media\/15637"}],"wp:attachment":[{"href":"https:\/\/disma.ar\/clientes\/wp-json\/wp\/v2\/media?parent=15636"}],"wp:term":[{"taxonomy":"product_brand","embeddable":true,"href":"https:\/\/disma.ar\/clientes\/wp-json\/wp\/v2\/product_brand?post=15636"},{"taxonomy":"product_cat","embeddable":true,"href":"https:\/\/disma.ar\/clientes\/wp-json\/wp\/v2\/product_cat?post=15636"},{"taxonomy":"product_tag","embeddable":true,"href":"https:\/\/disma.ar\/clientes\/wp-json\/wp\/v2\/product_tag?post=15636"}],"curies":[{"name":"wp","href":"https:\/\/api.w.org\/{rel}","templated":true}]}}